{"id":69,"date":"2023-10-16T20:11:50","date_gmt":"2023-10-16T18:11:50","guid":{"rendered":"https:\/\/slotcarspneu.eu\/?post_type=product&#038;p=69"},"modified":"2026-02-03T10:34:17","modified_gmt":"2026-02-03T09:34:17","slug":"sada-pneumatik-89711","status":"publish","type":"product","link":"https:\/\/slotcarspneu.eu\/en\/product\/sada-pneumatik-89711\/","title":{"rendered":"Vzor 89711 - Ferrari 575, Chevrolet Corvette C6\/C6R"},"content":{"rendered":"<p>Pneumatiky pro auta na autodr\u00e1hu Carrera Digital 132\/ Carrera Evolution.<\/p>\n<p>Pneumatiky jsou k dispozici ve variant\u00e1ch Premium (z\u00e1kladn\u00ed proveden\u00ed pneumatiky s rozm\u011bry kompatibiln\u00edmi s origin\u00e1ln\u00edmi pneumatikami Carrera), Exclusiv s kvalitn\u011bj\u0161\u00ed povrchovou \u00fapravou a pro n\u011bkter\u00e1 auta Tuning (povrchov\u00e1 \u00faprava jako Exclusiv, zmen\u0161en\u00fd pr\u016fm\u011br zadn\u00edch pneumatik zvy\u0161uje p\u0159\u00edtlak magnet\u016f, auta v\u00fdrazn\u011b l\u00e9pe dr\u017e\u00ed v zat\u00e1\u010dk\u00e1ch).<\/p>\n<p>D\u00edky pou\u017eit\u00e9mu vysokopevnostn\u00edmu silikonu dosahuj\u00ed vozy s pneumatikami Premium a Exclusiv asi o 30% lep\u0161\u00edch \u010das\u016f, ne\u017e s origin\u00e1ln\u00edmi pneumatikami. Tak\u00e9 zhor\u0161ov\u00e1n\u00ed j\u00edzdn\u00edch vlastnost\u00ed vlivem \u010dasu (tvrdnut\u00ed, okor\u00e1v\u00e1n\u00ed pneumatik) prob\u00edh\u00e1 v\u00fdrazn\u011b pomaleji, pneu v\u00e1m bezpe\u010dn\u011b vydr\u017e\u00ed n\u011bkolik sezon.<\/p>\n<p>Katalogov\u00e9 \u010d\u00edslo pneumatik: 89711<\/p>\n<p>Kompatibiln\u00ed pro auta Carrera Evolution:<br \/>\n25725 Ferrari 575 GTC Presentation Car<br \/>\n25726 Ferrari 575 GTC JMB-Racing Estoril 2003<br \/>\n25752 Ferrari 575 GTC JMB Racing Monza 2004<br \/>\n25753 Ferrari 575 GTC G.P.C Giesse Squadra Corse Monza 2004<br \/>\n25771 Ferrari 575 GTC, G.P.C. Giesse Squadra Corse Spa 24h 2004<br \/>\n25772 Ferrari 575 GTC Barron Connor Racing LM 2004<br \/>\n27123 Ferrari 575 GTC, G.P.C. Giesse Squadra Corse, Mil Milhas 2006<br \/>\n27136 Chevrolet\u00ae Corvette\u00ae C6R\u2122, Sebring 2005<br \/>\n27142 Chevrolet\u00ae Corvette\u00ae C6, Streetversion<br \/>\n27181 Chevrolet\u00ae Corvette\u00ae C6R\u2122 PSI Experience,late 2006<br \/>\n27373 Chevrolet Corvette C6R Luc Alphand Aventures &#8220;No.72&#8221;, Le Mans 2010<br \/>\n27456 Chevrolet Corvette C6R &#8220;No.8, GT Open 2013&#8221;<\/p>\n<p>Kompatibiln\u00ed auta Carrera Digital 132:<br \/>\n30280 Ferrari 575 GTC, G.P.C. Giesse Squadra Corse, Mil Milhas 2006<br \/>\n30281 Ferrari 575 GTC, G.P.C. Giesse Squadra Corse 2005<br \/>\n30288 Chevrolet\u00ae Corvette\u00ae C6R\u2122, Sebring 12h 2005<br \/>\n30529 Chevrolet\u00ae Corvette\u00ae C6R\u2122Testcar 2008<br \/>\n30580 Chevrolet Corvette C6R Luc Alphand Aventures &#8220;No.72&#8221; , Le Mans 2010<br \/>\n30581 Chevrolet Corvette C6R Corvette Racing &#8220;No.3&#8221;, 2007<br \/>\n30679 Chevrolet\u00ae Corvette\u00ae C6R &#8220;No.8, GT Open 2013&#8221;<\/p>\n","protected":false},"excerpt":{"rendered":"<p>Pneumatiky pro auta na autodr\u00e1hu Carrera Digital 132\/ Carrera Evolution. Pneumatiky jsou k dispozici ve variant\u00e1ch Premium (z\u00e1kladn\u00ed proveden\u00ed pneumatiky s rozm\u011bry kompatibiln\u00edmi s origin\u00e1ln\u00edmi pneumatikami Carrera), Exclusiv s kvalitn\u011bj\u0161\u00ed povrchovou \u00fapravou a pro n\u011bkter\u00e1 auta Tuning (povrchov\u00e1 \u00faprava jako Exclusiv, zmen\u0161en\u00fd pr\u016fm\u011br zadn\u00edch pneumatik zvy\u0161uje p\u0159\u00edtlak magnet\u016f, auta v\u00fdrazn\u011b l\u00e9pe dr\u017e\u00ed v zat\u00e1\u010dk\u00e1ch). D\u00edky &hellip;<\/p>\n<p class=\"read-more\"> <a class=\" thunk-readmore button \" href=\"https:\/\/slotcarspneu.eu\/en\/product\/sada-pneumatik-89711\/\"> <span class=\"screen-reader-text\">Vzor 89711 &#8211; Ferrari 575, Chevrolet Corvette C6\/C6R<\/span>Read More<\/a><\/p>\n","protected":false},"featured_media":74,"comment_status":"open","ping_status":"closed","template":"","meta":[],"product_brand":[],"product_cat":[27,28],"product_tag":[33,25,34,35],"class_list":{"0":"post-69","1":"product","2":"type-product","3":"status-publish","4":"has-post-thumbnail","6":"product_cat-carrera-digital-132","7":"product_cat-carrera-evolution","8":"product_tag-33","9":"product_tag-carrera","10":"product_tag-chevrolet-corvette","11":"product_tag-ferrari-575","12":"thunk-woo-product-list","13":"opn-qv-enable","14":"open-woo-hover-zoom","15":"open-single-product-tab-horizontal","16":"open-shadow-","17":"open-shadow-hover-","19":"first","20":"instock","21":"shipping-taxable","22":"purchasable","23":"product-type-variable","24":"has-default-attributes"},"yoast_head":"<!-- This site is optimized with the Yoast SEO plugin v27.0 - https:\/\/yoast.com\/product\/yoast-seo-wordpress\/ -->\n<title>Vzor 89711 - Ferrari 575, Chevrolet Corvette C6\/C6R<\/title>\n<meta name=\"description\" content=\"Pneumatiky pro auta na autodr\u00e1hu Carrera Digital 132\/ Carrera Evolution. Pneumatiky jsou k dispozici ve variant\u00e1ch Premium (z\u00e1kladn\u00ed proveden\u00ed pneumatiky s rozm\u011bry kompatibiln\u00edmi s origin\u00e1ln\u00edmi pneumatikami Carrera), Exclusiv s kvalitn\u011bj\u0161\u00ed povrchovou \u00fapravou a pro n\u011bkter\u00e1 auta Tuning (povrchov\u00e1 \u00faprava jako Exclusiv, zmen\u0161en\u00fd pr\u016fm\u011br zadn\u00edch pneumatik zvy\u0161uje p\u0159\u00edtlak magnet\u016f, auta v\u00fdrazn\u011b l\u00e9pe dr\u017e\u00ed v zat\u00e1\u010dk\u00e1ch). D\u00edky&hellip;\" \/>\n<meta name=\"robots\" content=\"index, follow, max-snippet:-1, max-image-preview:large, max-video-preview:-1\" \/>\n<link rel=\"canonical\" href=\"http:\/\/Pneumatiky%20pro%20auta%20na%20autodr\u00e1hu%20Carrera%20Digital%20132\/%20Carrera%20Evolution.%20Pneumatiky%20jsou%20k%20dispozici%20ve%20variant\u00e1ch%20Premium%20(z\u00e1kladn\u00ed%20proveden\u00ed%20pneumatiky%20s%20rozm\u011bry%20kompatibiln\u00edmi%20s%20origin\u00e1ln\u00edmi%20pneumatikami%20Carrera),%20Exclusiv%20s%20kvalitn\u011bj\u0161\u00ed%20povrchovou%20\u00fapravou%20a%20pro%20n\u011bkter\u00e1%20auta%20Tuning%20(povrchov\u00e1%20\u00faprava%20jako%20Exclusiv,%20zmen\u0161en\u00fd%20pr\u016fm\u011br%20zadn\u00edch%20pneumatik%20zvy\u0161uje%20p\u0159\u00edtlak%20magnet\u016f,%20auta%20v\u00fdrazn\u011b%20l\u00e9pe%20dr\u017e\u00ed%20v%20zat\u00e1\u010dk\u00e1ch).%20D\u00edky&hellip;\" \/>\n<meta property=\"og:locale\" content=\"en_US\" \/>\n<meta property=\"og:type\" content=\"article\" \/>\n<meta property=\"og:title\" content=\"Vzor 89711 - Ferrari 575, Chevrolet Corvette C6\/C6R\" \/>\n<meta property=\"og:description\" content=\"Pneumatiky pro auta na autodr\u00e1hu Carrera Digital 132\/ Carrera Evolution. Pneumatiky jsou k dispozici ve variant\u00e1ch Premium (z\u00e1kladn\u00ed proveden\u00ed pneumatiky s rozm\u011bry kompatibiln\u00edmi s origin\u00e1ln\u00edmi pneumatikami Carrera), Exclusiv s kvalitn\u011bj\u0161\u00ed povrchovou \u00fapravou a pro n\u011bkter\u00e1 auta Tuning (povrchov\u00e1 \u00faprava jako Exclusiv, zmen\u0161en\u00fd pr\u016fm\u011br zadn\u00edch pneumatik zvy\u0161uje p\u0159\u00edtlak magnet\u016f, auta v\u00fdrazn\u011b l\u00e9pe dr\u017e\u00ed v zat\u00e1\u010dk\u00e1ch). D\u00edky&hellip;\" \/>\n<meta property=\"og:url\" content=\"https:\/\/slotcarspneu.eu\/en\/product\/sada-pneumatik-89711\/\" \/>\n<meta property=\"og:site_name\" content=\"SlotCarsPneu.eu\" \/>\n<meta property=\"article:publisher\" content=\"https:\/\/www.facebook.com\/profile.php?id=61552543293336\" \/>\n<meta property=\"article:modified_time\" content=\"2026-02-03T09:34:17+00:00\" \/>\n<meta property=\"og:image\" content=\"https:\/\/slotcarspneu.eu\/wp-content\/uploads\/2023\/10\/89711_Chevrolet_Corvette_Tuning_pneu_2_web.jpg\" \/>\n\t<meta property=\"og:image:width\" content=\"1224\" \/>\n\t<meta property=\"og:image:height\" content=\"918\" \/>\n\t<meta property=\"og:image:type\" content=\"image\/jpeg\" \/>\n<meta name=\"twitter:card\" content=\"summary_large_image\" \/>\n<meta name=\"twitter:site\" content=\"@slotcarspneu\" \/>\n<meta name=\"twitter:label1\" content=\"Est. reading time\" \/>\n\t<meta name=\"twitter:data1\" content=\"2 minutes\" \/>\n<script type=\"application\/ld+json\" class=\"yoast-schema-graph\">{\"@context\":\"https:\/\/schema.org\",\"@graph\":[{\"@type\":\"WebPage\",\"@id\":\"https:\/\/slotcarspneu.eu\/en\/product\/sada-pneumatik-89711\/\",\"url\":\"https:\/\/slotcarspneu.eu\/en\/product\/sada-pneumatik-89711\/\",\"name\":\"Vzor 89711 - Ferrari 575, Chevrolet Corvette C6\/C6R - SlotCarsPneu.eu\",\"isPartOf\":{\"@id\":\"https:\/\/slotcarspneu.eu\/#website\"},\"primaryImageOfPage\":{\"@id\":\"https:\/\/slotcarspneu.eu\/en\/product\/sada-pneumatik-89711\/#primaryimage\"},\"image\":{\"@id\":\"https:\/\/slotcarspneu.eu\/en\/product\/sada-pneumatik-89711\/#primaryimage\"},\"thumbnailUrl\":\"https:\/\/slotcarspneu.eu\/wp-content\/uploads\/2023\/10\/89711_Chevrolet_Corvette_Tuning_pneu_2_web.jpg\",\"datePublished\":\"2023-10-16T18:11:50+00:00\",\"dateModified\":\"2026-02-03T09:34:17+00:00\",\"breadcrumb\":{\"@id\":\"https:\/\/slotcarspneu.eu\/en\/product\/sada-pneumatik-89711\/#breadcrumb\"},\"inLanguage\":\"en-US\",\"potentialAction\":[{\"@type\":\"ReadAction\",\"target\":[\"https:\/\/slotcarspneu.eu\/en\/product\/sada-pneumatik-89711\/\"]}]},{\"@type\":\"ImageObject\",\"inLanguage\":\"en-US\",\"@id\":\"https:\/\/slotcarspneu.eu\/en\/product\/sada-pneumatik-89711\/#primaryimage\",\"url\":\"https:\/\/slotcarspneu.eu\/wp-content\/uploads\/2023\/10\/89711_Chevrolet_Corvette_Tuning_pneu_2_web.jpg\",\"contentUrl\":\"https:\/\/slotcarspneu.eu\/wp-content\/uploads\/2023\/10\/89711_Chevrolet_Corvette_Tuning_pneu_2_web.jpg\",\"width\":1224,\"height\":918,\"caption\":\"89711_Chevrolet_Corvette_Tuning_pneu_2_web\"},{\"@type\":\"BreadcrumbList\",\"@id\":\"https:\/\/slotcarspneu.eu\/en\/product\/sada-pneumatik-89711\/#breadcrumb\",\"itemListElement\":[{\"@type\":\"ListItem\",\"position\":1,\"name\":\"Shop\",\"item\":\"https:\/\/slotcarspneu.eu\/cs\/\"},{\"@type\":\"ListItem\",\"position\":2,\"name\":\"Shop\",\"item\":\"https:\/\/slotcarspneu.eu\/cs\/\"},{\"@type\":\"ListItem\",\"position\":3,\"name\":\"Vzor 89711 - Ferrari 575, Chevrolet Corvette C6\/C6R\"}]},{\"@type\":\"WebSite\",\"@id\":\"https:\/\/slotcarspneu.eu\/en\/#website\",\"url\":\"https:\/\/slotcarspneu.eu\/en\/\",\"name\":\"SlotCarsPneu.eu\",\"description\":\"High-quality silicone tires for slotcar\",\"potentialAction\":[{\"@type\":\"SearchAction\",\"target\":{\"@type\":\"EntryPoint\",\"urlTemplate\":\"https:\/\/slotcarspneu.eu\/en\/?s={search_term_string}\"},\"query-input\":{\"@type\":\"PropertyValueSpecification\",\"valueRequired\":true,\"valueName\":\"search_term_string\"}}],\"inLanguage\":\"en-US\"}]}<\/script>\n<!-- \/ Yoast SEO plugin. -->","yoast_head_json":{"title":"Vzor 89711 - Ferrari 575, Chevrolet Corvette C6\/C6R","description":"Pneumatiky pro auta na autodr\u00e1hu Carrera Digital 132\/ Carrera Evolution. Pneumatiky jsou k dispozici ve variant\u00e1ch Premium (z\u00e1kladn\u00ed proveden\u00ed pneumatiky s rozm\u011bry kompatibiln\u00edmi s origin\u00e1ln\u00edmi pneumatikami Carrera), Exclusiv s kvalitn\u011bj\u0161\u00ed povrchovou \u00fapravou a pro n\u011bkter\u00e1 auta Tuning (povrchov\u00e1 \u00faprava jako Exclusiv, zmen\u0161en\u00fd pr\u016fm\u011br zadn\u00edch pneumatik zvy\u0161uje p\u0159\u00edtlak magnet\u016f, auta v\u00fdrazn\u011b l\u00e9pe dr\u017e\u00ed v zat\u00e1\u010dk\u00e1ch). D\u00edky&hellip;","robots":{"index":"index","follow":"follow","max-snippet":"max-snippet:-1","max-image-preview":"max-image-preview:large","max-video-preview":"max-video-preview:-1"},"canonical":"Pneumatiky pro auta na autodr\u00e1hu Carrera Digital 132\/ Carrera Evolution. Pneumatiky jsou k dispozici ve variant\u00e1ch Premium (z\u00e1kladn\u00ed proveden\u00ed pneumatiky s rozm\u011bry kompatibiln\u00edmi s origin\u00e1ln\u00edmi pneumatikami Carrera), Exclusiv s kvalitn\u011bj\u0161\u00ed povrchovou \u00fapravou a pro n\u011bkter\u00e1 auta Tuning (povrchov\u00e1 \u00faprava jako Exclusiv, zmen\u0161en\u00fd pr\u016fm\u011br zadn\u00edch pneumatik zvy\u0161uje p\u0159\u00edtlak magnet\u016f, auta v\u00fdrazn\u011b l\u00e9pe dr\u017e\u00ed v zat\u00e1\u010dk\u00e1ch). D\u00edky&hellip;","og_locale":"en_US","og_type":"article","og_title":"Vzor 89711 - Ferrari 575, Chevrolet Corvette C6\/C6R","og_description":"Pneumatiky pro auta na autodr\u00e1hu Carrera Digital 132\/ Carrera Evolution. Pneumatiky jsou k dispozici ve variant\u00e1ch Premium (z\u00e1kladn\u00ed proveden\u00ed pneumatiky s rozm\u011bry kompatibiln\u00edmi s origin\u00e1ln\u00edmi pneumatikami Carrera), Exclusiv s kvalitn\u011bj\u0161\u00ed povrchovou \u00fapravou a pro n\u011bkter\u00e1 auta Tuning (povrchov\u00e1 \u00faprava jako Exclusiv, zmen\u0161en\u00fd pr\u016fm\u011br zadn\u00edch pneumatik zvy\u0161uje p\u0159\u00edtlak magnet\u016f, auta v\u00fdrazn\u011b l\u00e9pe dr\u017e\u00ed v zat\u00e1\u010dk\u00e1ch). D\u00edky&hellip;","og_url":"https:\/\/slotcarspneu.eu\/en\/product\/sada-pneumatik-89711\/","og_site_name":"SlotCarsPneu.eu","article_publisher":"https:\/\/www.facebook.com\/profile.php?id=61552543293336","article_modified_time":"2026-02-03T09:34:17+00:00","og_image":[{"width":1224,"height":918,"url":"https:\/\/slotcarspneu.eu\/wp-content\/uploads\/2023\/10\/89711_Chevrolet_Corvette_Tuning_pneu_2_web.jpg","type":"image\/jpeg"}],"twitter_card":"summary_large_image","twitter_site":"@slotcarspneu","twitter_misc":{"Est. reading time":"2 minutes"},"schema":{"@context":"https:\/\/schema.org","@graph":[{"@type":"WebPage","@id":"https:\/\/slotcarspneu.eu\/en\/product\/sada-pneumatik-89711\/","url":"https:\/\/slotcarspneu.eu\/en\/product\/sada-pneumatik-89711\/","name":"Vzor 89711 - Ferrari 575, Chevrolet Corvette C6\/C6R - SlotCarsPneu.eu","isPartOf":{"@id":"https:\/\/slotcarspneu.eu\/#website"},"primaryImageOfPage":{"@id":"https:\/\/slotcarspneu.eu\/en\/product\/sada-pneumatik-89711\/#primaryimage"},"image":{"@id":"https:\/\/slotcarspneu.eu\/en\/product\/sada-pneumatik-89711\/#primaryimage"},"thumbnailUrl":"https:\/\/slotcarspneu.eu\/wp-content\/uploads\/2023\/10\/89711_Chevrolet_Corvette_Tuning_pneu_2_web.jpg","datePublished":"2023-10-16T18:11:50+00:00","dateModified":"2026-02-03T09:34:17+00:00","breadcrumb":{"@id":"https:\/\/slotcarspneu.eu\/en\/product\/sada-pneumatik-89711\/#breadcrumb"},"inLanguage":"en-US","potentialAction":[{"@type":"ReadAction","target":["https:\/\/slotcarspneu.eu\/en\/product\/sada-pneumatik-89711\/"]}]},{"@type":"ImageObject","inLanguage":"en-US","@id":"https:\/\/slotcarspneu.eu\/en\/product\/sada-pneumatik-89711\/#primaryimage","url":"https:\/\/slotcarspneu.eu\/wp-content\/uploads\/2023\/10\/89711_Chevrolet_Corvette_Tuning_pneu_2_web.jpg","contentUrl":"https:\/\/slotcarspneu.eu\/wp-content\/uploads\/2023\/10\/89711_Chevrolet_Corvette_Tuning_pneu_2_web.jpg","width":1224,"height":918,"caption":"89711_Chevrolet_Corvette_Tuning_pneu_2_web"},{"@type":"BreadcrumbList","@id":"https:\/\/slotcarspneu.eu\/en\/product\/sada-pneumatik-89711\/#breadcrumb","itemListElement":[{"@type":"ListItem","position":1,"name":"Shop","item":"https:\/\/slotcarspneu.eu\/cs\/"},{"@type":"ListItem","position":2,"name":"Shop","item":"https:\/\/slotcarspneu.eu\/cs\/"},{"@type":"ListItem","position":3,"name":"Vzor 89711 - Ferrari 575, Chevrolet Corvette C6\/C6R"}]},{"@type":"WebSite","@id":"https:\/\/slotcarspneu.eu\/en\/#website","url":"https:\/\/slotcarspneu.eu\/en\/","name":"SlotCarsPneu.eu","description":"High-quality silicone tires for slotcar","potentialAction":[{"@type":"SearchAction","target":{"@type":"EntryPoint","urlTemplate":"https:\/\/slotcarspneu.eu\/en\/?s={search_term_string}"},"query-input":{"@type":"PropertyValueSpecification","valueRequired":true,"valueName":"search_term_string"}}],"inLanguage":"en-US"}]}},"jetpack_sharing_enabled":true,"_links":{"self":[{"href":"https:\/\/slotcarspneu.eu\/en\/wp-json\/wp\/v2\/product\/69","targetHints":{"allow":["GET"]}}],"collection":[{"href":"https:\/\/slotcarspneu.eu\/en\/wp-json\/wp\/v2\/product"}],"about":[{"href":"https:\/\/slotcarspneu.eu\/en\/wp-json\/wp\/v2\/types\/product"}],"replies":[{"embeddable":true,"href":"https:\/\/slotcarspneu.eu\/en\/wp-json\/wp\/v2\/comments?post=69"}],"wp:featuredmedia":[{"embeddable":true,"href":"https:\/\/slotcarspneu.eu\/en\/wp-json\/wp\/v2\/media\/74"}],"wp:attachment":[{"href":"https:\/\/slotcarspneu.eu\/en\/wp-json\/wp\/v2\/media?parent=69"}],"wp:term":[{"taxonomy":"product_brand","embeddable":true,"href":"https:\/\/slotcarspneu.eu\/en\/wp-json\/wp\/v2\/product_brand?post=69"},{"taxonomy":"product_cat","embeddable":true,"href":"https:\/\/slotcarspneu.eu\/en\/wp-json\/wp\/v2\/product_cat?post=69"},{"taxonomy":"product_tag","embeddable":true,"href":"https:\/\/slotcarspneu.eu\/en\/wp-json\/wp\/v2\/product_tag?post=69"}],"curies":[{"name":"wp","href":"https:\/\/api.w.org\/{rel}","templated":true}]}}