{"id":480,"date":"2023-11-10T19:21:57","date_gmt":"2023-11-10T18:21:57","guid":{"rendered":"https:\/\/slotcarspneu.eu\/?post_type=product&#038;p=480"},"modified":"2026-01-15T04:47:28","modified_gmt":"2026-01-15T03:47:28","slug":"sada-pneumatik-85294-audi","status":"publish","type":"product","link":"https:\/\/slotcarspneu.eu\/en\/product\/sada-pneumatik-85294-audi\/","title":{"rendered":"85294 (Audi R10 TDI LeMans 2006, 23707) - compatible"},"content":{"rendered":"<p>Tires for Carrera Digital 124 track cars, model 85294.<\/p>\n<p>The tires are available in Premium (basic tire design with dimensions compatible with original Carrera tires) and Exclusiv with a higher quality surface finish.<\/p>\n<p>Thanks to the high-strength silicone used, cars with Premium and Exclusiv tires achieve about 30% better times than with original tires. Also, the deterioration of driving characteristics due to time (hardening, tire peeling) occurs significantly slower, the tires will safely last you several seasons.<\/p>\n<p>Tire catalog number: 85294<\/p>\n<p>Compatible Carrera Digital 124 cars: 23707, 23716<\/p>\n","protected":false},"excerpt":{"rendered":"<p>High-quality silicone tires for Carrera Digital 124 race cars. The material used offers about 30% better driving characteristics compared to the original tires. Even better results can be achieved with the Tuning series tires (available only for some cars).<\/p>\n","protected":false},"featured_media":491,"comment_status":"open","ping_status":"closed","template":"","meta":[],"product_brand":[],"product_cat":[32,22],"product_tag":[44,25,186,37,39,45,40,42,41],"class_list":{"0":"post-480","1":"product","2":"type-product","3":"status-publish","4":"has-post-thumbnail","6":"product_cat-carrera-digital-124","7":"product_cat-pneumatiky-pro-autodrahy-carrera","8":"product_tag-autodrahy","9":"product_tag-carrera","10":"product_tag-carrera-digital-124","11":"product_tag-carrera-evolution","12":"product_tag-pneu","13":"product_tag-pneumatiky","14":"product_tag-reifen","15":"product_tag-slotcar","16":"product_tag-tires","17":"thunk-woo-product-list","18":"opn-qv-enable","19":"open-woo-hover-zoom","20":"open-single-product-tab-horizontal","21":"open-shadow-","22":"open-shadow-hover-","24":"first","25":"instock","26":"shipping-taxable","27":"purchasable","28":"product-type-variable","29":"has-default-attributes"},"yoast_head":"<!-- This site is optimized with the Yoast SEO plugin v27.0 - https:\/\/yoast.com\/product\/yoast-seo-wordpress\/ -->\n<title>85294 (Audi R10 TDI LeMans 2006, 23707) - compatible<\/title>\n<meta name=\"description\" content=\"High-quality silicone tires for Carrera Digital 124 race cars. The material used offers about 30% better driving characteristics compared to the original tires. Even better results can be achieved with the Tuning series tires (available only for some cars).\" \/>\n<meta name=\"robots\" content=\"index, follow, max-snippet:-1, max-image-preview:large, max-video-preview:-1\" \/>\n<link rel=\"canonical\" href=\"http:\/\/High-quality%20silicone%20tires%20for%20Carrera%20Digital%20124%20race%20cars.%20The%20material%20used%20offers%20about%2030%%20better%20driving%20characteristics%20compared%20to%20the%20original%20tires.%20Even%20better%20results%20can%20be%20achieved%20with%20the%20Tuning%20series%20tires%20(available%20only%20for%20some%20cars).\" \/>\n<meta property=\"og:locale\" content=\"en_US\" \/>\n<meta property=\"og:type\" content=\"article\" \/>\n<meta property=\"og:title\" content=\"85294 (Audi R10 TDI LeMans 2006, 23707) - compatible\" \/>\n<meta property=\"og:description\" content=\"High-quality silicone tires for Carrera Digital 124 race cars. The material used offers about 30% better driving characteristics compared to the original tires. Even better results can be achieved with the Tuning series tires (available only for some cars).\" \/>\n<meta property=\"og:url\" content=\"https:\/\/slotcarspneu.eu\/en\/product\/sada-pneumatik-85294-audi\/\" \/>\n<meta property=\"og:site_name\" content=\"SlotCarsPneu.eu\" \/>\n<meta property=\"article:publisher\" content=\"https:\/\/www.facebook.com\/profile.php?id=61552543293336\" \/>\n<meta property=\"article:modified_time\" content=\"2026-01-15T03:47:28+00:00\" \/>\n<meta property=\"og:image\" content=\"https:\/\/slotcarspneu.eu\/wp-content\/uploads\/2023\/11\/Audi_R10_20231109_094621.jpg\" \/>\n\t<meta property=\"og:image:width\" content=\"1224\" \/>\n\t<meta property=\"og:image:height\" content=\"918\" \/>\n\t<meta property=\"og:image:type\" content=\"image\/jpeg\" \/>\n<meta name=\"twitter:card\" content=\"summary_large_image\" \/>\n<meta name=\"twitter:site\" content=\"@slotcarspneu\" \/>\n<meta name=\"twitter:label1\" content=\"Est. reading time\" \/>\n\t<meta name=\"twitter:data1\" content=\"1 minute\" \/>\n<script type=\"application\/ld+json\" class=\"yoast-schema-graph\">{\"@context\":\"https:\/\/schema.org\",\"@graph\":[{\"@type\":\"WebPage\",\"@id\":\"https:\/\/slotcarspneu.eu\/en\/product\/sada-pneumatik-85294-audi\/\",\"url\":\"https:\/\/slotcarspneu.eu\/en\/product\/sada-pneumatik-85294-audi\/\",\"name\":\"Pneumatiky Carrera 85294\",\"isPartOf\":{\"@id\":\"https:\/\/slotcarspneu.eu\/#website\"},\"primaryImageOfPage\":{\"@id\":\"https:\/\/slotcarspneu.eu\/en\/product\/sada-pneumatik-85294-audi\/#primaryimage\"},\"image\":{\"@id\":\"https:\/\/slotcarspneu.eu\/en\/product\/sada-pneumatik-85294-audi\/#primaryimage\"},\"thumbnailUrl\":\"https:\/\/slotcarspneu.eu\/wp-content\/uploads\/2023\/11\/Audi_R10_20231109_094621.jpg\",\"datePublished\":\"2023-11-10T18:21:57+00:00\",\"dateModified\":\"2026-01-15T03:47:28+00:00\",\"description\":\"Pneumatiky Carrera 85294 - Audi R10 TDI LeMans 2006. Dostupn\u00e9 v proveden\u00ed Premium a Exclusiv. Kvalitn\u00ed silikonov\u00e9 pneumatiky Premium, Exclusiv.\",\"breadcrumb\":{\"@id\":\"https:\/\/slotcarspneu.eu\/en\/product\/sada-pneumatik-85294-audi\/#breadcrumb\"},\"inLanguage\":\"en-US\",\"potentialAction\":[{\"@type\":\"ReadAction\",\"target\":[\"https:\/\/slotcarspneu.eu\/en\/product\/sada-pneumatik-85294-audi\/\"]}]},{\"@type\":\"ImageObject\",\"inLanguage\":\"en-US\",\"@id\":\"https:\/\/slotcarspneu.eu\/en\/product\/sada-pneumatik-85294-audi\/#primaryimage\",\"url\":\"https:\/\/slotcarspneu.eu\/wp-content\/uploads\/2023\/11\/Audi_R10_20231109_094621.jpg\",\"contentUrl\":\"https:\/\/slotcarspneu.eu\/wp-content\/uploads\/2023\/11\/Audi_R10_20231109_094621.jpg\",\"width\":1224,\"height\":918,\"caption\":\"85294 Audi R10 TDI LeMans 2006\"},{\"@type\":\"BreadcrumbList\",\"@id\":\"https:\/\/slotcarspneu.eu\/en\/product\/sada-pneumatik-85294-audi\/#breadcrumb\",\"itemListElement\":[{\"@type\":\"ListItem\",\"position\":1,\"name\":\"Shop\",\"item\":\"https:\/\/slotcarspneu.eu\/cs\/\"},{\"@type\":\"ListItem\",\"position\":2,\"name\":\"Shop\",\"item\":\"https:\/\/slotcarspneu.eu\/cs\/\"},{\"@type\":\"ListItem\",\"position\":3,\"name\":\"85294 (Audi R10 TDI LeMans 2006, 23707) - compatible\"}]},{\"@type\":\"WebSite\",\"@id\":\"https:\/\/slotcarspneu.eu\/en\/#website\",\"url\":\"https:\/\/slotcarspneu.eu\/en\/\",\"name\":\"SlotCarsPneu.eu\",\"description\":\"High-quality silicone tires for slotcar\",\"potentialAction\":[{\"@type\":\"SearchAction\",\"target\":{\"@type\":\"EntryPoint\",\"urlTemplate\":\"https:\/\/slotcarspneu.eu\/en\/?s={search_term_string}\"},\"query-input\":{\"@type\":\"PropertyValueSpecification\",\"valueRequired\":true,\"valueName\":\"search_term_string\"}}],\"inLanguage\":\"en-US\"}]}<\/script>\n<!-- \/ Yoast SEO plugin. -->","yoast_head_json":{"title":"85294 (Audi R10 TDI LeMans 2006, 23707) - compatible","description":"High-quality silicone tires for Carrera Digital 124 race cars. The material used offers about 30% better driving characteristics compared to the original tires. Even better results can be achieved with the Tuning series tires (available only for some cars).","robots":{"index":"index","follow":"follow","max-snippet":"max-snippet:-1","max-image-preview":"max-image-preview:large","max-video-preview":"max-video-preview:-1"},"canonical":"High-quality silicone tires for Carrera Digital 124 race cars. The material used offers about 30% better driving characteristics compared to the original tires. Even better results can be achieved with the Tuning series tires (available only for some cars).","og_locale":"en_US","og_type":"article","og_title":"85294 (Audi R10 TDI LeMans 2006, 23707) - compatible","og_description":"High-quality silicone tires for Carrera Digital 124 race cars. The material used offers about 30% better driving characteristics compared to the original tires. Even better results can be achieved with the Tuning series tires (available only for some cars).","og_url":"https:\/\/slotcarspneu.eu\/en\/product\/sada-pneumatik-85294-audi\/","og_site_name":"SlotCarsPneu.eu","article_publisher":"https:\/\/www.facebook.com\/profile.php?id=61552543293336","article_modified_time":"2026-01-15T03:47:28+00:00","og_image":[{"width":1224,"height":918,"url":"https:\/\/slotcarspneu.eu\/wp-content\/uploads\/2023\/11\/Audi_R10_20231109_094621.jpg","type":"image\/jpeg"}],"twitter_card":"summary_large_image","twitter_site":"@slotcarspneu","twitter_misc":{"Est. reading time":"1 minute"},"schema":{"@context":"https:\/\/schema.org","@graph":[{"@type":"WebPage","@id":"https:\/\/slotcarspneu.eu\/en\/product\/sada-pneumatik-85294-audi\/","url":"https:\/\/slotcarspneu.eu\/en\/product\/sada-pneumatik-85294-audi\/","name":"Pneumatiky Carrera 85294","isPartOf":{"@id":"https:\/\/slotcarspneu.eu\/#website"},"primaryImageOfPage":{"@id":"https:\/\/slotcarspneu.eu\/en\/product\/sada-pneumatik-85294-audi\/#primaryimage"},"image":{"@id":"https:\/\/slotcarspneu.eu\/en\/product\/sada-pneumatik-85294-audi\/#primaryimage"},"thumbnailUrl":"https:\/\/slotcarspneu.eu\/wp-content\/uploads\/2023\/11\/Audi_R10_20231109_094621.jpg","datePublished":"2023-11-10T18:21:57+00:00","dateModified":"2026-01-15T03:47:28+00:00","description":"Pneumatiky Carrera 85294 - Audi R10 TDI LeMans 2006. Dostupn\u00e9 v proveden\u00ed Premium a Exclusiv. Kvalitn\u00ed silikonov\u00e9 pneumatiky Premium, Exclusiv.","breadcrumb":{"@id":"https:\/\/slotcarspneu.eu\/en\/product\/sada-pneumatik-85294-audi\/#breadcrumb"},"inLanguage":"en-US","potentialAction":[{"@type":"ReadAction","target":["https:\/\/slotcarspneu.eu\/en\/product\/sada-pneumatik-85294-audi\/"]}]},{"@type":"ImageObject","inLanguage":"en-US","@id":"https:\/\/slotcarspneu.eu\/en\/product\/sada-pneumatik-85294-audi\/#primaryimage","url":"https:\/\/slotcarspneu.eu\/wp-content\/uploads\/2023\/11\/Audi_R10_20231109_094621.jpg","contentUrl":"https:\/\/slotcarspneu.eu\/wp-content\/uploads\/2023\/11\/Audi_R10_20231109_094621.jpg","width":1224,"height":918,"caption":"85294 Audi R10 TDI LeMans 2006"},{"@type":"BreadcrumbList","@id":"https:\/\/slotcarspneu.eu\/en\/product\/sada-pneumatik-85294-audi\/#breadcrumb","itemListElement":[{"@type":"ListItem","position":1,"name":"Shop","item":"https:\/\/slotcarspneu.eu\/cs\/"},{"@type":"ListItem","position":2,"name":"Shop","item":"https:\/\/slotcarspneu.eu\/cs\/"},{"@type":"ListItem","position":3,"name":"85294 (Audi R10 TDI LeMans 2006, 23707) - compatible"}]},{"@type":"WebSite","@id":"https:\/\/slotcarspneu.eu\/en\/#website","url":"https:\/\/slotcarspneu.eu\/en\/","name":"SlotCarsPneu.eu","description":"High-quality silicone tires for slotcar","potentialAction":[{"@type":"SearchAction","target":{"@type":"EntryPoint","urlTemplate":"https:\/\/slotcarspneu.eu\/en\/?s={search_term_string}"},"query-input":{"@type":"PropertyValueSpecification","valueRequired":true,"valueName":"search_term_string"}}],"inLanguage":"en-US"}]}},"jetpack_sharing_enabled":true,"_links":{"self":[{"href":"https:\/\/slotcarspneu.eu\/en\/wp-json\/wp\/v2\/product\/480","targetHints":{"allow":["GET"]}}],"collection":[{"href":"https:\/\/slotcarspneu.eu\/en\/wp-json\/wp\/v2\/product"}],"about":[{"href":"https:\/\/slotcarspneu.eu\/en\/wp-json\/wp\/v2\/types\/product"}],"replies":[{"embeddable":true,"href":"https:\/\/slotcarspneu.eu\/en\/wp-json\/wp\/v2\/comments?post=480"}],"wp:featuredmedia":[{"embeddable":true,"href":"https:\/\/slotcarspneu.eu\/en\/wp-json\/wp\/v2\/media\/491"}],"wp:attachment":[{"href":"https:\/\/slotcarspneu.eu\/en\/wp-json\/wp\/v2\/media?parent=480"}],"wp:term":[{"taxonomy":"product_brand","embeddable":true,"href":"https:\/\/slotcarspneu.eu\/en\/wp-json\/wp\/v2\/product_brand?post=480"},{"taxonomy":"product_cat","embeddable":true,"href":"https:\/\/slotcarspneu.eu\/en\/wp-json\/wp\/v2\/product_cat?post=480"},{"taxonomy":"product_tag","embeddable":true,"href":"https:\/\/slotcarspneu.eu\/en\/wp-json\/wp\/v2\/product_tag?post=480"}],"curies":[{"name":"wp","href":"https:\/\/api.w.org\/{rel}","templated":true}]}}