{"id":303,"date":"2023-10-23T22:44:05","date_gmt":"2023-10-23T20:44:05","guid":{"rendered":"https:\/\/slotcarspneu.eu\/?post_type=product&#038;p=303"},"modified":"2026-01-15T04:53:26","modified_gmt":"2026-01-15T03:53:26","slug":"sada-pneumatik-90151-audi-a4","status":"publish","type":"product","link":"https:\/\/slotcarspneu.eu\/en\/product\/sada-pneumatik-90151-audi-a4\/","title":{"rendered":"Vzor 90151 - Audi A4 DTM 2008 (27237)"},"content":{"rendered":"<p>Pneumatiky pro auta na autodr\u00e1hu Carrera Digital 132\/ Carrera Evolution.<\/p>\n<p>Pneumatiky jsou nab\u00edz\u00edme ve variant\u00e1ch Premium (z\u00e1kladn\u00ed proveden\u00ed pneumatiky s rozm\u011bry kompatibiln\u00edmi s origin\u00e1ln\u00edmi pneumatikami Carrera) a Exclusiv s kvalitn\u011bj\u0161\u00ed povrchovou \u00fapravou. Pro n\u011bkter\u00e1 auta tak\u00e9 nab\u00edz\u00edme \u0159adu Tuning (povrchov\u00e1 \u00faprava jako Exclusiv, zmen\u0161en\u00fd pr\u016fm\u011br zadn\u00edch pneumatik zvy\u0161uje p\u0159\u00edtlak magnet\u016f, auta v\u00fdrazn\u011b l\u00e9pe dr\u017e\u00ed v zat\u00e1\u010dk\u00e1ch).<\/p>\n<p>D\u00edky pou\u017eit\u00e9mu vysokopevnostn\u00edmu silikonu dosahuj\u00ed vozy s pneumatikami Premium a Exclusiv asi o 30% lep\u0161\u00edch \u010das\u016f, ne\u017e s origin\u00e1ln\u00edmi pneumatikami. Tak\u00e9 zhor\u0161ov\u00e1n\u00ed j\u00edzdn\u00edch vlastnost\u00ed vlivem \u010dasu (tvrdnut\u00ed, okor\u00e1v\u00e1n\u00ed pneumatik) prob\u00edh\u00e1 v\u00fdrazn\u011b pomaleji. Pneu v\u00e1m bezpe\u010dn\u011b vydr\u017e\u00ed n\u011bkolik sezon.<\/p>\n<p>Katalogov\u00e9 \u010d\u00edslo pneumatik Carrera: 90151<\/p>\n<p>Kompatibiln\u00ed auta Carrera Evolution:<br \/>\n27127: Audi A4 DTM Audi Sport Team Joest Racing &#8220;C.Abt&#8221; 2005<br \/>\n27128: Audi A4 DTM Sport Team Joest Racing &#8220;F.Stippler&#8221; 2005<br \/>\n27129: AMG-Mercedes DTM 2006 &#8220;B. Spengler&#8221;<br \/>\n27130: AMG-Mercedes DTM 2006 &#8220;M. H\u00e4kkinen&#8221;<br \/>\n27131: AMG-Mercedes DTM 2006 &#8220;B. Schneider&#8221;<br \/>\n27132: AMG-Mercedes DTM 2006 &#8220;J. Green&#8221;<br \/>\n27237: Audi A4 DTM 2008 Audi Sport Team Abt Sportsline &#8220;M. Ekstr\u00f6m&#8221;<br \/>\n27238: Audi A4 DTM 2008 Audi Sport Team Abt Sportsline &#8220;T. Kristensen&#8221;<br \/>\n27239: Audi A4 DTM 2008 Audi Sport Team Abt Sportsline &#8220;T. Scheider&#8221;<br \/>\n27292: Audi A4 DTM 2008 Audi Sport Team Rosberg &#8220;M. Rockenfeller&#8221;<br \/>\n27357: Audi A4 DTM Audi Sport Team Abt &#8220;O. Jarvis&#8221;<br \/>\n27358: Audi A4 DTM Audi Sport Team Phoenix &#8220;A. Pr\u00e8mat&#8221;<br \/>\n25745: Audi A4 DTM 2004 Sport Infineon Team Joest &#8220;F. Biela&#8221;<br \/>\n25746: Audi A4 DTM 2004 Audi Sport Team Abt. &#8220;C. Abt&#8221;<br \/>\n25747: Mercedes C-Klasse DTM Vodafone\/DC Bank AMG Mercedes, No. 1<br \/>\n25748: Mercedes C-Klasse DTM Vodafone\/DC Bank AMG Mercedes, No. 2<br \/>\n25751: Audi A4 DTM 2004 Audi Sport Team Abt Sportsline &#8220;M.Ekstr\u00f6m&#8221;<br \/>\n25754: Mercedes C-Klasse DTM AMG-Mercedes, No. 7<br \/>\n25755: Mercedes C-Klasse DTM AMG-Mercedes, No. 8<\/p>\n<p>Kompatibiln\u00ed auta Carrera Digital 132:<br \/>\n30272: Audi A4 DTM 2004 Audi Sport Team Abt Sportsline &#8220;M. Ekstr\u00f6m&#8221;<br \/>\n30275: Audi A4 DTM, Audi Sport Team Joest Racing &#8220;C. Abt&#8221; 2005<br \/>\n30276:Audi A4 DTM, Audi Sport Team Joest Racing &#8220;F. Stippler&#8221; 2005<br \/>\n30277: AMG-Mercedes DTM 2006 &#8220;B. Schneider&#8221;<br \/>\n30278: AMG-Mercedes DTM 2006 &#8220;M. H\u00e4kkinen&#8221;<br \/>\n30279: AMG-Mercedes DTM 2006 &#8220;J. Green&#8221;<br \/>\n30434: Audi A4 DTM 2008 Audi Sport Team Abt Sportsline &#8220;M.Ekstr\u00f6m&#8221;<br \/>\n30435: Audi A4 DTM 2008 Audi Sport Team Abt Sportsline &#8220;T. Kristensen&#8221;<br \/>\n30469: Audi A4 DTM 2008 Audi Sport Team Rosberg &#8220;M. Rockenfeller&#8221;<br \/>\n30531: Audi A4 DTM 2008 Audi Sport Team Abt Sportsline &#8220;T. Scheider&#8221; 2009<br \/>\n30559: Audi A4 DTM Audi Sport Team Abt &#8220;O. Jarvis&#8221;<br \/>\n30560: Audi A4 DTM Audi Sport Team Phoenix &#8220;A. Pr\u00e8mat&#8221;<\/p>\n","protected":false},"excerpt":{"rendered":"<p>Vysoce kvalitn\u00ed silikonov\u00e9 pneumatiky na autodr\u00e1hov\u00e1 aut\u00ed\u010dka Carrera Digital 132 a Carrera Evolution. Pou\u017eit\u00fd materi\u00e1l nab\u00edz\u00ed asi o 30% lep\u0161\u00ed j\u00edzdn\u00ed vlastnosti oproti origin\u00e1ln\u00edm pneumatik\u00e1m. Je\u0161t\u011b lep\u0161\u00edch v\u00fdsledk\u016f je mo\u017eno dos\u00e1hnout s pneumatikami \u0159ady Tuning (dostupn\u00e9 pouze pro n\u011bkter\u00e1 auta).<\/p>\n","protected":false},"featured_media":132,"comment_status":"open","ping_status":"closed","template":"","meta":[],"product_brand":[],"product_cat":[27,28,22],"product_tag":[144,145,146,147,148,156,157,158,159,160,161,162,163,164,165,166,167,43,44,25,38,37,39,45,40,42,41],"class_list":{"0":"post-303","1":"product","2":"type-product","3":"status-publish","4":"has-post-thumbnail","6":"product_cat-carrera-digital-132","7":"product_cat-carrera-evolution","8":"product_cat-pneumatiky-pro-autodrahy-carrera","9":"product_tag-144","10":"product_tag-145","11":"product_tag-146","12":"product_tag-147","13":"product_tag-148","14":"product_tag-156","15":"product_tag-157","16":"product_tag-158","17":"product_tag-159","18":"product_tag-160","19":"product_tag-161","20":"product_tag-162","21":"product_tag-163","22":"product_tag-164","23":"product_tag-165","24":"product_tag-166","25":"product_tag-167","26":"product_tag-slotcar","27":"product_tag-autodrahy","28":"product_tag-carrera","29":"product_tag-carrera-digital-132","30":"product_tag-carrera-evolution","31":"product_tag-pneu","32":"product_tag-pneumatiky","33":"product_tag-reifen","35":"product_tag-tires","36":"thunk-woo-product-list","37":"opn-qv-enable","38":"open-woo-hover-zoom","39":"open-single-product-tab-horizontal","40":"open-shadow-","41":"open-shadow-hover-","43":"first","44":"instock","45":"shipping-taxable","46":"purchasable","47":"product-type-variable","48":"has-default-attributes"},"yoast_head":"<!-- This site is optimized with the Yoast SEO plugin v27.0 - https:\/\/yoast.com\/product\/yoast-seo-wordpress\/ -->\n<title>Vzor 90151 - Audi A4 DTM 2008 (27237)<\/title>\n<meta name=\"description\" content=\"Kvalitn\u00ed pneumatiky pro autodr\u00e1hy Carrera Digital 132 \/ Evolution. Vzor 90151. Dostupn\u00e9 v proveden\u00ed Premium a Exclusiv.\" \/>\n<meta name=\"robots\" content=\"index, follow, max-snippet:-1, max-image-preview:large, max-video-preview:-1\" \/>\n<link rel=\"canonical\" href=\"http:\/\/Vysoce%20kvalitn\u00ed%20silikonov\u00e9%20pneumatiky%20na%20autodr\u00e1hov\u00e1%20aut\u00ed\u010dka%20Carrera%20Digital%20132%20a%20Carrera%20Evolution.%20Pou\u017eit\u00fd%20materi\u00e1l%20nab\u00edz\u00ed%20asi%20o%2030%%20lep\u0161\u00ed%20j\u00edzdn\u00ed%20vlastnosti%20oproti%20origin\u00e1ln\u00edm%20pneumatik\u00e1m.%20Je\u0161t\u011b%20lep\u0161\u00edch%20v\u00fdsledk\u016f%20je%20mo\u017eno%20dos\u00e1hnout%20s%20pneumatikami%20\u0159ady%20Tuning%20(dostupn\u00e9%20pouze%20pro%20n\u011bkter\u00e1%20auta).\" \/>\n<meta property=\"og:locale\" content=\"en_US\" \/>\n<meta property=\"og:type\" content=\"article\" \/>\n<meta property=\"og:title\" content=\"Vzor 90151 - Audi A4 DTM 2008 (27237)\" \/>\n<meta property=\"og:description\" content=\"Kvalitn\u00ed pneumatiky pro autodr\u00e1hy Carrera Digital 132 \/ Evolution. Vzor 90151. Dostupn\u00e9 v proveden\u00ed Premium a Exclusiv.\" \/>\n<meta property=\"og:url\" content=\"https:\/\/slotcarspneu.eu\/en\/product\/sada-pneumatik-90151-audi-a4\/\" \/>\n<meta property=\"og:site_name\" content=\"SlotCarsPneu.eu\" \/>\n<meta property=\"article:publisher\" content=\"https:\/\/www.facebook.com\/profile.php?id=61552543293336\" \/>\n<meta property=\"article:modified_time\" content=\"2026-01-15T03:53:26+00:00\" \/>\n<meta property=\"og:image\" content=\"https:\/\/slotcarspneu.eu\/wp-content\/uploads\/2023\/10\/pneu_ilustrativni_foto_web.jpg\" \/>\n\t<meta property=\"og:image:width\" content=\"1269\" \/>\n\t<meta property=\"og:image:height\" content=\"889\" \/>\n\t<meta property=\"og:image:type\" content=\"image\/jpeg\" \/>\n<meta name=\"twitter:card\" content=\"summary_large_image\" \/>\n<meta name=\"twitter:site\" content=\"@slotcarspneu\" \/>\n<meta name=\"twitter:label1\" content=\"Est. reading time\" \/>\n\t<meta name=\"twitter:data1\" content=\"3 minutes\" \/>\n<script type=\"application\/ld+json\" class=\"yoast-schema-graph\">{\"@context\":\"https:\/\/schema.org\",\"@graph\":[{\"@type\":\"WebPage\",\"@id\":\"https:\/\/slotcarspneu.eu\/en\/product\/sada-pneumatik-90151-audi-a4\/\",\"url\":\"https:\/\/slotcarspneu.eu\/en\/product\/sada-pneumatik-90151-audi-a4\/\",\"name\":\"Vzor 90151 - Audi A4 DTM 2008 (27237) - SlotCarsPneu.eu\",\"isPartOf\":{\"@id\":\"https:\/\/slotcarspneu.eu\/#website\"},\"primaryImageOfPage\":{\"@id\":\"https:\/\/slotcarspneu.eu\/en\/product\/sada-pneumatik-90151-audi-a4\/#primaryimage\"},\"image\":{\"@id\":\"https:\/\/slotcarspneu.eu\/en\/product\/sada-pneumatik-90151-audi-a4\/#primaryimage\"},\"thumbnailUrl\":\"https:\/\/slotcarspneu.eu\/wp-content\/uploads\/2023\/10\/pneu_ilustrativni_foto_web.jpg\",\"datePublished\":\"2023-10-23T20:44:05+00:00\",\"dateModified\":\"2026-01-15T03:53:26+00:00\",\"description\":\"Kvalitn\u00ed pneumatiky pro autodr\u00e1hy Carrera Digital 132 \/ Evolution. Vzor 90151. Dostupn\u00e9 v proveden\u00ed Premium a Exclusiv.\",\"breadcrumb\":{\"@id\":\"https:\/\/slotcarspneu.eu\/en\/product\/sada-pneumatik-90151-audi-a4\/#breadcrumb\"},\"inLanguage\":\"en-US\",\"potentialAction\":[{\"@type\":\"ReadAction\",\"target\":[\"https:\/\/slotcarspneu.eu\/en\/product\/sada-pneumatik-90151-audi-a4\/\"]}]},{\"@type\":\"ImageObject\",\"inLanguage\":\"en-US\",\"@id\":\"https:\/\/slotcarspneu.eu\/en\/product\/sada-pneumatik-90151-audi-a4\/#primaryimage\",\"url\":\"https:\/\/slotcarspneu.eu\/wp-content\/uploads\/2023\/10\/pneu_ilustrativni_foto_web.jpg\",\"contentUrl\":\"https:\/\/slotcarspneu.eu\/wp-content\/uploads\/2023\/10\/pneu_ilustrativni_foto_web.jpg\",\"width\":1269,\"height\":889,\"caption\":\"Sada pneumatik Exclusiv \/ Tuning\"},{\"@type\":\"BreadcrumbList\",\"@id\":\"https:\/\/slotcarspneu.eu\/en\/product\/sada-pneumatik-90151-audi-a4\/#breadcrumb\",\"itemListElement\":[{\"@type\":\"ListItem\",\"position\":1,\"name\":\"Shop\",\"item\":\"https:\/\/slotcarspneu.eu\/cs\/\"},{\"@type\":\"ListItem\",\"position\":2,\"name\":\"Shop\",\"item\":\"https:\/\/slotcarspneu.eu\/cs\/\"},{\"@type\":\"ListItem\",\"position\":3,\"name\":\"Vzor 90151 - Audi A4 DTM 2008 (27237)\"}]},{\"@type\":\"WebSite\",\"@id\":\"https:\/\/slotcarspneu.eu\/en\/#website\",\"url\":\"https:\/\/slotcarspneu.eu\/en\/\",\"name\":\"SlotCarsPneu.eu\",\"description\":\"High-quality silicone tires for slotcar\",\"potentialAction\":[{\"@type\":\"SearchAction\",\"target\":{\"@type\":\"EntryPoint\",\"urlTemplate\":\"https:\/\/slotcarspneu.eu\/en\/?s={search_term_string}\"},\"query-input\":{\"@type\":\"PropertyValueSpecification\",\"valueRequired\":true,\"valueName\":\"search_term_string\"}}],\"inLanguage\":\"en-US\"}]}<\/script>\n<!-- \/ Yoast SEO plugin. -->","yoast_head_json":{"title":"Vzor 90151 - Audi A4 DTM 2008 (27237)","description":"Kvalitn\u00ed pneumatiky pro autodr\u00e1hy Carrera Digital 132 \/ Evolution. Vzor 90151. Dostupn\u00e9 v proveden\u00ed Premium a Exclusiv.","robots":{"index":"index","follow":"follow","max-snippet":"max-snippet:-1","max-image-preview":"max-image-preview:large","max-video-preview":"max-video-preview:-1"},"canonical":"Vysoce kvalitn\u00ed silikonov\u00e9 pneumatiky na autodr\u00e1hov\u00e1 aut\u00ed\u010dka Carrera Digital 132 a Carrera Evolution. Pou\u017eit\u00fd materi\u00e1l nab\u00edz\u00ed asi o 30% lep\u0161\u00ed j\u00edzdn\u00ed vlastnosti oproti origin\u00e1ln\u00edm pneumatik\u00e1m. Je\u0161t\u011b lep\u0161\u00edch v\u00fdsledk\u016f je mo\u017eno dos\u00e1hnout s pneumatikami \u0159ady Tuning (dostupn\u00e9 pouze pro n\u011bkter\u00e1 auta).","og_locale":"en_US","og_type":"article","og_title":"Vzor 90151 - Audi A4 DTM 2008 (27237)","og_description":"Kvalitn\u00ed pneumatiky pro autodr\u00e1hy Carrera Digital 132 \/ Evolution. Vzor 90151. Dostupn\u00e9 v proveden\u00ed Premium a Exclusiv.","og_url":"https:\/\/slotcarspneu.eu\/en\/product\/sada-pneumatik-90151-audi-a4\/","og_site_name":"SlotCarsPneu.eu","article_publisher":"https:\/\/www.facebook.com\/profile.php?id=61552543293336","article_modified_time":"2026-01-15T03:53:26+00:00","og_image":[{"width":1269,"height":889,"url":"https:\/\/slotcarspneu.eu\/wp-content\/uploads\/2023\/10\/pneu_ilustrativni_foto_web.jpg","type":"image\/jpeg"}],"twitter_card":"summary_large_image","twitter_site":"@slotcarspneu","twitter_misc":{"Est. reading time":"3 minutes"},"schema":{"@context":"https:\/\/schema.org","@graph":[{"@type":"WebPage","@id":"https:\/\/slotcarspneu.eu\/en\/product\/sada-pneumatik-90151-audi-a4\/","url":"https:\/\/slotcarspneu.eu\/en\/product\/sada-pneumatik-90151-audi-a4\/","name":"Vzor 90151 - Audi A4 DTM 2008 (27237) - SlotCarsPneu.eu","isPartOf":{"@id":"https:\/\/slotcarspneu.eu\/#website"},"primaryImageOfPage":{"@id":"https:\/\/slotcarspneu.eu\/en\/product\/sada-pneumatik-90151-audi-a4\/#primaryimage"},"image":{"@id":"https:\/\/slotcarspneu.eu\/en\/product\/sada-pneumatik-90151-audi-a4\/#primaryimage"},"thumbnailUrl":"https:\/\/slotcarspneu.eu\/wp-content\/uploads\/2023\/10\/pneu_ilustrativni_foto_web.jpg","datePublished":"2023-10-23T20:44:05+00:00","dateModified":"2026-01-15T03:53:26+00:00","description":"Kvalitn\u00ed pneumatiky pro autodr\u00e1hy Carrera Digital 132 \/ Evolution. Vzor 90151. Dostupn\u00e9 v proveden\u00ed Premium a Exclusiv.","breadcrumb":{"@id":"https:\/\/slotcarspneu.eu\/en\/product\/sada-pneumatik-90151-audi-a4\/#breadcrumb"},"inLanguage":"en-US","potentialAction":[{"@type":"ReadAction","target":["https:\/\/slotcarspneu.eu\/en\/product\/sada-pneumatik-90151-audi-a4\/"]}]},{"@type":"ImageObject","inLanguage":"en-US","@id":"https:\/\/slotcarspneu.eu\/en\/product\/sada-pneumatik-90151-audi-a4\/#primaryimage","url":"https:\/\/slotcarspneu.eu\/wp-content\/uploads\/2023\/10\/pneu_ilustrativni_foto_web.jpg","contentUrl":"https:\/\/slotcarspneu.eu\/wp-content\/uploads\/2023\/10\/pneu_ilustrativni_foto_web.jpg","width":1269,"height":889,"caption":"Sada pneumatik Exclusiv \/ Tuning"},{"@type":"BreadcrumbList","@id":"https:\/\/slotcarspneu.eu\/en\/product\/sada-pneumatik-90151-audi-a4\/#breadcrumb","itemListElement":[{"@type":"ListItem","position":1,"name":"Shop","item":"https:\/\/slotcarspneu.eu\/cs\/"},{"@type":"ListItem","position":2,"name":"Shop","item":"https:\/\/slotcarspneu.eu\/cs\/"},{"@type":"ListItem","position":3,"name":"Vzor 90151 - Audi A4 DTM 2008 (27237)"}]},{"@type":"WebSite","@id":"https:\/\/slotcarspneu.eu\/en\/#website","url":"https:\/\/slotcarspneu.eu\/en\/","name":"SlotCarsPneu.eu","description":"High-quality silicone tires for slotcar","potentialAction":[{"@type":"SearchAction","target":{"@type":"EntryPoint","urlTemplate":"https:\/\/slotcarspneu.eu\/en\/?s={search_term_string}"},"query-input":{"@type":"PropertyValueSpecification","valueRequired":true,"valueName":"search_term_string"}}],"inLanguage":"en-US"}]}},"jetpack_sharing_enabled":true,"_links":{"self":[{"href":"https:\/\/slotcarspneu.eu\/en\/wp-json\/wp\/v2\/product\/303","targetHints":{"allow":["GET"]}}],"collection":[{"href":"https:\/\/slotcarspneu.eu\/en\/wp-json\/wp\/v2\/product"}],"about":[{"href":"https:\/\/slotcarspneu.eu\/en\/wp-json\/wp\/v2\/types\/product"}],"replies":[{"embeddable":true,"href":"https:\/\/slotcarspneu.eu\/en\/wp-json\/wp\/v2\/comments?post=303"}],"wp:featuredmedia":[{"embeddable":true,"href":"https:\/\/slotcarspneu.eu\/en\/wp-json\/wp\/v2\/media\/132"}],"wp:attachment":[{"href":"https:\/\/slotcarspneu.eu\/en\/wp-json\/wp\/v2\/media?parent=303"}],"wp:term":[{"taxonomy":"product_brand","embeddable":true,"href":"https:\/\/slotcarspneu.eu\/en\/wp-json\/wp\/v2\/product_brand?post=303"},{"taxonomy":"product_cat","embeddable":true,"href":"https:\/\/slotcarspneu.eu\/en\/wp-json\/wp\/v2\/product_cat?post=303"},{"taxonomy":"product_tag","embeddable":true,"href":"https:\/\/slotcarspneu.eu\/en\/wp-json\/wp\/v2\/product_tag?post=303"}],"curies":[{"name":"wp","href":"https:\/\/api.w.org\/{rel}","templated":true}]}}