{"id":180,"date":"2023-10-19T19:38:20","date_gmt":"2023-10-19T17:38:20","guid":{"rendered":"https:\/\/slotcarspneu.eu\/?post_type=product&#038;p=180"},"modified":"2026-01-15T04:55:10","modified_gmt":"2026-01-15T03:55:10","slug":"sada-pneumatik-89764-ferrari-f10-f-alonso-27323","status":"publish","type":"product","link":"https:\/\/slotcarspneu.eu\/en\/product\/sada-pneumatik-89764-ferrari-f10-f-alonso-27323\/","title":{"rendered":"Vzor 89764 - Ferrari F10 \"F. Alonso\" (27323)"},"content":{"rendered":"<p>Pneumatiky pro auta na autodr\u00e1hu Carrera Digital 132\/ Carrera Evolution.<\/p>\n<p>Pneumatiky jsou k dispozici ve variant\u00e1ch Premium (z\u00e1kladn\u00ed proveden\u00ed pneumatiky s rozm\u011bry kompatibiln\u00edmi s origin\u00e1ln\u00edmi pneumatikami Carrera), Exclusiv s kvalitn\u011bj\u0161\u00ed povrchovou \u00fapravou a pro n\u011bkter\u00e1 auta Tuning (povrchov\u00e1 \u00faprava jako Exclusiv, zmen\u0161en\u00fd pr\u016fm\u011br zadn\u00edch pneumatik zvy\u0161uje p\u0159\u00edtlak magnet\u016f, auta v\u00fdrazn\u011b l\u00e9pe dr\u017e\u00ed v zat\u00e1\u010dk\u00e1ch).<\/p>\n<p>D\u00edky pou\u017eit\u00e9mu vysokopevnostn\u00edmu silikonu dosahuj\u00ed vozy s pneumatikami Premium a Exclusiv asi o 30% lep\u0161\u00edch \u010das\u016f, ne\u017e s origin\u00e1ln\u00edmi pneumatikami. Tak\u00e9 zhor\u0161ov\u00e1n\u00ed j\u00edzdn\u00edch vlastnost\u00ed vlivem \u010dasu (tvrdnut\u00ed, okor\u00e1v\u00e1n\u00ed pneumatik) prob\u00edh\u00e1 v\u00fdrazn\u011b pomaleji, pneu v\u00e1m bezpe\u010dn\u011b vydr\u017e\u00ed n\u011bkolik sezon.<\/p>\n<p>Katalogov\u00e9 \u010d\u00edslo pneumatik Carrera: 89764<\/p>\n<p>Kompatibiln\u00ed auta Carrera Evolution:<br \/>\n27528 &#8211; Ferrari SF 15-T S. Vettel, No.5<br \/>\n27323 &#8211; Ferrari F10 F. Alonso<br \/>\n27324 &#8211; Red Bull RB5 Sebastian Vettel, No.15<br \/>\n27325 &#8211; Vodafone McLaren-Mercedes Race Car 2010<br \/>\n27394 &#8211; Vodafone McLaren Mercedes Race Car 2011, No.3<br \/>\n27417 &#8211; Ferrari 150\u00b0 Italia Fernando Alonso, No.5<br \/>\n27418 &#8211; Ferrari 150\u00b0 Italia Felipe Massa, No.6<br \/>\n27419 &#8211; Red Bull RB7 Sebastian Vettel, No.1<br \/>\n27420 &#8211; Red Bull RB7 Mark Webber, No.2<br \/>\n27465 &#8211; Infinity Red Bull Racing RB9 S. Vettel, No.1<br \/>\n27466 &#8211; Ferrari F138 F. Alonso, No.3<br \/>\n27494 &#8211; Mercedes-Benz F1 W05 Hybrid N. Rosberg, No.6<br \/>\n27495 &#8211; Mercedes-Benz F1 W05 Hybrid L. Hamilton, No.44<br \/>\n27496 &#8211; Ferrari F14 T F. Alonso, No.14<br \/>\n27497 &#8211; Ferrari F14 T K. Raikk\u00f6nen, No.7<\/p>\n<p>Kompatibiln\u00ed auta Carrera Digital 132:<br \/>\n30763 &#8211; Ferrari SF 15-T S. Vettel, No.5<br \/>\n30516 &#8211; Ferrari F10 F. Alonso<br \/>\n30517 &#8211; Red Bull RB5 Sebastian Vettel, No.15<br \/>\n30518 &#8211; Vodafone McLaren-Mercedes Race Car 2010<br \/>\n30599 &#8211; Vodafone McLaren Mercedes Race Car 2011, No.3<br \/>\n30600 &#8211; Vodafone McLaren Mercedes Race Car 2011, No.4<br \/>\n30626 &#8211; Ferrari 150\u00b0 Italia Fernando Alonso, No.5<br \/>\n30627 &#8211; Ferrari 150\u00b0 Italia Felipe Massa, No.6<br \/>\n30628 &#8211; Red Bull RB7 Sebastian Vettel, No.1<br \/>\n30629 &#8211; Red Bull RB7 Mark Webber, No.2<br \/>\n30693 &#8211; Infinity Red Bull Racing RB9 S. Vettel, No.1<br \/>\n30694 &#8211; Infinity Red Bull Racing RB9 No.2<br \/>\n30695 &#8211; Ferrari F138 F. Alonso, No.3<br \/>\n30732 &#8211; Mercedes-Benz F1 W05 Hybrid N. Rosberg, No.6<br \/>\n30733 &#8211; Mercedes-Benz F1 W05 Hybrid L. Hamilton, No.44<br \/>\n30764 &#8211; Ferrari F14 T F. Alonso, No.14<br \/>\n30735 &#8211; Ferrari F14 T K. Raikk\u00f6nen, No.7<\/p>\n","protected":false},"excerpt":{"rendered":"<p>Vysoce kvalitn\u00ed silikonov\u00e9 pneumatiky na autodr\u00e1hov\u00e1 aut\u00ed\u010dka Carrera Digital 132 a Carrera Evolution. Pou\u017eit\u00fd materi\u00e1l nab\u00edz\u00ed asi o 30% lep\u0161\u00ed j\u00edzdn\u00ed vlastnosti oproti origin\u00e1ln\u00edm pneumatik\u00e1m. Je\u0161t\u011b lep\u0161\u00edch v\u00fdsledk\u016f je mo\u017eno dos\u00e1hnout s pneumatikami \u0159ady Tuning (dostupn\u00e9 pouze pro n\u011bkter\u00e1 auta).<\/p>\n","protected":false},"featured_media":132,"comment_status":"open","ping_status":"closed","template":"","meta":[],"product_brand":[],"product_cat":[27,28,22],"product_tag":[64,63,43,44,25,38,37,39,45,40,42,41],"class_list":{"0":"post-180","1":"product","2":"type-product","3":"status-publish","4":"has-post-thumbnail","6":"product_cat-carrera-digital-132","7":"product_cat-carrera-evolution","8":"product_cat-pneumatiky-pro-autodrahy-carrera","9":"product_tag-64","10":"product_tag-63","11":"product_tag-slotcar","12":"product_tag-autodrahy","13":"product_tag-carrera","14":"product_tag-carrera-digital-132","15":"product_tag-carrera-evolution","16":"product_tag-pneu","17":"product_tag-pneumatiky","18":"product_tag-reifen","20":"product_tag-tires","21":"thunk-woo-product-list","22":"opn-qv-enable","23":"open-woo-hover-zoom","24":"open-single-product-tab-horizontal","25":"open-shadow-","26":"open-shadow-hover-","28":"first","29":"instock","30":"shipping-taxable","31":"purchasable","32":"product-type-variable","33":"has-default-attributes"},"yoast_head":"<!-- This site is optimized with the Yoast SEO plugin v27.0 - https:\/\/yoast.com\/product\/yoast-seo-wordpress\/ -->\n<title>Vzor 89764 - Ferrari F10 &quot;F. Alonso&quot; (27323)<\/title>\n<meta name=\"description\" content=\"Vysoce kvalitn\u00ed silikonov\u00e9 pneumatiky na autodr\u00e1hov\u00e1 aut\u00ed\u010dka Carrera Digital 132 a Carrera Evolution. Pou\u017eit\u00fd materi\u00e1l nab\u00edz\u00ed asi o 30% lep\u0161\u00ed j\u00edzdn\u00ed vlastnosti oproti origin\u00e1ln\u00edm pneumatik\u00e1m. Je\u0161t\u011b lep\u0161\u00edch v\u00fdsledk\u016f je mo\u017eno dos\u00e1hnout s pneumatikami \u0159ady Tuning (dostupn\u00e9 pouze pro n\u011bkter\u00e1 auta).\" \/>\n<meta name=\"robots\" content=\"index, follow, max-snippet:-1, max-image-preview:large, max-video-preview:-1\" \/>\n<link rel=\"canonical\" href=\"http:\/\/Vysoce%20kvalitn\u00ed%20silikonov\u00e9%20pneumatiky%20na%20autodr\u00e1hov\u00e1%20aut\u00ed\u010dka%20Carrera%20Digital%20132%20a%20Carrera%20Evolution.%20Pou\u017eit\u00fd%20materi\u00e1l%20nab\u00edz\u00ed%20asi%20o%2030%%20lep\u0161\u00ed%20j\u00edzdn\u00ed%20vlastnosti%20oproti%20origin\u00e1ln\u00edm%20pneumatik\u00e1m.%20Je\u0161t\u011b%20lep\u0161\u00edch%20v\u00fdsledk\u016f%20je%20mo\u017eno%20dos\u00e1hnout%20s%20pneumatikami%20\u0159ady%20Tuning%20(dostupn\u00e9%20pouze%20pro%20n\u011bkter\u00e1%20auta).\" \/>\n<meta property=\"og:locale\" content=\"en_US\" \/>\n<meta property=\"og:type\" content=\"article\" \/>\n<meta property=\"og:title\" content=\"Vzor 89764 - Ferrari F10 &quot;F. Alonso&quot; (27323)\" \/>\n<meta property=\"og:description\" content=\"Vysoce kvalitn\u00ed silikonov\u00e9 pneumatiky na autodr\u00e1hov\u00e1 aut\u00ed\u010dka Carrera Digital 132 a Carrera Evolution. Pou\u017eit\u00fd materi\u00e1l nab\u00edz\u00ed asi o 30% lep\u0161\u00ed j\u00edzdn\u00ed vlastnosti oproti origin\u00e1ln\u00edm pneumatik\u00e1m. Je\u0161t\u011b lep\u0161\u00edch v\u00fdsledk\u016f je mo\u017eno dos\u00e1hnout s pneumatikami \u0159ady Tuning (dostupn\u00e9 pouze pro n\u011bkter\u00e1 auta).\" \/>\n<meta property=\"og:url\" content=\"https:\/\/slotcarspneu.eu\/en\/product\/sada-pneumatik-89764-ferrari-f10-f-alonso-27323\/\" \/>\n<meta property=\"og:site_name\" content=\"SlotCarsPneu.eu\" \/>\n<meta property=\"article:publisher\" content=\"https:\/\/www.facebook.com\/profile.php?id=61552543293336\" \/>\n<meta property=\"article:modified_time\" content=\"2026-01-15T03:55:10+00:00\" \/>\n<meta property=\"og:image\" content=\"https:\/\/slotcarspneu.eu\/wp-content\/uploads\/2023\/10\/pneu_ilustrativni_foto_web.jpg\" \/>\n\t<meta property=\"og:image:width\" content=\"1269\" \/>\n\t<meta property=\"og:image:height\" content=\"889\" \/>\n\t<meta property=\"og:image:type\" content=\"image\/jpeg\" \/>\n<meta name=\"twitter:card\" content=\"summary_large_image\" \/>\n<meta name=\"twitter:site\" content=\"@slotcarspneu\" \/>\n<meta name=\"twitter:label1\" content=\"Est. reading time\" \/>\n\t<meta name=\"twitter:data1\" content=\"2 minutes\" \/>\n<script type=\"application\/ld+json\" class=\"yoast-schema-graph\">{\"@context\":\"https:\/\/schema.org\",\"@graph\":[{\"@type\":\"WebPage\",\"@id\":\"https:\/\/slotcarspneu.eu\/en\/product\/sada-pneumatik-89764-ferrari-f10-f-alonso-27323\/\",\"url\":\"https:\/\/slotcarspneu.eu\/en\/product\/sada-pneumatik-89764-ferrari-f10-f-alonso-27323\/\",\"name\":\"Vzor 89764 - Ferrari F10 \\\"F. Alonso\\\" (27323) - SlotCarsPneu.eu\",\"isPartOf\":{\"@id\":\"https:\/\/slotcarspneu.eu\/#website\"},\"primaryImageOfPage\":{\"@id\":\"https:\/\/slotcarspneu.eu\/en\/product\/sada-pneumatik-89764-ferrari-f10-f-alonso-27323\/#primaryimage\"},\"image\":{\"@id\":\"https:\/\/slotcarspneu.eu\/en\/product\/sada-pneumatik-89764-ferrari-f10-f-alonso-27323\/#primaryimage\"},\"thumbnailUrl\":\"https:\/\/slotcarspneu.eu\/wp-content\/uploads\/2023\/10\/pneu_ilustrativni_foto_web.jpg\",\"datePublished\":\"2023-10-19T17:38:20+00:00\",\"dateModified\":\"2026-01-15T03:55:10+00:00\",\"breadcrumb\":{\"@id\":\"https:\/\/slotcarspneu.eu\/en\/product\/sada-pneumatik-89764-ferrari-f10-f-alonso-27323\/#breadcrumb\"},\"inLanguage\":\"en-US\",\"potentialAction\":[{\"@type\":\"ReadAction\",\"target\":[\"https:\/\/slotcarspneu.eu\/en\/product\/sada-pneumatik-89764-ferrari-f10-f-alonso-27323\/\"]}]},{\"@type\":\"ImageObject\",\"inLanguage\":\"en-US\",\"@id\":\"https:\/\/slotcarspneu.eu\/en\/product\/sada-pneumatik-89764-ferrari-f10-f-alonso-27323\/#primaryimage\",\"url\":\"https:\/\/slotcarspneu.eu\/wp-content\/uploads\/2023\/10\/pneu_ilustrativni_foto_web.jpg\",\"contentUrl\":\"https:\/\/slotcarspneu.eu\/wp-content\/uploads\/2023\/10\/pneu_ilustrativni_foto_web.jpg\",\"width\":1269,\"height\":889,\"caption\":\"Sada pneumatik Exclusiv \/ Tuning\"},{\"@type\":\"BreadcrumbList\",\"@id\":\"https:\/\/slotcarspneu.eu\/en\/product\/sada-pneumatik-89764-ferrari-f10-f-alonso-27323\/#breadcrumb\",\"itemListElement\":[{\"@type\":\"ListItem\",\"position\":1,\"name\":\"Shop\",\"item\":\"https:\/\/slotcarspneu.eu\/cs\/\"},{\"@type\":\"ListItem\",\"position\":2,\"name\":\"Shop\",\"item\":\"https:\/\/slotcarspneu.eu\/cs\/\"},{\"@type\":\"ListItem\",\"position\":3,\"name\":\"Vzor 89764 - Ferrari F10 \\\"F. Alonso\\\" (27323)\"}]},{\"@type\":\"WebSite\",\"@id\":\"https:\/\/slotcarspneu.eu\/en\/#website\",\"url\":\"https:\/\/slotcarspneu.eu\/en\/\",\"name\":\"SlotCarsPneu.eu\",\"description\":\"High-quality silicone tires for slotcar\",\"potentialAction\":[{\"@type\":\"SearchAction\",\"target\":{\"@type\":\"EntryPoint\",\"urlTemplate\":\"https:\/\/slotcarspneu.eu\/en\/?s={search_term_string}\"},\"query-input\":{\"@type\":\"PropertyValueSpecification\",\"valueRequired\":true,\"valueName\":\"search_term_string\"}}],\"inLanguage\":\"en-US\"}]}<\/script>\n<!-- \/ Yoast SEO plugin. -->","yoast_head_json":{"title":"Vzor 89764 - Ferrari F10 \"F. Alonso\" (27323)","description":"Vysoce kvalitn\u00ed silikonov\u00e9 pneumatiky na autodr\u00e1hov\u00e1 aut\u00ed\u010dka Carrera Digital 132 a Carrera Evolution. Pou\u017eit\u00fd materi\u00e1l nab\u00edz\u00ed asi o 30% lep\u0161\u00ed j\u00edzdn\u00ed vlastnosti oproti origin\u00e1ln\u00edm pneumatik\u00e1m. Je\u0161t\u011b lep\u0161\u00edch v\u00fdsledk\u016f je mo\u017eno dos\u00e1hnout s pneumatikami \u0159ady Tuning (dostupn\u00e9 pouze pro n\u011bkter\u00e1 auta).","robots":{"index":"index","follow":"follow","max-snippet":"max-snippet:-1","max-image-preview":"max-image-preview:large","max-video-preview":"max-video-preview:-1"},"canonical":"Vysoce kvalitn\u00ed silikonov\u00e9 pneumatiky na autodr\u00e1hov\u00e1 aut\u00ed\u010dka Carrera Digital 132 a Carrera Evolution. Pou\u017eit\u00fd materi\u00e1l nab\u00edz\u00ed asi o 30% lep\u0161\u00ed j\u00edzdn\u00ed vlastnosti oproti origin\u00e1ln\u00edm pneumatik\u00e1m. Je\u0161t\u011b lep\u0161\u00edch v\u00fdsledk\u016f je mo\u017eno dos\u00e1hnout s pneumatikami \u0159ady Tuning (dostupn\u00e9 pouze pro n\u011bkter\u00e1 auta).","og_locale":"en_US","og_type":"article","og_title":"Vzor 89764 - Ferrari F10 \"F. Alonso\" (27323)","og_description":"Vysoce kvalitn\u00ed silikonov\u00e9 pneumatiky na autodr\u00e1hov\u00e1 aut\u00ed\u010dka Carrera Digital 132 a Carrera Evolution. Pou\u017eit\u00fd materi\u00e1l nab\u00edz\u00ed asi o 30% lep\u0161\u00ed j\u00edzdn\u00ed vlastnosti oproti origin\u00e1ln\u00edm pneumatik\u00e1m. Je\u0161t\u011b lep\u0161\u00edch v\u00fdsledk\u016f je mo\u017eno dos\u00e1hnout s pneumatikami \u0159ady Tuning (dostupn\u00e9 pouze pro n\u011bkter\u00e1 auta).","og_url":"https:\/\/slotcarspneu.eu\/en\/product\/sada-pneumatik-89764-ferrari-f10-f-alonso-27323\/","og_site_name":"SlotCarsPneu.eu","article_publisher":"https:\/\/www.facebook.com\/profile.php?id=61552543293336","article_modified_time":"2026-01-15T03:55:10+00:00","og_image":[{"width":1269,"height":889,"url":"https:\/\/slotcarspneu.eu\/wp-content\/uploads\/2023\/10\/pneu_ilustrativni_foto_web.jpg","type":"image\/jpeg"}],"twitter_card":"summary_large_image","twitter_site":"@slotcarspneu","twitter_misc":{"Est. reading time":"2 minutes"},"schema":{"@context":"https:\/\/schema.org","@graph":[{"@type":"WebPage","@id":"https:\/\/slotcarspneu.eu\/en\/product\/sada-pneumatik-89764-ferrari-f10-f-alonso-27323\/","url":"https:\/\/slotcarspneu.eu\/en\/product\/sada-pneumatik-89764-ferrari-f10-f-alonso-27323\/","name":"Vzor 89764 - Ferrari F10 \"F. Alonso\" (27323) - SlotCarsPneu.eu","isPartOf":{"@id":"https:\/\/slotcarspneu.eu\/#website"},"primaryImageOfPage":{"@id":"https:\/\/slotcarspneu.eu\/en\/product\/sada-pneumatik-89764-ferrari-f10-f-alonso-27323\/#primaryimage"},"image":{"@id":"https:\/\/slotcarspneu.eu\/en\/product\/sada-pneumatik-89764-ferrari-f10-f-alonso-27323\/#primaryimage"},"thumbnailUrl":"https:\/\/slotcarspneu.eu\/wp-content\/uploads\/2023\/10\/pneu_ilustrativni_foto_web.jpg","datePublished":"2023-10-19T17:38:20+00:00","dateModified":"2026-01-15T03:55:10+00:00","breadcrumb":{"@id":"https:\/\/slotcarspneu.eu\/en\/product\/sada-pneumatik-89764-ferrari-f10-f-alonso-27323\/#breadcrumb"},"inLanguage":"en-US","potentialAction":[{"@type":"ReadAction","target":["https:\/\/slotcarspneu.eu\/en\/product\/sada-pneumatik-89764-ferrari-f10-f-alonso-27323\/"]}]},{"@type":"ImageObject","inLanguage":"en-US","@id":"https:\/\/slotcarspneu.eu\/en\/product\/sada-pneumatik-89764-ferrari-f10-f-alonso-27323\/#primaryimage","url":"https:\/\/slotcarspneu.eu\/wp-content\/uploads\/2023\/10\/pneu_ilustrativni_foto_web.jpg","contentUrl":"https:\/\/slotcarspneu.eu\/wp-content\/uploads\/2023\/10\/pneu_ilustrativni_foto_web.jpg","width":1269,"height":889,"caption":"Sada pneumatik Exclusiv \/ Tuning"},{"@type":"BreadcrumbList","@id":"https:\/\/slotcarspneu.eu\/en\/product\/sada-pneumatik-89764-ferrari-f10-f-alonso-27323\/#breadcrumb","itemListElement":[{"@type":"ListItem","position":1,"name":"Shop","item":"https:\/\/slotcarspneu.eu\/cs\/"},{"@type":"ListItem","position":2,"name":"Shop","item":"https:\/\/slotcarspneu.eu\/cs\/"},{"@type":"ListItem","position":3,"name":"Vzor 89764 - Ferrari F10 \"F. Alonso\" (27323)"}]},{"@type":"WebSite","@id":"https:\/\/slotcarspneu.eu\/en\/#website","url":"https:\/\/slotcarspneu.eu\/en\/","name":"SlotCarsPneu.eu","description":"High-quality silicone tires for slotcar","potentialAction":[{"@type":"SearchAction","target":{"@type":"EntryPoint","urlTemplate":"https:\/\/slotcarspneu.eu\/en\/?s={search_term_string}"},"query-input":{"@type":"PropertyValueSpecification","valueRequired":true,"valueName":"search_term_string"}}],"inLanguage":"en-US"}]}},"jetpack_sharing_enabled":true,"_links":{"self":[{"href":"https:\/\/slotcarspneu.eu\/en\/wp-json\/wp\/v2\/product\/180","targetHints":{"allow":["GET"]}}],"collection":[{"href":"https:\/\/slotcarspneu.eu\/en\/wp-json\/wp\/v2\/product"}],"about":[{"href":"https:\/\/slotcarspneu.eu\/en\/wp-json\/wp\/v2\/types\/product"}],"replies":[{"embeddable":true,"href":"https:\/\/slotcarspneu.eu\/en\/wp-json\/wp\/v2\/comments?post=180"}],"wp:featuredmedia":[{"embeddable":true,"href":"https:\/\/slotcarspneu.eu\/en\/wp-json\/wp\/v2\/media\/132"}],"wp:attachment":[{"href":"https:\/\/slotcarspneu.eu\/en\/wp-json\/wp\/v2\/media?parent=180"}],"wp:term":[{"taxonomy":"product_brand","embeddable":true,"href":"https:\/\/slotcarspneu.eu\/en\/wp-json\/wp\/v2\/product_brand?post=180"},{"taxonomy":"product_cat","embeddable":true,"href":"https:\/\/slotcarspneu.eu\/en\/wp-json\/wp\/v2\/product_cat?post=180"},{"taxonomy":"product_tag","embeddable":true,"href":"https:\/\/slotcarspneu.eu\/en\/wp-json\/wp\/v2\/product_tag?post=180"}],"curies":[{"name":"wp","href":"https:\/\/api.w.org\/{rel}","templated":true}]}}