{"id":158,"date":"2023-10-19T17:10:55","date_gmt":"2023-10-19T15:10:55","guid":{"rendered":"https:\/\/slotcarspneu.eu\/?post_type=product&#038;p=158"},"modified":"2024-11-16T21:43:21","modified_gmt":"2024-11-16T20:43:21","slug":"89952-lightning-mcqueen-30806","status":"publish","type":"product","link":"https:\/\/slotcarspneu.eu\/en\/product\/89952-lightning-mcqueen-30806\/","title":{"rendered":"Model 89952 - tires for Lightning McQueen (30806)"},"content":{"rendered":"<p>Tires for Carrera Digital 132\/ Carrera Evolution track cars.<\/p>\n<p>Tires are available in Premium (basic tire design with dimensions compatible with original Carrera tires), Exclusiv with a higher quality surface finish and for some cars Tuning (surface finish like Exclusiv, reduced diameter of the rear tires increases the downforce of the magnets, the cars hold significantly better in corners).<\/p>\n<p>Thanks to the high-strength silicone used, cars with Premium and Exclusiv tires achieve about 30% better times than with original tires. Also, the deterioration of driving characteristics due to time (hardening, peeling of tires) occurs significantly slower, the tires will safely last you several seasons.<\/p>\n<p>Carrera tire catalog number: 89952<\/p>\n<p>Compatible Carrera Evolution cars: 27539, 27585<\/p>\n<p>Compatible Carrera Digital 132 cars: 30806, 30859<\/p>\n","protected":false},"excerpt":{"rendered":"<p>High-quality silicone tires for the Carrera Digital 132 and Carrera Evolution race cars. The material used offers about 30% better driving characteristics compared to the original tires. Even better results can be achieved with the Tuning series tires (available only for some cars).<\/p>\n","protected":false},"featured_media":196,"comment_status":"open","ping_status":"closed","template":"","meta":[],"product_brand":[],"product_cat":[27,28,22],"product_tag":[61,60,43,44,25,38,37,39,45,40,42,41],"class_list":{"0":"post-158","1":"product","2":"type-product","3":"status-publish","4":"has-post-thumbnail","6":"product_cat-carrera-digital-132","7":"product_cat-carrera-evolution","8":"product_cat-pneumatiky-pro-autodrahy-carrera","9":"product_tag-61","10":"product_tag-60","11":"product_tag-slotcar","12":"product_tag-autodrahy","13":"product_tag-carrera","14":"product_tag-carrera-digital-132","15":"product_tag-carrera-evolution","16":"product_tag-pneu","17":"product_tag-pneumatiky","18":"product_tag-reifen","20":"product_tag-tires","21":"thunk-woo-product-list","22":"opn-qv-enable","23":"open-woo-hover-zoom","24":"open-single-product-tab-horizontal","25":"open-shadow-","26":"open-shadow-hover-","28":"first","29":"instock","30":"shipping-taxable","31":"purchasable","32":"product-type-variable","33":"has-default-attributes"},"yoast_head":"<!-- This site is optimized with the Yoast SEO plugin v27.0 - https:\/\/yoast.com\/product\/yoast-seo-wordpress\/ -->\n<title>Model 89952 - tires for Lightning McQueen (30806)<\/title>\n<meta name=\"description\" content=\"High-quality silicone tires for the Carrera Digital 132 and Carrera Evolution race cars. The material used offers about 30% better driving characteristics compared to the original tires. Even better results can be achieved with the Tuning series tires (available only for some cars).\" \/>\n<meta name=\"robots\" content=\"index, follow, max-snippet:-1, max-image-preview:large, max-video-preview:-1\" \/>\n<link rel=\"canonical\" href=\"http:\/\/High-quality%20silicone%20tires%20for%20the%20Carrera%20Digital%20132%20and%20Carrera%20Evolution%20race%20cars.%20The%20material%20used%20offers%20about%2030%%20better%20driving%20characteristics%20compared%20to%20the%20original%20tires.%20Even%20better%20results%20can%20be%20achieved%20with%20the%20Tuning%20series%20tires%20(available%20only%20for%20some%20cars).\" \/>\n<meta property=\"og:locale\" content=\"en_US\" \/>\n<meta property=\"og:type\" content=\"article\" \/>\n<meta property=\"og:title\" content=\"Model 89952 - tires for Lightning McQueen (30806)\" \/>\n<meta property=\"og:description\" content=\"High-quality silicone tires for the Carrera Digital 132 and Carrera Evolution race cars. The material used offers about 30% better driving characteristics compared to the original tires. Even better results can be achieved with the Tuning series tires (available only for some cars).\" \/>\n<meta property=\"og:url\" content=\"https:\/\/slotcarspneu.eu\/en\/product\/89952-lightning-mcqueen-30806\/\" \/>\n<meta property=\"og:site_name\" content=\"SlotCarsPneu.eu\" \/>\n<meta property=\"article:publisher\" content=\"https:\/\/www.facebook.com\/profile.php?id=61552543293336\" \/>\n<meta property=\"article:modified_time\" content=\"2024-11-16T20:43:21+00:00\" \/>\n<meta property=\"og:image\" content=\"https:\/\/slotcarspneu.eu\/wp-content\/uploads\/2023\/10\/McQueen_30806_pneu_02_web.jpg\" \/>\n\t<meta property=\"og:image:width\" content=\"1148\" \/>\n\t<meta property=\"og:image:height\" content=\"1224\" \/>\n\t<meta property=\"og:image:type\" content=\"image\/jpeg\" \/>\n<meta name=\"twitter:card\" content=\"summary_large_image\" \/>\n<meta name=\"twitter:site\" content=\"@slotcarspneu\" \/>\n<meta name=\"twitter:label1\" content=\"Est. reading time\" \/>\n\t<meta name=\"twitter:data1\" content=\"1 minute\" \/>\n<script type=\"application\/ld+json\" class=\"yoast-schema-graph\">{\"@context\":\"https:\/\/schema.org\",\"@graph\":[{\"@type\":\"WebPage\",\"@id\":\"https:\/\/slotcarspneu.eu\/en\/product\/89952-lightning-mcqueen-30806\/\",\"url\":\"https:\/\/slotcarspneu.eu\/en\/product\/89952-lightning-mcqueen-30806\/\",\"name\":\"Vzor 89952 - pneumatiky pro LightningMcQueen (30806) - SlotCarsPneu.eu\",\"isPartOf\":{\"@id\":\"https:\/\/slotcarspneu.eu\/#website\"},\"primaryImageOfPage\":{\"@id\":\"https:\/\/slotcarspneu.eu\/en\/product\/89952-lightning-mcqueen-30806\/#primaryimage\"},\"image\":{\"@id\":\"https:\/\/slotcarspneu.eu\/en\/product\/89952-lightning-mcqueen-30806\/#primaryimage\"},\"thumbnailUrl\":\"https:\/\/slotcarspneu.eu\/wp-content\/uploads\/2023\/10\/McQueen_30806_pneu_02_web.jpg\",\"datePublished\":\"2023-10-19T15:10:55+00:00\",\"dateModified\":\"2024-11-16T20:43:21+00:00\",\"description\":\"Pneumatiky 89952 pro auta Carrera - Lightning McQueen. V proveden\u00ed Premium, Exclusiv a Tuning, s b\u00edl\u00fdm pruhem nebo \u010dist\u011b \u010dern\u00e9.\",\"breadcrumb\":{\"@id\":\"https:\/\/slotcarspneu.eu\/en\/product\/89952-lightning-mcqueen-30806\/#breadcrumb\"},\"inLanguage\":\"en-US\",\"potentialAction\":[{\"@type\":\"ReadAction\",\"target\":[\"https:\/\/slotcarspneu.eu\/en\/product\/89952-lightning-mcqueen-30806\/\"]}]},{\"@type\":\"ImageObject\",\"inLanguage\":\"en-US\",\"@id\":\"https:\/\/slotcarspneu.eu\/en\/product\/89952-lightning-mcqueen-30806\/#primaryimage\",\"url\":\"https:\/\/slotcarspneu.eu\/wp-content\/uploads\/2023\/10\/McQueen_30806_pneu_02_web.jpg\",\"contentUrl\":\"https:\/\/slotcarspneu.eu\/wp-content\/uploads\/2023\/10\/McQueen_30806_pneu_02_web.jpg\",\"width\":1148,\"height\":1224},{\"@type\":\"BreadcrumbList\",\"@id\":\"https:\/\/slotcarspneu.eu\/en\/product\/89952-lightning-mcqueen-30806\/#breadcrumb\",\"itemListElement\":[{\"@type\":\"ListItem\",\"position\":1,\"name\":\"Shop\",\"item\":\"https:\/\/slotcarspneu.eu\/cs\/\"},{\"@type\":\"ListItem\",\"position\":2,\"name\":\"Shop\",\"item\":\"https:\/\/slotcarspneu.eu\/cs\/\"},{\"@type\":\"ListItem\",\"position\":3,\"name\":\"Model 89952 - tires for Lightning McQueen (30806)\"}]},{\"@type\":\"WebSite\",\"@id\":\"https:\/\/slotcarspneu.eu\/en\/#website\",\"url\":\"https:\/\/slotcarspneu.eu\/en\/\",\"name\":\"SlotCarsPneu.eu\",\"description\":\"High-quality silicone tires for slotcar\",\"potentialAction\":[{\"@type\":\"SearchAction\",\"target\":{\"@type\":\"EntryPoint\",\"urlTemplate\":\"https:\/\/slotcarspneu.eu\/en\/?s={search_term_string}\"},\"query-input\":{\"@type\":\"PropertyValueSpecification\",\"valueRequired\":true,\"valueName\":\"search_term_string\"}}],\"inLanguage\":\"en-US\"}]}<\/script>\n<!-- \/ Yoast SEO plugin. -->","yoast_head_json":{"title":"Model 89952 - tires for Lightning McQueen (30806)","description":"High-quality silicone tires for the Carrera Digital 132 and Carrera Evolution race cars. The material used offers about 30% better driving characteristics compared to the original tires. Even better results can be achieved with the Tuning series tires (available only for some cars).","robots":{"index":"index","follow":"follow","max-snippet":"max-snippet:-1","max-image-preview":"max-image-preview:large","max-video-preview":"max-video-preview:-1"},"canonical":"High-quality silicone tires for the Carrera Digital 132 and Carrera Evolution race cars. The material used offers about 30% better driving characteristics compared to the original tires. Even better results can be achieved with the Tuning series tires (available only for some cars).","og_locale":"en_US","og_type":"article","og_title":"Model 89952 - tires for Lightning McQueen (30806)","og_description":"High-quality silicone tires for the Carrera Digital 132 and Carrera Evolution race cars. The material used offers about 30% better driving characteristics compared to the original tires. Even better results can be achieved with the Tuning series tires (available only for some cars).","og_url":"https:\/\/slotcarspneu.eu\/en\/product\/89952-lightning-mcqueen-30806\/","og_site_name":"SlotCarsPneu.eu","article_publisher":"https:\/\/www.facebook.com\/profile.php?id=61552543293336","article_modified_time":"2024-11-16T20:43:21+00:00","og_image":[{"width":1148,"height":1224,"url":"https:\/\/slotcarspneu.eu\/wp-content\/uploads\/2023\/10\/McQueen_30806_pneu_02_web.jpg","type":"image\/jpeg"}],"twitter_card":"summary_large_image","twitter_site":"@slotcarspneu","twitter_misc":{"Est. reading time":"1 minute"},"schema":{"@context":"https:\/\/schema.org","@graph":[{"@type":"WebPage","@id":"https:\/\/slotcarspneu.eu\/en\/product\/89952-lightning-mcqueen-30806\/","url":"https:\/\/slotcarspneu.eu\/en\/product\/89952-lightning-mcqueen-30806\/","name":"Vzor 89952 - pneumatiky pro LightningMcQueen (30806) - SlotCarsPneu.eu","isPartOf":{"@id":"https:\/\/slotcarspneu.eu\/#website"},"primaryImageOfPage":{"@id":"https:\/\/slotcarspneu.eu\/en\/product\/89952-lightning-mcqueen-30806\/#primaryimage"},"image":{"@id":"https:\/\/slotcarspneu.eu\/en\/product\/89952-lightning-mcqueen-30806\/#primaryimage"},"thumbnailUrl":"https:\/\/slotcarspneu.eu\/wp-content\/uploads\/2023\/10\/McQueen_30806_pneu_02_web.jpg","datePublished":"2023-10-19T15:10:55+00:00","dateModified":"2024-11-16T20:43:21+00:00","description":"Pneumatiky 89952 pro auta Carrera - Lightning McQueen. V proveden\u00ed Premium, Exclusiv a Tuning, s b\u00edl\u00fdm pruhem nebo \u010dist\u011b \u010dern\u00e9.","breadcrumb":{"@id":"https:\/\/slotcarspneu.eu\/en\/product\/89952-lightning-mcqueen-30806\/#breadcrumb"},"inLanguage":"en-US","potentialAction":[{"@type":"ReadAction","target":["https:\/\/slotcarspneu.eu\/en\/product\/89952-lightning-mcqueen-30806\/"]}]},{"@type":"ImageObject","inLanguage":"en-US","@id":"https:\/\/slotcarspneu.eu\/en\/product\/89952-lightning-mcqueen-30806\/#primaryimage","url":"https:\/\/slotcarspneu.eu\/wp-content\/uploads\/2023\/10\/McQueen_30806_pneu_02_web.jpg","contentUrl":"https:\/\/slotcarspneu.eu\/wp-content\/uploads\/2023\/10\/McQueen_30806_pneu_02_web.jpg","width":1148,"height":1224},{"@type":"BreadcrumbList","@id":"https:\/\/slotcarspneu.eu\/en\/product\/89952-lightning-mcqueen-30806\/#breadcrumb","itemListElement":[{"@type":"ListItem","position":1,"name":"Shop","item":"https:\/\/slotcarspneu.eu\/cs\/"},{"@type":"ListItem","position":2,"name":"Shop","item":"https:\/\/slotcarspneu.eu\/cs\/"},{"@type":"ListItem","position":3,"name":"Model 89952 - tires for Lightning McQueen (30806)"}]},{"@type":"WebSite","@id":"https:\/\/slotcarspneu.eu\/en\/#website","url":"https:\/\/slotcarspneu.eu\/en\/","name":"SlotCarsPneu.eu","description":"High-quality silicone tires for slotcar","potentialAction":[{"@type":"SearchAction","target":{"@type":"EntryPoint","urlTemplate":"https:\/\/slotcarspneu.eu\/en\/?s={search_term_string}"},"query-input":{"@type":"PropertyValueSpecification","valueRequired":true,"valueName":"search_term_string"}}],"inLanguage":"en-US"}]}},"jetpack_sharing_enabled":true,"_links":{"self":[{"href":"https:\/\/slotcarspneu.eu\/en\/wp-json\/wp\/v2\/product\/158","targetHints":{"allow":["GET"]}}],"collection":[{"href":"https:\/\/slotcarspneu.eu\/en\/wp-json\/wp\/v2\/product"}],"about":[{"href":"https:\/\/slotcarspneu.eu\/en\/wp-json\/wp\/v2\/types\/product"}],"replies":[{"embeddable":true,"href":"https:\/\/slotcarspneu.eu\/en\/wp-json\/wp\/v2\/comments?post=158"}],"wp:featuredmedia":[{"embeddable":true,"href":"https:\/\/slotcarspneu.eu\/en\/wp-json\/wp\/v2\/media\/196"}],"wp:attachment":[{"href":"https:\/\/slotcarspneu.eu\/en\/wp-json\/wp\/v2\/media?parent=158"}],"wp:term":[{"taxonomy":"product_brand","embeddable":true,"href":"https:\/\/slotcarspneu.eu\/en\/wp-json\/wp\/v2\/product_brand?post=158"},{"taxonomy":"product_cat","embeddable":true,"href":"https:\/\/slotcarspneu.eu\/en\/wp-json\/wp\/v2\/product_cat?post=158"},{"taxonomy":"product_tag","embeddable":true,"href":"https:\/\/slotcarspneu.eu\/en\/wp-json\/wp\/v2\/product_tag?post=158"}],"curies":[{"name":"wp","href":"https:\/\/api.w.org\/{rel}","templated":true}]}}