{"id":1402,"date":"2025-11-28T12:37:04","date_gmt":"2025-11-28T11:37:04","guid":{"rendered":"https:\/\/slotcarspneu.eu\/cs\/product\/\/"},"modified":"2025-11-28T13:10:42","modified_gmt":"2025-11-28T12:10:42","slug":"vzor-89553-audi-r10-tdi-winner-le-mans-2007-27261","status":"publish","type":"product","link":"https:\/\/slotcarspneu.eu\/en\/product\/vzor-89553-audi-r10-tdi-winner-le-mans-2007-27261\/","title":{"rendered":"Vzor 89553 - Audi R10 TDI Winner Le Mans 2007 (27261) - EVOLUTION!!!"},"content":{"rendered":"<p>Pneumatiky pro auta na autodr\u00e1hu Carrera Evolution.<\/p>\n<p>Pneumatiky jsou k dispozici ve variant\u00e1ch Premium (z\u00e1kladn\u00ed proveden\u00ed pneumatiky s rozm\u011bry kompatibiln\u00edmi s origin\u00e1ln\u00edmi pneumatikami Carrera), Exclusiv s kvalitn\u011bj\u0161\u00ed povrchovou \u00fapravou a pro n\u011bkter\u00e1 auta Tuning (povrchov\u00e1 \u00faprava jako Exclusiv, zmen\u0161en\u00fd pr\u016fm\u011br zadn\u00edch pneumatik zvy\u0161uje p\u0159\u00edtlak magnet\u016f, auta v\u00fdrazn\u011b l\u00e9pe dr\u017e\u00ed v zat\u00e1\u010dk\u00e1ch).<\/p>\n<p>D\u00edky pou\u017eit\u00e9mu vysokopevnostn\u00edmu silikonu dosahuj\u00ed vozy s pneumatikami Premium a Exclusiv asi o 30% lep\u0161\u00edch \u010das\u016f, ne\u017e s origin\u00e1ln\u00edmi pneumatikami. Tak\u00e9 zhor\u0161ov\u00e1n\u00ed j\u00edzdn\u00edch vlastnost\u00ed vlivem \u010dasu (tvrdnut\u00ed, okor\u00e1v\u00e1n\u00ed pneumatik) prob\u00edh\u00e1 v\u00fdrazn\u011b pomaleji, pneu v\u00e1m bezpe\u010dn\u011b vydr\u017e\u00ed n\u011bkolik sezon.<\/p>\n<p>Katalogov\u00e9 \u010d\u00edslo pneumatik: 89553<\/p>\n<p>Kompatibiln\u00ed auta Carrera Evolution:<br \/>\n27261 Audi R10 TDI Winner Le Mans 2007<\/p>\n","protected":false},"excerpt":{"rendered":"<p>Pneumatiky pro auta na autodr\u00e1hu Carrera Evolution. Pneumatiky jsou k dispozici ve variant\u00e1ch Premium (z\u00e1kladn\u00ed proveden\u00ed pneumatiky s rozm\u011bry kompatibiln\u00edmi s origin\u00e1ln\u00edmi pneumatikami Carrera), Exclusiv s kvalitn\u011bj\u0161\u00ed povrchovou \u00fapravou a pro n\u011bkter\u00e1 auta Tuning (povrchov\u00e1 \u00faprava jako Exclusiv, zmen\u0161en\u00fd pr\u016fm\u011br zadn\u00edch pneumatik zvy\u0161uje p\u0159\u00edtlak magnet\u016f, auta v\u00fdrazn\u011b l\u00e9pe dr\u017e\u00ed v zat\u00e1\u010dk\u00e1ch). D\u00edky pou\u017eit\u00e9mu vysokopevnostn\u00edmu silikonu &hellip;<\/p>\n<p class=\"read-more\"> <a class=\" thunk-readmore button \" href=\"https:\/\/slotcarspneu.eu\/en\/product\/vzor-89553-audi-r10-tdi-winner-le-mans-2007-27261\/\"> <span class=\"screen-reader-text\">Vzor 89553 &#8211; Audi R10 TDI Winner Le Mans 2007 (27261) &#8211; EVOLUTION!!!<\/span>Read More<\/a><\/p>\n","protected":false},"featured_media":87,"comment_status":"open","ping_status":"closed","template":"","meta":[],"product_brand":[],"product_cat":[27,28],"product_tag":[],"class_list":{"0":"post-1402","1":"product","2":"type-product","3":"status-publish","4":"has-post-thumbnail","6":"product_cat-carrera-digital-132","7":"product_cat-carrera-evolution","8":"thunk-woo-product-list","9":"opn-qv-enable","10":"open-woo-hover-zoom","11":"open-single-product-tab-horizontal","12":"open-shadow-","13":"open-shadow-hover-","15":"first","16":"instock","17":"shipping-taxable","18":"purchasable","19":"product-type-variable","20":"has-default-attributes"},"yoast_head":"<!-- This site is optimized with the Yoast SEO plugin v27.0 - https:\/\/yoast.com\/product\/yoast-seo-wordpress\/ -->\n<title>Vzor 89553 - Audi R10 TDI Winner Le Mans 2007 (27261) - EVOLUTION!!!<\/title>\n<meta name=\"description\" content=\"Pneumatiky pro auta na autodr\u00e1hu Carrera Evolution. Pneumatiky jsou k dispozici ve variant\u00e1ch Premium (z\u00e1kladn\u00ed proveden\u00ed pneumatiky s rozm\u011bry kompatibiln\u00edmi s origin\u00e1ln\u00edmi pneumatikami Carrera), Exclusiv s kvalitn\u011bj\u0161\u00ed povrchovou \u00fapravou a pro n\u011bkter\u00e1 auta Tuning (povrchov\u00e1 \u00faprava jako Exclusiv, zmen\u0161en\u00fd pr\u016fm\u011br zadn\u00edch pneumatik zvy\u0161uje p\u0159\u00edtlak magnet\u016f, auta v\u00fdrazn\u011b l\u00e9pe dr\u017e\u00ed v zat\u00e1\u010dk\u00e1ch). D\u00edky pou\u017eit\u00e9mu vysokopevnostn\u00edmu silikonu&hellip;\" \/>\n<meta name=\"robots\" content=\"index, follow, max-snippet:-1, max-image-preview:large, max-video-preview:-1\" \/>\n<link rel=\"canonical\" href=\"http:\/\/Pneumatiky%20pro%20auta%20na%20autodr\u00e1hu%20Carrera%20Evolution.%20Pneumatiky%20jsou%20k%20dispozici%20ve%20variant\u00e1ch%20Premium%20(z\u00e1kladn\u00ed%20proveden\u00ed%20pneumatiky%20s%20rozm\u011bry%20kompatibiln\u00edmi%20s%20origin\u00e1ln\u00edmi%20pneumatikami%20Carrera),%20Exclusiv%20s%20kvalitn\u011bj\u0161\u00ed%20povrchovou%20\u00fapravou%20a%20pro%20n\u011bkter\u00e1%20auta%20Tuning%20(povrchov\u00e1%20\u00faprava%20jako%20Exclusiv,%20zmen\u0161en\u00fd%20pr\u016fm\u011br%20zadn\u00edch%20pneumatik%20zvy\u0161uje%20p\u0159\u00edtlak%20magnet\u016f,%20auta%20v\u00fdrazn\u011b%20l\u00e9pe%20dr\u017e\u00ed%20v%20zat\u00e1\u010dk\u00e1ch).%20D\u00edky%20pou\u017eit\u00e9mu%20vysokopevnostn\u00edmu%20silikonu&hellip;\" \/>\n<meta property=\"og:locale\" content=\"en_US\" \/>\n<meta property=\"og:type\" content=\"article\" \/>\n<meta property=\"og:title\" content=\"Vzor 89553 - Audi R10 TDI Winner Le Mans 2007 (27261) - EVOLUTION!!!\" \/>\n<meta property=\"og:description\" content=\"Pneumatiky pro auta na autodr\u00e1hu Carrera Evolution. Pneumatiky jsou k dispozici ve variant\u00e1ch Premium (z\u00e1kladn\u00ed proveden\u00ed pneumatiky s rozm\u011bry kompatibiln\u00edmi s origin\u00e1ln\u00edmi pneumatikami Carrera), Exclusiv s kvalitn\u011bj\u0161\u00ed povrchovou \u00fapravou a pro n\u011bkter\u00e1 auta Tuning (povrchov\u00e1 \u00faprava jako Exclusiv, zmen\u0161en\u00fd pr\u016fm\u011br zadn\u00edch pneumatik zvy\u0161uje p\u0159\u00edtlak magnet\u016f, auta v\u00fdrazn\u011b l\u00e9pe dr\u017e\u00ed v zat\u00e1\u010dk\u00e1ch). D\u00edky pou\u017eit\u00e9mu vysokopevnostn\u00edmu silikonu&hellip;\" \/>\n<meta property=\"og:url\" content=\"https:\/\/slotcarspneu.eu\/en\/product\/vzor-89553-audi-r10-tdi-winner-le-mans-2007-27261\/\" \/>\n<meta property=\"og:site_name\" content=\"SlotCarsPneu.eu\" \/>\n<meta property=\"article:publisher\" content=\"https:\/\/www.facebook.com\/profile.php?id=61552543293336\" \/>\n<meta property=\"article:modified_time\" content=\"2025-11-28T12:10:42+00:00\" \/>\n<meta property=\"og:image\" content=\"https:\/\/slotcarspneu.eu\/wp-content\/uploads\/2023\/10\/89425_Audi_R10_LeMans_Exclusiv_pneu_03-scaled.jpg\" \/>\n\t<meta property=\"og:image:width\" content=\"2551\" \/>\n\t<meta property=\"og:image:height\" content=\"2560\" \/>\n\t<meta property=\"og:image:type\" content=\"image\/jpeg\" \/>\n<meta name=\"twitter:card\" content=\"summary_large_image\" \/>\n<meta name=\"twitter:site\" content=\"@slotcarspneu\" \/>\n<meta name=\"twitter:label1\" content=\"Est. reading time\" \/>\n\t<meta name=\"twitter:data1\" content=\"1 minute\" \/>\n<script type=\"application\/ld+json\" class=\"yoast-schema-graph\">{\"@context\":\"https:\/\/schema.org\",\"@graph\":[{\"@type\":\"WebPage\",\"@id\":\"https:\/\/slotcarspneu.eu\/en\/product\/vzor-89553-audi-r10-tdi-winner-le-mans-2007-27261\/\",\"url\":\"https:\/\/slotcarspneu.eu\/en\/product\/vzor-89553-audi-r10-tdi-winner-le-mans-2007-27261\/\",\"name\":\"Vzor 89553 - Audi R10 TDI Winner Le Mans 2007 (27261) - EVOLUTION!!! - SlotCarsPneu.eu\",\"isPartOf\":{\"@id\":\"https:\/\/slotcarspneu.eu\/#website\"},\"primaryImageOfPage\":{\"@id\":\"https:\/\/slotcarspneu.eu\/en\/product\/vzor-89553-audi-r10-tdi-winner-le-mans-2007-27261\/#primaryimage\"},\"image\":{\"@id\":\"https:\/\/slotcarspneu.eu\/en\/product\/vzor-89553-audi-r10-tdi-winner-le-mans-2007-27261\/#primaryimage\"},\"thumbnailUrl\":\"https:\/\/slotcarspneu.eu\/wp-content\/uploads\/2023\/10\/89425_Audi_R10_LeMans_Exclusiv_pneu_03-scaled.jpg\",\"datePublished\":\"2025-11-28T11:37:04+00:00\",\"dateModified\":\"2025-11-28T12:10:42+00:00\",\"breadcrumb\":{\"@id\":\"https:\/\/slotcarspneu.eu\/en\/product\/vzor-89553-audi-r10-tdi-winner-le-mans-2007-27261\/#breadcrumb\"},\"inLanguage\":\"en-US\",\"potentialAction\":[{\"@type\":\"ReadAction\",\"target\":[\"https:\/\/slotcarspneu.eu\/en\/product\/vzor-89553-audi-r10-tdi-winner-le-mans-2007-27261\/\"]}]},{\"@type\":\"ImageObject\",\"inLanguage\":\"en-US\",\"@id\":\"https:\/\/slotcarspneu.eu\/en\/product\/vzor-89553-audi-r10-tdi-winner-le-mans-2007-27261\/#primaryimage\",\"url\":\"https:\/\/slotcarspneu.eu\/wp-content\/uploads\/2023\/10\/89425_Audi_R10_LeMans_Exclusiv_pneu_03-scaled.jpg\",\"contentUrl\":\"https:\/\/slotcarspneu.eu\/wp-content\/uploads\/2023\/10\/89425_Audi_R10_LeMans_Exclusiv_pneu_03-scaled.jpg\",\"width\":2551,\"height\":2560},{\"@type\":\"BreadcrumbList\",\"@id\":\"https:\/\/slotcarspneu.eu\/en\/product\/vzor-89553-audi-r10-tdi-winner-le-mans-2007-27261\/#breadcrumb\",\"itemListElement\":[{\"@type\":\"ListItem\",\"position\":1,\"name\":\"Shop\",\"item\":\"https:\/\/slotcarspneu.eu\/cs\/\"},{\"@type\":\"ListItem\",\"position\":2,\"name\":\"Shop\",\"item\":\"https:\/\/slotcarspneu.eu\/cs\/\"},{\"@type\":\"ListItem\",\"position\":3,\"name\":\"Vzor 89553 - Audi R10 TDI Winner Le Mans 2007 (27261) - EVOLUTION!!!\"}]},{\"@type\":\"WebSite\",\"@id\":\"https:\/\/slotcarspneu.eu\/en\/#website\",\"url\":\"https:\/\/slotcarspneu.eu\/en\/\",\"name\":\"SlotCarsPneu.eu\",\"description\":\"High-quality silicone tires for slotcar\",\"potentialAction\":[{\"@type\":\"SearchAction\",\"target\":{\"@type\":\"EntryPoint\",\"urlTemplate\":\"https:\/\/slotcarspneu.eu\/en\/?s={search_term_string}\"},\"query-input\":{\"@type\":\"PropertyValueSpecification\",\"valueRequired\":true,\"valueName\":\"search_term_string\"}}],\"inLanguage\":\"en-US\"}]}<\/script>\n<!-- \/ Yoast SEO plugin. -->","yoast_head_json":{"title":"Vzor 89553 - Audi R10 TDI Winner Le Mans 2007 (27261) - EVOLUTION!!!","description":"Pneumatiky pro auta na autodr\u00e1hu Carrera Evolution. Pneumatiky jsou k dispozici ve variant\u00e1ch Premium (z\u00e1kladn\u00ed proveden\u00ed pneumatiky s rozm\u011bry kompatibiln\u00edmi s origin\u00e1ln\u00edmi pneumatikami Carrera), Exclusiv s kvalitn\u011bj\u0161\u00ed povrchovou \u00fapravou a pro n\u011bkter\u00e1 auta Tuning (povrchov\u00e1 \u00faprava jako Exclusiv, zmen\u0161en\u00fd pr\u016fm\u011br zadn\u00edch pneumatik zvy\u0161uje p\u0159\u00edtlak magnet\u016f, auta v\u00fdrazn\u011b l\u00e9pe dr\u017e\u00ed v zat\u00e1\u010dk\u00e1ch). D\u00edky pou\u017eit\u00e9mu vysokopevnostn\u00edmu silikonu&hellip;","robots":{"index":"index","follow":"follow","max-snippet":"max-snippet:-1","max-image-preview":"max-image-preview:large","max-video-preview":"max-video-preview:-1"},"canonical":"Pneumatiky pro auta na autodr\u00e1hu Carrera Evolution. Pneumatiky jsou k dispozici ve variant\u00e1ch Premium (z\u00e1kladn\u00ed proveden\u00ed pneumatiky s rozm\u011bry kompatibiln\u00edmi s origin\u00e1ln\u00edmi pneumatikami Carrera), Exclusiv s kvalitn\u011bj\u0161\u00ed povrchovou \u00fapravou a pro n\u011bkter\u00e1 auta Tuning (povrchov\u00e1 \u00faprava jako Exclusiv, zmen\u0161en\u00fd pr\u016fm\u011br zadn\u00edch pneumatik zvy\u0161uje p\u0159\u00edtlak magnet\u016f, auta v\u00fdrazn\u011b l\u00e9pe dr\u017e\u00ed v zat\u00e1\u010dk\u00e1ch). D\u00edky pou\u017eit\u00e9mu vysokopevnostn\u00edmu silikonu&hellip;","og_locale":"en_US","og_type":"article","og_title":"Vzor 89553 - Audi R10 TDI Winner Le Mans 2007 (27261) - EVOLUTION!!!","og_description":"Pneumatiky pro auta na autodr\u00e1hu Carrera Evolution. Pneumatiky jsou k dispozici ve variant\u00e1ch Premium (z\u00e1kladn\u00ed proveden\u00ed pneumatiky s rozm\u011bry kompatibiln\u00edmi s origin\u00e1ln\u00edmi pneumatikami Carrera), Exclusiv s kvalitn\u011bj\u0161\u00ed povrchovou \u00fapravou a pro n\u011bkter\u00e1 auta Tuning (povrchov\u00e1 \u00faprava jako Exclusiv, zmen\u0161en\u00fd pr\u016fm\u011br zadn\u00edch pneumatik zvy\u0161uje p\u0159\u00edtlak magnet\u016f, auta v\u00fdrazn\u011b l\u00e9pe dr\u017e\u00ed v zat\u00e1\u010dk\u00e1ch). D\u00edky pou\u017eit\u00e9mu vysokopevnostn\u00edmu silikonu&hellip;","og_url":"https:\/\/slotcarspneu.eu\/en\/product\/vzor-89553-audi-r10-tdi-winner-le-mans-2007-27261\/","og_site_name":"SlotCarsPneu.eu","article_publisher":"https:\/\/www.facebook.com\/profile.php?id=61552543293336","article_modified_time":"2025-11-28T12:10:42+00:00","og_image":[{"width":2551,"height":2560,"url":"https:\/\/slotcarspneu.eu\/wp-content\/uploads\/2023\/10\/89425_Audi_R10_LeMans_Exclusiv_pneu_03-scaled.jpg","type":"image\/jpeg"}],"twitter_card":"summary_large_image","twitter_site":"@slotcarspneu","twitter_misc":{"Est. reading time":"1 minute"},"schema":{"@context":"https:\/\/schema.org","@graph":[{"@type":"WebPage","@id":"https:\/\/slotcarspneu.eu\/en\/product\/vzor-89553-audi-r10-tdi-winner-le-mans-2007-27261\/","url":"https:\/\/slotcarspneu.eu\/en\/product\/vzor-89553-audi-r10-tdi-winner-le-mans-2007-27261\/","name":"Vzor 89553 - Audi R10 TDI Winner Le Mans 2007 (27261) - EVOLUTION!!! - SlotCarsPneu.eu","isPartOf":{"@id":"https:\/\/slotcarspneu.eu\/#website"},"primaryImageOfPage":{"@id":"https:\/\/slotcarspneu.eu\/en\/product\/vzor-89553-audi-r10-tdi-winner-le-mans-2007-27261\/#primaryimage"},"image":{"@id":"https:\/\/slotcarspneu.eu\/en\/product\/vzor-89553-audi-r10-tdi-winner-le-mans-2007-27261\/#primaryimage"},"thumbnailUrl":"https:\/\/slotcarspneu.eu\/wp-content\/uploads\/2023\/10\/89425_Audi_R10_LeMans_Exclusiv_pneu_03-scaled.jpg","datePublished":"2025-11-28T11:37:04+00:00","dateModified":"2025-11-28T12:10:42+00:00","breadcrumb":{"@id":"https:\/\/slotcarspneu.eu\/en\/product\/vzor-89553-audi-r10-tdi-winner-le-mans-2007-27261\/#breadcrumb"},"inLanguage":"en-US","potentialAction":[{"@type":"ReadAction","target":["https:\/\/slotcarspneu.eu\/en\/product\/vzor-89553-audi-r10-tdi-winner-le-mans-2007-27261\/"]}]},{"@type":"ImageObject","inLanguage":"en-US","@id":"https:\/\/slotcarspneu.eu\/en\/product\/vzor-89553-audi-r10-tdi-winner-le-mans-2007-27261\/#primaryimage","url":"https:\/\/slotcarspneu.eu\/wp-content\/uploads\/2023\/10\/89425_Audi_R10_LeMans_Exclusiv_pneu_03-scaled.jpg","contentUrl":"https:\/\/slotcarspneu.eu\/wp-content\/uploads\/2023\/10\/89425_Audi_R10_LeMans_Exclusiv_pneu_03-scaled.jpg","width":2551,"height":2560},{"@type":"BreadcrumbList","@id":"https:\/\/slotcarspneu.eu\/en\/product\/vzor-89553-audi-r10-tdi-winner-le-mans-2007-27261\/#breadcrumb","itemListElement":[{"@type":"ListItem","position":1,"name":"Shop","item":"https:\/\/slotcarspneu.eu\/cs\/"},{"@type":"ListItem","position":2,"name":"Shop","item":"https:\/\/slotcarspneu.eu\/cs\/"},{"@type":"ListItem","position":3,"name":"Vzor 89553 - Audi R10 TDI Winner Le Mans 2007 (27261) - EVOLUTION!!!"}]},{"@type":"WebSite","@id":"https:\/\/slotcarspneu.eu\/en\/#website","url":"https:\/\/slotcarspneu.eu\/en\/","name":"SlotCarsPneu.eu","description":"High-quality silicone tires for slotcar","potentialAction":[{"@type":"SearchAction","target":{"@type":"EntryPoint","urlTemplate":"https:\/\/slotcarspneu.eu\/en\/?s={search_term_string}"},"query-input":{"@type":"PropertyValueSpecification","valueRequired":true,"valueName":"search_term_string"}}],"inLanguage":"en-US"}]}},"jetpack_sharing_enabled":true,"_links":{"self":[{"href":"https:\/\/slotcarspneu.eu\/en\/wp-json\/wp\/v2\/product\/1402","targetHints":{"allow":["GET"]}}],"collection":[{"href":"https:\/\/slotcarspneu.eu\/en\/wp-json\/wp\/v2\/product"}],"about":[{"href":"https:\/\/slotcarspneu.eu\/en\/wp-json\/wp\/v2\/types\/product"}],"replies":[{"embeddable":true,"href":"https:\/\/slotcarspneu.eu\/en\/wp-json\/wp\/v2\/comments?post=1402"}],"wp:featuredmedia":[{"embeddable":true,"href":"https:\/\/slotcarspneu.eu\/en\/wp-json\/wp\/v2\/media\/87"}],"wp:attachment":[{"href":"https:\/\/slotcarspneu.eu\/en\/wp-json\/wp\/v2\/media?parent=1402"}],"wp:term":[{"taxonomy":"product_brand","embeddable":true,"href":"https:\/\/slotcarspneu.eu\/en\/wp-json\/wp\/v2\/product_brand?post=1402"},{"taxonomy":"product_cat","embeddable":true,"href":"https:\/\/slotcarspneu.eu\/en\/wp-json\/wp\/v2\/product_cat?post=1402"},{"taxonomy":"product_tag","embeddable":true,"href":"https:\/\/slotcarspneu.eu\/en\/wp-json\/wp\/v2\/product_tag?post=1402"}],"curies":[{"name":"wp","href":"https:\/\/api.w.org\/{rel}","templated":true}]}}