{"id":1345,"date":"2025-10-24T09:42:33","date_gmt":"2025-10-24T07:42:33","guid":{"rendered":"https:\/\/slotcarspneu.eu\/product\/\/"},"modified":"2026-01-15T04:44:07","modified_gmt":"2026-01-15T03:44:07","slug":"vzor-85270-ford-hotrod-supercharged","status":"publish","type":"product","link":"https:\/\/slotcarspneu.eu\/en\/product\/vzor-85270-ford-hotrod-supercharged\/","title":{"rendered":"Vzor 85270 - Ford HotRod, Supercharged (1:24)"},"content":{"rendered":"<p>Pneumatiky pro auta na autodr\u00e1hu Carrera Digital 124.<\/p>\n<p>Pneumatiky jsou k dispozici ve variant\u00e1ch <a href=\"https:\/\/slotcarspneu.eu\/o-nas\/\">Premium<\/a> (z\u00e1kladn\u00ed proveden\u00ed pneumatiky s rozm\u011bry kompatibiln\u00edmi s origin\u00e1ln\u00edmi pneumatikami Carrera) a <a href=\"https:\/\/slotcarspneu.eu\/o-nas\/\">Exclusiv<\/a> s kvalitn\u011bj\u0161\u00ed povrchovou \u00fapravou.<\/p>\n<p>D\u00edky pou\u017eit\u00e9mu vysokopevnostn\u00edmu silikonu dosahuj\u00ed vozy s pneumatikami <a href=\"https:\/\/slotcarspneu.eu\/o-nas\/\">Premium<\/a> a <a href=\"https:\/\/slotcarspneu.eu\/o-nas\/\">Exclusiv<\/a> asi o 30% lep\u0161\u00edch \u010das\u016f, ne\u017e s origin\u00e1ln\u00edmi pneumatikami. Tak\u00e9 zhor\u0161ov\u00e1n\u00ed j\u00edzdn\u00edch vlastnost\u00ed vlivem \u010dasu (tvrdnut\u00ed, okor\u00e1v\u00e1n\u00ed pneumatik) prob\u00edh\u00e1 v\u00fdrazn\u011b pomaleji, pneu v\u00e1m bezpe\u010dn\u011b vydr\u017e\u00ed n\u011bkolik sezon.<\/p>\n<p>Katalogov\u00e9 \u010d\u00edslo pneumatik Carrera: 85270<\/p>\n<p>Kompatibiln\u00ed auta Carrera Digital 124:<br \/>\n23701 &#8217;34 Ford HotRod, Supercharged<br \/>\n23702 &#8217;41 HotRod, High Performance<br \/>\n23703 &#8217;41 HotRod, Classic<br \/>\n23710 &#8217;34 Ford HotRod, Supercharged Roadster<br \/>\n23711 &#8217;41 HotRod, N\/A<br \/>\n23718 `41 HotRod, High Performance III<\/p>\n","protected":false},"excerpt":{"rendered":"<p>Vysoce kvalitn\u00ed silikonov\u00e9 pneumatiky na autodr\u00e1hov\u00e1 aut\u00ed\u010dka Carrera Digital 124. Pou\u017eit\u00fd materi\u00e1l nab\u00edz\u00ed asi o 30% lep\u0161\u00ed j\u00edzdn\u00ed vlastnosti oproti origin\u00e1ln\u00edm pneumatik\u00e1m. Je\u0161t\u011b lep\u0161\u00edch v\u00fdsledk\u016f je mo\u017eno dos\u00e1hnout s pneumatikami \u0159ady Tuning (dostupn\u00e9 pouze pro n\u011bkter\u00e1 auta).<\/p>\n","protected":false},"featured_media":1470,"comment_status":"open","ping_status":"closed","template":"","meta":[],"product_brand":[],"product_cat":[32,22],"product_tag":[44,25,186,37,39,45,40,42,41],"class_list":{"0":"post-1345","1":"product","2":"type-product","3":"status-publish","4":"has-post-thumbnail","6":"product_cat-carrera-digital-124","7":"product_cat-pneumatiky-pro-autodrahy-carrera","8":"product_tag-autodrahy","9":"product_tag-carrera","10":"product_tag-carrera-digital-124","11":"product_tag-carrera-evolution","12":"product_tag-pneu","13":"product_tag-pneumatiky","14":"product_tag-reifen","15":"product_tag-slotcar","16":"product_tag-tires","17":"thunk-woo-product-list","18":"opn-qv-enable","19":"open-woo-hover-zoom","20":"open-single-product-tab-horizontal","21":"open-shadow-","22":"open-shadow-hover-","24":"first","25":"instock","26":"shipping-taxable","27":"purchasable","28":"product-type-variable","29":"has-default-attributes"},"yoast_head":"<!-- This site is optimized with the Yoast SEO plugin v27.0 - https:\/\/yoast.com\/product\/yoast-seo-wordpress\/ -->\n<title>Vzor 85270 - Ford HotRod, Supercharged (1:24)<\/title>\n<meta name=\"description\" content=\"Kvalitn\u00ed pneumatiky pro autodr\u00e1hy Carrera Digital 124. Vzor . Dostupn\u00e9 v proveden\u00ed Premium a Exclusiv.\" \/>\n<meta name=\"robots\" content=\"index, follow, max-snippet:-1, max-image-preview:large, max-video-preview:-1\" \/>\n<link rel=\"canonical\" href=\"http:\/\/Vysoce%20kvalitn\u00ed%20silikonov\u00e9%20pneumatiky%20na%20autodr\u00e1hov\u00e1%20aut\u00ed\u010dka%20Carrera%20Digital%20124.%20Pou\u017eit\u00fd%20materi\u00e1l%20nab\u00edz\u00ed%20asi%20o%2030%%20lep\u0161\u00ed%20j\u00edzdn\u00ed%20vlastnosti%20oproti%20origin\u00e1ln\u00edm%20pneumatik\u00e1m.%20Je\u0161t\u011b%20lep\u0161\u00edch%20v\u00fdsledk\u016f%20je%20mo\u017eno%20dos\u00e1hnout%20s%20pneumatikami%20\u0159ady%20Tuning%20(dostupn\u00e9%20pouze%20pro%20n\u011bkter\u00e1%20auta).\" \/>\n<meta property=\"og:locale\" content=\"en_US\" \/>\n<meta property=\"og:type\" content=\"article\" \/>\n<meta property=\"og:title\" content=\"Vzor 85270 - Ford HotRod, Supercharged (1:24)\" \/>\n<meta property=\"og:description\" content=\"Kvalitn\u00ed pneumatiky pro autodr\u00e1hy Carrera Digital 124. Vzor . Dostupn\u00e9 v proveden\u00ed Premium a Exclusiv.\" \/>\n<meta property=\"og:url\" content=\"https:\/\/slotcarspneu.eu\/en\/product\/vzor-85270-ford-hotrod-supercharged\/\" \/>\n<meta property=\"og:site_name\" content=\"SlotCarsPneu.eu\" \/>\n<meta property=\"article:publisher\" content=\"https:\/\/www.facebook.com\/profile.php?id=61552543293336\" \/>\n<meta property=\"article:modified_time\" content=\"2026-01-15T03:44:07+00:00\" \/>\n<meta property=\"og:image\" content=\"https:\/\/slotcarspneu.eu\/wp-content\/uploads\/2025\/10\/85270_FordHotRod_01.jpg\" \/>\n\t<meta property=\"og:image:width\" content=\"1200\" \/>\n\t<meta property=\"og:image:height\" content=\"900\" \/>\n\t<meta property=\"og:image:type\" content=\"image\/jpeg\" \/>\n<meta name=\"twitter:card\" content=\"summary_large_image\" \/>\n<meta name=\"twitter:site\" content=\"@slotcarspneu\" \/>\n<meta name=\"twitter:label1\" content=\"Est. reading time\" \/>\n\t<meta name=\"twitter:data1\" content=\"1 minute\" \/>\n<script type=\"application\/ld+json\" class=\"yoast-schema-graph\">{\"@context\":\"https:\/\/schema.org\",\"@graph\":[{\"@type\":\"WebPage\",\"@id\":\"https:\/\/slotcarspneu.eu\/en\/product\/vzor-85270-ford-hotrod-supercharged\/\",\"url\":\"https:\/\/slotcarspneu.eu\/en\/product\/vzor-85270-ford-hotrod-supercharged\/\",\"name\":\"Vzor 85270 - Ford HotRod, Supercharged (1:24) - SlotCarsPneu.eu\",\"isPartOf\":{\"@id\":\"https:\/\/slotcarspneu.eu\/#website\"},\"primaryImageOfPage\":{\"@id\":\"https:\/\/slotcarspneu.eu\/en\/product\/vzor-85270-ford-hotrod-supercharged\/#primaryimage\"},\"image\":{\"@id\":\"https:\/\/slotcarspneu.eu\/en\/product\/vzor-85270-ford-hotrod-supercharged\/#primaryimage\"},\"thumbnailUrl\":\"https:\/\/slotcarspneu.eu\/wp-content\/uploads\/2025\/10\/85270_FordHotRod_01.jpg\",\"datePublished\":\"2025-10-24T07:42:33+00:00\",\"dateModified\":\"2026-01-15T03:44:07+00:00\",\"description\":\"Kvalitn\u00ed pneumatiky pro autodr\u00e1hy Carrera Digital 124. Vzor . Dostupn\u00e9 v proveden\u00ed Premium a Exclusiv.\",\"breadcrumb\":{\"@id\":\"https:\/\/slotcarspneu.eu\/en\/product\/vzor-85270-ford-hotrod-supercharged\/#breadcrumb\"},\"inLanguage\":\"en-US\",\"potentialAction\":[{\"@type\":\"ReadAction\",\"target\":[\"https:\/\/slotcarspneu.eu\/en\/product\/vzor-85270-ford-hotrod-supercharged\/\"]}]},{\"@type\":\"ImageObject\",\"inLanguage\":\"en-US\",\"@id\":\"https:\/\/slotcarspneu.eu\/en\/product\/vzor-85270-ford-hotrod-supercharged\/#primaryimage\",\"url\":\"https:\/\/slotcarspneu.eu\/wp-content\/uploads\/2025\/10\/85270_FordHotRod_01.jpg\",\"contentUrl\":\"https:\/\/slotcarspneu.eu\/wp-content\/uploads\/2025\/10\/85270_FordHotRod_01.jpg\",\"width\":1200,\"height\":900,\"caption\":\"85270_FordHotRod_01\"},{\"@type\":\"BreadcrumbList\",\"@id\":\"https:\/\/slotcarspneu.eu\/en\/product\/vzor-85270-ford-hotrod-supercharged\/#breadcrumb\",\"itemListElement\":[{\"@type\":\"ListItem\",\"position\":1,\"name\":\"Shop\",\"item\":\"https:\/\/slotcarspneu.eu\/cs\/\"},{\"@type\":\"ListItem\",\"position\":2,\"name\":\"Shop\",\"item\":\"https:\/\/slotcarspneu.eu\/cs\/\"},{\"@type\":\"ListItem\",\"position\":3,\"name\":\"Vzor 85270 - Ford HotRod, Supercharged (1:24)\"}]},{\"@type\":\"WebSite\",\"@id\":\"https:\/\/slotcarspneu.eu\/en\/#website\",\"url\":\"https:\/\/slotcarspneu.eu\/en\/\",\"name\":\"SlotCarsPneu.eu\",\"description\":\"High-quality silicone tires for slotcar\",\"potentialAction\":[{\"@type\":\"SearchAction\",\"target\":{\"@type\":\"EntryPoint\",\"urlTemplate\":\"https:\/\/slotcarspneu.eu\/en\/?s={search_term_string}\"},\"query-input\":{\"@type\":\"PropertyValueSpecification\",\"valueRequired\":true,\"valueName\":\"search_term_string\"}}],\"inLanguage\":\"en-US\"}]}<\/script>\n<!-- \/ Yoast SEO plugin. -->","yoast_head_json":{"title":"Vzor 85270 - Ford HotRod, Supercharged (1:24)","description":"Kvalitn\u00ed pneumatiky pro autodr\u00e1hy Carrera Digital 124. Vzor . Dostupn\u00e9 v proveden\u00ed Premium a Exclusiv.","robots":{"index":"index","follow":"follow","max-snippet":"max-snippet:-1","max-image-preview":"max-image-preview:large","max-video-preview":"max-video-preview:-1"},"canonical":"Vysoce kvalitn\u00ed silikonov\u00e9 pneumatiky na autodr\u00e1hov\u00e1 aut\u00ed\u010dka Carrera Digital 124. Pou\u017eit\u00fd materi\u00e1l nab\u00edz\u00ed asi o 30% lep\u0161\u00ed j\u00edzdn\u00ed vlastnosti oproti origin\u00e1ln\u00edm pneumatik\u00e1m. Je\u0161t\u011b lep\u0161\u00edch v\u00fdsledk\u016f je mo\u017eno dos\u00e1hnout s pneumatikami \u0159ady Tuning (dostupn\u00e9 pouze pro n\u011bkter\u00e1 auta).","og_locale":"en_US","og_type":"article","og_title":"Vzor 85270 - Ford HotRod, Supercharged (1:24)","og_description":"Kvalitn\u00ed pneumatiky pro autodr\u00e1hy Carrera Digital 124. Vzor . Dostupn\u00e9 v proveden\u00ed Premium a Exclusiv.","og_url":"https:\/\/slotcarspneu.eu\/en\/product\/vzor-85270-ford-hotrod-supercharged\/","og_site_name":"SlotCarsPneu.eu","article_publisher":"https:\/\/www.facebook.com\/profile.php?id=61552543293336","article_modified_time":"2026-01-15T03:44:07+00:00","og_image":[{"width":1200,"height":900,"url":"https:\/\/slotcarspneu.eu\/wp-content\/uploads\/2025\/10\/85270_FordHotRod_01.jpg","type":"image\/jpeg"}],"twitter_card":"summary_large_image","twitter_site":"@slotcarspneu","twitter_misc":{"Est. reading time":"1 minute"},"schema":{"@context":"https:\/\/schema.org","@graph":[{"@type":"WebPage","@id":"https:\/\/slotcarspneu.eu\/en\/product\/vzor-85270-ford-hotrod-supercharged\/","url":"https:\/\/slotcarspneu.eu\/en\/product\/vzor-85270-ford-hotrod-supercharged\/","name":"Vzor 85270 - Ford HotRod, Supercharged (1:24) - SlotCarsPneu.eu","isPartOf":{"@id":"https:\/\/slotcarspneu.eu\/#website"},"primaryImageOfPage":{"@id":"https:\/\/slotcarspneu.eu\/en\/product\/vzor-85270-ford-hotrod-supercharged\/#primaryimage"},"image":{"@id":"https:\/\/slotcarspneu.eu\/en\/product\/vzor-85270-ford-hotrod-supercharged\/#primaryimage"},"thumbnailUrl":"https:\/\/slotcarspneu.eu\/wp-content\/uploads\/2025\/10\/85270_FordHotRod_01.jpg","datePublished":"2025-10-24T07:42:33+00:00","dateModified":"2026-01-15T03:44:07+00:00","description":"Kvalitn\u00ed pneumatiky pro autodr\u00e1hy Carrera Digital 124. Vzor . Dostupn\u00e9 v proveden\u00ed Premium a Exclusiv.","breadcrumb":{"@id":"https:\/\/slotcarspneu.eu\/en\/product\/vzor-85270-ford-hotrod-supercharged\/#breadcrumb"},"inLanguage":"en-US","potentialAction":[{"@type":"ReadAction","target":["https:\/\/slotcarspneu.eu\/en\/product\/vzor-85270-ford-hotrod-supercharged\/"]}]},{"@type":"ImageObject","inLanguage":"en-US","@id":"https:\/\/slotcarspneu.eu\/en\/product\/vzor-85270-ford-hotrod-supercharged\/#primaryimage","url":"https:\/\/slotcarspneu.eu\/wp-content\/uploads\/2025\/10\/85270_FordHotRod_01.jpg","contentUrl":"https:\/\/slotcarspneu.eu\/wp-content\/uploads\/2025\/10\/85270_FordHotRod_01.jpg","width":1200,"height":900,"caption":"85270_FordHotRod_01"},{"@type":"BreadcrumbList","@id":"https:\/\/slotcarspneu.eu\/en\/product\/vzor-85270-ford-hotrod-supercharged\/#breadcrumb","itemListElement":[{"@type":"ListItem","position":1,"name":"Shop","item":"https:\/\/slotcarspneu.eu\/cs\/"},{"@type":"ListItem","position":2,"name":"Shop","item":"https:\/\/slotcarspneu.eu\/cs\/"},{"@type":"ListItem","position":3,"name":"Vzor 85270 - Ford HotRod, Supercharged (1:24)"}]},{"@type":"WebSite","@id":"https:\/\/slotcarspneu.eu\/en\/#website","url":"https:\/\/slotcarspneu.eu\/en\/","name":"SlotCarsPneu.eu","description":"High-quality silicone tires for slotcar","potentialAction":[{"@type":"SearchAction","target":{"@type":"EntryPoint","urlTemplate":"https:\/\/slotcarspneu.eu\/en\/?s={search_term_string}"},"query-input":{"@type":"PropertyValueSpecification","valueRequired":true,"valueName":"search_term_string"}}],"inLanguage":"en-US"}]}},"jetpack_sharing_enabled":true,"_links":{"self":[{"href":"https:\/\/slotcarspneu.eu\/en\/wp-json\/wp\/v2\/product\/1345","targetHints":{"allow":["GET"]}}],"collection":[{"href":"https:\/\/slotcarspneu.eu\/en\/wp-json\/wp\/v2\/product"}],"about":[{"href":"https:\/\/slotcarspneu.eu\/en\/wp-json\/wp\/v2\/types\/product"}],"replies":[{"embeddable":true,"href":"https:\/\/slotcarspneu.eu\/en\/wp-json\/wp\/v2\/comments?post=1345"}],"wp:featuredmedia":[{"embeddable":true,"href":"https:\/\/slotcarspneu.eu\/en\/wp-json\/wp\/v2\/media\/1470"}],"wp:attachment":[{"href":"https:\/\/slotcarspneu.eu\/en\/wp-json\/wp\/v2\/media?parent=1345"}],"wp:term":[{"taxonomy":"product_brand","embeddable":true,"href":"https:\/\/slotcarspneu.eu\/en\/wp-json\/wp\/v2\/product_brand?post=1345"},{"taxonomy":"product_cat","embeddable":true,"href":"https:\/\/slotcarspneu.eu\/en\/wp-json\/wp\/v2\/product_cat?post=1345"},{"taxonomy":"product_tag","embeddable":true,"href":"https:\/\/slotcarspneu.eu\/en\/wp-json\/wp\/v2\/product_tag?post=1345"}],"curies":[{"name":"wp","href":"https:\/\/api.w.org\/{rel}","templated":true}]}}