{"id":133,"date":"2023-10-19T08:06:52","date_gmt":"2023-10-19T06:06:52","guid":{"rendered":"https:\/\/slotcarspneu.eu\/?post_type=product&#038;p=133"},"modified":"2026-01-15T05:16:04","modified_gmt":"2026-01-15T04:16:04","slug":"sada-pneumatik-89552-porsche-gt3-rsr-30447","status":"publish","type":"product","link":"https:\/\/slotcarspneu.eu\/en\/product\/sada-pneumatik-89552-porsche-gt3-rsr-30447\/","title":{"rendered":"Vzor 89552 - Porsche GT3 RSR (30447)"},"content":{"rendered":"<p>Pneumatiky pro auta na autodr\u00e1hu Carrera Digital 132\/ Carrera Evolution, Porsche GT3 RSR.<\/p>\n<p>Pneumatiky jsou k dispozici ve variant\u00e1ch <a href=\"https:\/\/slotcarspneu.eu\/o-nas\/\">Premium<\/a> (z\u00e1kladn\u00ed proveden\u00ed pneumatiky s rozm\u011bry kompatibiln\u00edmi s origin\u00e1ln\u00edmi pneumatikami Carrera), Exclusiv s kvalitn\u011bj\u0161\u00ed povrchovou \u00fapravou a pro n\u011bkter\u00e1 auta Tuning (povrchov\u00e1 \u00faprava jako Exclusiv, zmen\u0161en\u00fd pr\u016fm\u011br zadn\u00edch pneumatik zvy\u0161uje p\u0159\u00edtlak magnet\u016f, auta v\u00fdrazn\u011b l\u00e9pe dr\u017e\u00ed v zat\u00e1\u010dk\u00e1ch).<\/p>\n<p>D\u00edky pou\u017eit\u00e9mu vysokopevnostn\u00edmu silikonu dosahuj\u00ed vozy s pneumatikami Premium a Exclusiv asi o 30% lep\u0161\u00edch \u010das\u016f, ne\u017e s origin\u00e1ln\u00edmi pneumatikami. Tak\u00e9 zhor\u0161ov\u00e1n\u00ed j\u00edzdn\u00edch vlastnost\u00ed vlivem \u010dasu (tvrdnut\u00ed, okor\u00e1v\u00e1n\u00ed pneumatik) prob\u00edh\u00e1 v\u00fdrazn\u011b pomaleji, pneu v\u00e1m bezpe\u010dn\u011b vydr\u017e\u00ed n\u011bkolik sezon.<\/p>\n<p>Katalogov\u00e9 \u010d\u00edslo pneumatik: 89552<\/p>\n<p>Kompatibiln\u00ed auta Carrera Evolution: 27209, 27210, 27260, 27289, 27313, 27401, 27429, 27457, 27480, 27507, 27543, 27566<\/p>\n<p>Kompatibiln\u00ed auta Carrera Digital 132:<\/p>\n<p>30409 &#8211; Porsche GT3 RSR Tafel Racing, Sebring 12h 2007<br \/>\n30410 &#8211; Porsche GT3 RSR Flying Lizard Motorsports, Sebring 12h 2007<br \/>\n30447 &#8211; Porsche GT3 RSR Felbermayr Proton Competition LMES 2007<br \/>\n30461 &#8211; Porsche GT3 RSR V.I.P. Petfoods Racing N\u00fcrburgring 24h 2007<br \/>\n30504 &#8211; Porsche GT3 RSR SuperGT 2008, &#8220;No.33&#8221;<br \/>\n30609 &#8211; Porsche GT3 RSR Manthey Racing 24h N\u00fcrburgring 2011, &#8220;No.18&#8221;<br \/>\n30642 &#8211; Porsche GT3 RSR Team Falken &#8220;No.17&#8221; (<a href=\"https:\/\/www.carreraslots.com\/slot-car\/30642U.html\">https:\/\/www.carreraslots.com\/slot-car\/30642U.html<\/a>)<br \/>\n30680 &#8211; Porsche GT3 RSR &#8220;Haribo Racing&#8221;<br \/>\n30714 &#8211; Porsche GT3 RSR &#8220;Hybrid, No.36&#8221;<br \/>\n30727 &#8211; Porsche GT3 RSR Lechner Racing &#8220;No.14&#8221;<br \/>\n30780 &#8211; Porsche 911 GT3 RSR &#8220;Manthey Racing Livery&#8221;<br \/>\n30828 &#8211; Porsche GT3 Lechner Racing &#8220;Carrera Race Taxi&#8221;<br \/>\n30409 &#8211; Porsche GT3 RSR Tafel Racing, Sebring 12h 2007<\/p>\n","protected":false},"excerpt":{"rendered":"<blockquote><p>&nbsp;<\/p><\/blockquote>\n","protected":false},"featured_media":132,"comment_status":"open","ping_status":"closed","template":"","meta":[],"product_brand":[],"product_cat":[27,28,22],"product_tag":[],"class_list":{"0":"post-133","1":"product","2":"type-product","3":"status-publish","4":"has-post-thumbnail","6":"product_cat-carrera-digital-132","7":"product_cat-carrera-evolution","8":"product_cat-pneumatiky-pro-autodrahy-carrera","9":"thunk-woo-product-list","10":"opn-qv-enable","11":"open-woo-hover-zoom","12":"open-single-product-tab-horizontal","13":"open-shadow-","14":"open-shadow-hover-","16":"first","17":"instock","18":"shipping-taxable","19":"purchasable","20":"product-type-variable","21":"has-default-attributes"},"yoast_head":"<!-- This site is optimized with the Yoast SEO plugin v27.0 - https:\/\/yoast.com\/product\/yoast-seo-wordpress\/ -->\n<title>Vzor 89552 - Porsche GT3 RSR (30447)<\/title>\n<meta name=\"description\" content=\"Pneumatiky pro Carrera Digital 132 \/ Evolution pro Porsche GT3 RSR. Pneumatiky nab\u00edz\u00edme v proveden\u00ed Premium a Exclusiv, vynikaj\u00edc\u00ed j\u00edzdn\u00ed vlastnosti.\" \/>\n<meta name=\"robots\" content=\"index, follow, max-snippet:-1, max-image-preview:large, max-video-preview:-1\" \/>\n<link rel=\"canonical\" href=\"http:\/\/&nbsp;\" \/>\n<meta property=\"og:locale\" content=\"en_US\" \/>\n<meta property=\"og:type\" content=\"article\" \/>\n<meta property=\"og:title\" content=\"Vzor 89552 - Porsche GT3 RSR (30447)\" \/>\n<meta property=\"og:description\" content=\"Pneumatiky pro Carrera Digital 132 \/ Evolution pro Porsche GT3 RSR. Pneumatiky nab\u00edz\u00edme v proveden\u00ed Premium a Exclusiv, vynikaj\u00edc\u00ed j\u00edzdn\u00ed vlastnosti.\" \/>\n<meta property=\"og:url\" content=\"https:\/\/slotcarspneu.eu\/en\/product\/sada-pneumatik-89552-porsche-gt3-rsr-30447\/\" \/>\n<meta property=\"og:site_name\" content=\"SlotCarsPneu.eu\" \/>\n<meta property=\"article:publisher\" content=\"https:\/\/www.facebook.com\/profile.php?id=61552543293336\" \/>\n<meta property=\"article:modified_time\" content=\"2026-01-15T04:16:04+00:00\" \/>\n<meta property=\"og:image\" content=\"https:\/\/slotcarspneu.eu\/wp-content\/uploads\/2023\/10\/pneu_ilustrativni_foto_web.jpg\" \/>\n\t<meta property=\"og:image:width\" content=\"1269\" \/>\n\t<meta property=\"og:image:height\" content=\"889\" \/>\n\t<meta property=\"og:image:type\" content=\"image\/jpeg\" \/>\n<meta name=\"twitter:card\" content=\"summary_large_image\" \/>\n<meta name=\"twitter:site\" content=\"@slotcarspneu\" \/>\n<meta name=\"twitter:label1\" content=\"Est. reading time\" \/>\n\t<meta name=\"twitter:data1\" content=\"2 minutes\" \/>\n<script type=\"application\/ld+json\" class=\"yoast-schema-graph\">{\"@context\":\"https:\/\/schema.org\",\"@graph\":[{\"@type\":\"WebPage\",\"@id\":\"https:\/\/slotcarspneu.eu\/en\/product\/sada-pneumatik-89552-porsche-gt3-rsr-30447\/\",\"url\":\"https:\/\/slotcarspneu.eu\/en\/product\/sada-pneumatik-89552-porsche-gt3-rsr-30447\/\",\"name\":\"Vzor 89552 - Porsche GT3 RSR (30447) - SlotCarsPneu.eu\",\"isPartOf\":{\"@id\":\"https:\/\/slotcarspneu.eu\/#website\"},\"primaryImageOfPage\":{\"@id\":\"https:\/\/slotcarspneu.eu\/en\/product\/sada-pneumatik-89552-porsche-gt3-rsr-30447\/#primaryimage\"},\"image\":{\"@id\":\"https:\/\/slotcarspneu.eu\/en\/product\/sada-pneumatik-89552-porsche-gt3-rsr-30447\/#primaryimage\"},\"thumbnailUrl\":\"https:\/\/slotcarspneu.eu\/wp-content\/uploads\/2023\/10\/pneu_ilustrativni_foto_web.jpg\",\"datePublished\":\"2023-10-19T06:06:52+00:00\",\"dateModified\":\"2026-01-15T04:16:04+00:00\",\"description\":\"Pneumatiky pro Carrera Digital 132 \/ Evolution pro Porsche GT3 RSR. Pneumatiky nab\u00edz\u00edme v proveden\u00ed Premium a Exclusiv, vynikaj\u00edc\u00ed j\u00edzdn\u00ed vlastnosti.\",\"breadcrumb\":{\"@id\":\"https:\/\/slotcarspneu.eu\/en\/product\/sada-pneumatik-89552-porsche-gt3-rsr-30447\/#breadcrumb\"},\"inLanguage\":\"en-US\",\"potentialAction\":[{\"@type\":\"ReadAction\",\"target\":[\"https:\/\/slotcarspneu.eu\/en\/product\/sada-pneumatik-89552-porsche-gt3-rsr-30447\/\"]}]},{\"@type\":\"ImageObject\",\"inLanguage\":\"en-US\",\"@id\":\"https:\/\/slotcarspneu.eu\/en\/product\/sada-pneumatik-89552-porsche-gt3-rsr-30447\/#primaryimage\",\"url\":\"https:\/\/slotcarspneu.eu\/wp-content\/uploads\/2023\/10\/pneu_ilustrativni_foto_web.jpg\",\"contentUrl\":\"https:\/\/slotcarspneu.eu\/wp-content\/uploads\/2023\/10\/pneu_ilustrativni_foto_web.jpg\",\"width\":1269,\"height\":889,\"caption\":\"Sada pneumatik Exclusiv \/ Tuning\"},{\"@type\":\"BreadcrumbList\",\"@id\":\"https:\/\/slotcarspneu.eu\/en\/product\/sada-pneumatik-89552-porsche-gt3-rsr-30447\/#breadcrumb\",\"itemListElement\":[{\"@type\":\"ListItem\",\"position\":1,\"name\":\"Shop\",\"item\":\"https:\/\/slotcarspneu.eu\/cs\/\"},{\"@type\":\"ListItem\",\"position\":2,\"name\":\"Shop\",\"item\":\"https:\/\/slotcarspneu.eu\/cs\/\"},{\"@type\":\"ListItem\",\"position\":3,\"name\":\"Vzor 89552 - Porsche GT3 RSR (30447)\"}]},{\"@type\":\"WebSite\",\"@id\":\"https:\/\/slotcarspneu.eu\/en\/#website\",\"url\":\"https:\/\/slotcarspneu.eu\/en\/\",\"name\":\"SlotCarsPneu.eu\",\"description\":\"High-quality silicone tires for slotcar\",\"potentialAction\":[{\"@type\":\"SearchAction\",\"target\":{\"@type\":\"EntryPoint\",\"urlTemplate\":\"https:\/\/slotcarspneu.eu\/en\/?s={search_term_string}\"},\"query-input\":{\"@type\":\"PropertyValueSpecification\",\"valueRequired\":true,\"valueName\":\"search_term_string\"}}],\"inLanguage\":\"en-US\"}]}<\/script>\n<!-- \/ Yoast SEO plugin. -->","yoast_head_json":{"title":"Vzor 89552 - Porsche GT3 RSR (30447)","description":"Pneumatiky pro Carrera Digital 132 \/ Evolution pro Porsche GT3 RSR. Pneumatiky nab\u00edz\u00edme v proveden\u00ed Premium a Exclusiv, vynikaj\u00edc\u00ed j\u00edzdn\u00ed vlastnosti.","robots":{"index":"index","follow":"follow","max-snippet":"max-snippet:-1","max-image-preview":"max-image-preview:large","max-video-preview":"max-video-preview:-1"},"canonical":"&nbsp;","og_locale":"en_US","og_type":"article","og_title":"Vzor 89552 - Porsche GT3 RSR (30447)","og_description":"Pneumatiky pro Carrera Digital 132 \/ Evolution pro Porsche GT3 RSR. Pneumatiky nab\u00edz\u00edme v proveden\u00ed Premium a Exclusiv, vynikaj\u00edc\u00ed j\u00edzdn\u00ed vlastnosti.","og_url":"https:\/\/slotcarspneu.eu\/en\/product\/sada-pneumatik-89552-porsche-gt3-rsr-30447\/","og_site_name":"SlotCarsPneu.eu","article_publisher":"https:\/\/www.facebook.com\/profile.php?id=61552543293336","article_modified_time":"2026-01-15T04:16:04+00:00","og_image":[{"width":1269,"height":889,"url":"https:\/\/slotcarspneu.eu\/wp-content\/uploads\/2023\/10\/pneu_ilustrativni_foto_web.jpg","type":"image\/jpeg"}],"twitter_card":"summary_large_image","twitter_site":"@slotcarspneu","twitter_misc":{"Est. reading time":"2 minutes"},"schema":{"@context":"https:\/\/schema.org","@graph":[{"@type":"WebPage","@id":"https:\/\/slotcarspneu.eu\/en\/product\/sada-pneumatik-89552-porsche-gt3-rsr-30447\/","url":"https:\/\/slotcarspneu.eu\/en\/product\/sada-pneumatik-89552-porsche-gt3-rsr-30447\/","name":"Vzor 89552 - Porsche GT3 RSR (30447) - SlotCarsPneu.eu","isPartOf":{"@id":"https:\/\/slotcarspneu.eu\/#website"},"primaryImageOfPage":{"@id":"https:\/\/slotcarspneu.eu\/en\/product\/sada-pneumatik-89552-porsche-gt3-rsr-30447\/#primaryimage"},"image":{"@id":"https:\/\/slotcarspneu.eu\/en\/product\/sada-pneumatik-89552-porsche-gt3-rsr-30447\/#primaryimage"},"thumbnailUrl":"https:\/\/slotcarspneu.eu\/wp-content\/uploads\/2023\/10\/pneu_ilustrativni_foto_web.jpg","datePublished":"2023-10-19T06:06:52+00:00","dateModified":"2026-01-15T04:16:04+00:00","description":"Pneumatiky pro Carrera Digital 132 \/ Evolution pro Porsche GT3 RSR. Pneumatiky nab\u00edz\u00edme v proveden\u00ed Premium a Exclusiv, vynikaj\u00edc\u00ed j\u00edzdn\u00ed vlastnosti.","breadcrumb":{"@id":"https:\/\/slotcarspneu.eu\/en\/product\/sada-pneumatik-89552-porsche-gt3-rsr-30447\/#breadcrumb"},"inLanguage":"en-US","potentialAction":[{"@type":"ReadAction","target":["https:\/\/slotcarspneu.eu\/en\/product\/sada-pneumatik-89552-porsche-gt3-rsr-30447\/"]}]},{"@type":"ImageObject","inLanguage":"en-US","@id":"https:\/\/slotcarspneu.eu\/en\/product\/sada-pneumatik-89552-porsche-gt3-rsr-30447\/#primaryimage","url":"https:\/\/slotcarspneu.eu\/wp-content\/uploads\/2023\/10\/pneu_ilustrativni_foto_web.jpg","contentUrl":"https:\/\/slotcarspneu.eu\/wp-content\/uploads\/2023\/10\/pneu_ilustrativni_foto_web.jpg","width":1269,"height":889,"caption":"Sada pneumatik Exclusiv \/ Tuning"},{"@type":"BreadcrumbList","@id":"https:\/\/slotcarspneu.eu\/en\/product\/sada-pneumatik-89552-porsche-gt3-rsr-30447\/#breadcrumb","itemListElement":[{"@type":"ListItem","position":1,"name":"Shop","item":"https:\/\/slotcarspneu.eu\/cs\/"},{"@type":"ListItem","position":2,"name":"Shop","item":"https:\/\/slotcarspneu.eu\/cs\/"},{"@type":"ListItem","position":3,"name":"Vzor 89552 - Porsche GT3 RSR (30447)"}]},{"@type":"WebSite","@id":"https:\/\/slotcarspneu.eu\/en\/#website","url":"https:\/\/slotcarspneu.eu\/en\/","name":"SlotCarsPneu.eu","description":"High-quality silicone tires for slotcar","potentialAction":[{"@type":"SearchAction","target":{"@type":"EntryPoint","urlTemplate":"https:\/\/slotcarspneu.eu\/en\/?s={search_term_string}"},"query-input":{"@type":"PropertyValueSpecification","valueRequired":true,"valueName":"search_term_string"}}],"inLanguage":"en-US"}]}},"jetpack_sharing_enabled":true,"_links":{"self":[{"href":"https:\/\/slotcarspneu.eu\/en\/wp-json\/wp\/v2\/product\/133","targetHints":{"allow":["GET"]}}],"collection":[{"href":"https:\/\/slotcarspneu.eu\/en\/wp-json\/wp\/v2\/product"}],"about":[{"href":"https:\/\/slotcarspneu.eu\/en\/wp-json\/wp\/v2\/types\/product"}],"replies":[{"embeddable":true,"href":"https:\/\/slotcarspneu.eu\/en\/wp-json\/wp\/v2\/comments?post=133"}],"wp:featuredmedia":[{"embeddable":true,"href":"https:\/\/slotcarspneu.eu\/en\/wp-json\/wp\/v2\/media\/132"}],"wp:attachment":[{"href":"https:\/\/slotcarspneu.eu\/en\/wp-json\/wp\/v2\/media?parent=133"}],"wp:term":[{"taxonomy":"product_brand","embeddable":true,"href":"https:\/\/slotcarspneu.eu\/en\/wp-json\/wp\/v2\/product_brand?post=133"},{"taxonomy":"product_cat","embeddable":true,"href":"https:\/\/slotcarspneu.eu\/en\/wp-json\/wp\/v2\/product_cat?post=133"},{"taxonomy":"product_tag","embeddable":true,"href":"https:\/\/slotcarspneu.eu\/en\/wp-json\/wp\/v2\/product_tag?post=133"}],"curies":[{"name":"wp","href":"https:\/\/api.w.org\/{rel}","templated":true}]}}