{"id":62,"date":"2023-10-16T16:19:45","date_gmt":"2023-10-16T14:19:45","guid":{"rendered":"https:\/\/slotcarspneu.eu\/?page_id=62"},"modified":"2024-03-12T17:33:27","modified_gmt":"2024-03-12T16:33:27","slug":"kontakt","status":"publish","type":"page","link":"https:\/\/slotcarspneu.eu\/en\/kontakt\/","title":{"rendered":"Contact"},"content":{"rendered":"\r\n<h2 class=\"wp-block-heading\">Marie Lednick\u00e1<\/h2>\r\n \r\n<div class=\"wp-block-group is-layout-constrained wp-block-group-is-layout-constrained\">\r\n<ul class=\"wp-block-list\">\r\n \t<li>I\u010c: 14410389<\/li>\r\n \r\n \t<li>Address: Pod Rybn\u00ed\u010dkem 131, 257 22 \u010cer\u010dany<\/li>\r\n \r\n \t<li>Phone: +420 734 647 785<\/li>\r\n \r\n \t<li>E-mail: info@slotcarspneu.eu<\/li>\r\n \r\n \t<li>Z\u00e1silkovna: ID 10671, Sokolsk\u00e1 584, 257 22 \u010cer\u010dany &#8211; DOBROBISTRO<\/li>\r\n<\/ul>\r\n<\/div>\r\n","protected":false},"excerpt":{"rendered":"<p>Marie Lednick\u00e1 I\u010c: 14410389 Address: Pod Rybn\u00ed\u010dkem 131, 257 22 \u010cer\u010dany Phone: +420 734 647 785 E-mail: info@slotcarspneu.eu Z\u00e1silkovna: ID 10671, Sokolsk\u00e1 584, 257 22 \u010cer\u010dany &#8211; DOBROBISTRO<\/p>\n","protected":false},"author":1,"featured_media":0,"parent":0,"menu_order":20,"comment_status":"closed","ping_status":"closed","template":"","meta":{"footnotes":""},"class_list":["post-62","page","type-page","status-publish","hentry","thunk-woo-product-list","opn-qv-enable","open-woo-hover-zoom","open-single-product-tab-horizontal","open-shadow-","open-shadow-hover-"],"yoast_head":"<!-- This site is optimized with the Yoast SEO plugin v27.0 - https:\/\/yoast.com\/product\/yoast-seo-wordpress\/ -->\n<title>Contact<\/title>\n<meta name=\"description\" content=\"Marie Lednick\u00e1 I\u010c: 14410389 Address: Pod Rybn\u00ed\u010dkem 131, 257 22 \u010cer\u010dany Phone: +420 734 647 785 E-mail: info@slotcarspneu.eu Z\u00e1silkovna: ID 10671, Sokolsk\u00e1 584, 257 22 \u010cer\u010dany - DOBROBISTRO\" \/>\n<meta name=\"robots\" content=\"index, follow, max-snippet:-1, max-image-preview:large, max-video-preview:-1\" \/>\n<link rel=\"canonical\" href=\"\" \/>\n<meta property=\"og:locale\" content=\"en_US\" \/>\n<meta property=\"og:type\" content=\"article\" \/>\n<meta property=\"og:title\" content=\"Contact\" \/>\n<meta property=\"og:description\" content=\"Marie Lednick\u00e1 I\u010c: 14410389 Address: Pod Rybn\u00ed\u010dkem 131, 257 22 \u010cer\u010dany Phone: +420 734 647 785 E-mail: info@slotcarspneu.eu Z\u00e1silkovna: ID 10671, Sokolsk\u00e1 584, 257 22 \u010cer\u010dany - DOBROBISTRO\" \/>\n<meta property=\"og:url\" content=\"https:\/\/slotcarspneu.eu\/en\/kontakt\/\" \/>\n<meta property=\"og:site_name\" content=\"SlotCarsPneu.eu\" \/>\n<meta property=\"article:publisher\" content=\"https:\/\/www.facebook.com\/profile.php?id=61552543293336\" \/>\n<meta property=\"article:modified_time\" content=\"2024-03-12T16:33:27+00:00\" \/>\n<meta name=\"twitter:card\" content=\"summary_large_image\" \/>\n<meta name=\"twitter:site\" content=\"@slotcarspneu\" \/>\n<meta name=\"twitter:label1\" content=\"Est. reading time\" \/>\n\t<meta name=\"twitter:data1\" content=\"1 minute\" \/>\n<script type=\"application\/ld+json\" class=\"yoast-schema-graph\">{\"@context\":\"https:\/\/schema.org\",\"@graph\":[{\"@type\":\"WebPage\",\"@id\":\"https:\/\/slotcarspneu.eu\/en\/kontakt\/\",\"url\":\"https:\/\/slotcarspneu.eu\/en\/kontakt\/\",\"name\":\"Kontakt - SlotCarsPneu.eu\",\"isPartOf\":{\"@id\":\"https:\/\/slotcarspneu.eu\/#website\"},\"datePublished\":\"2023-10-16T14:19:45+00:00\",\"dateModified\":\"2024-03-12T16:33:27+00:00\",\"breadcrumb\":{\"@id\":\"https:\/\/slotcarspneu.eu\/en\/kontakt\/#breadcrumb\"},\"inLanguage\":\"en-US\",\"potentialAction\":[{\"@type\":\"ReadAction\",\"target\":[\"https:\/\/slotcarspneu.eu\/en\/kontakt\/\"]}]},{\"@type\":\"BreadcrumbList\",\"@id\":\"https:\/\/slotcarspneu.eu\/en\/kontakt\/#breadcrumb\",\"itemListElement\":[{\"@type\":\"ListItem\",\"position\":1,\"name\":\"Shop\",\"item\":\"https:\/\/slotcarspneu.eu\/cs\/\"},{\"@type\":\"ListItem\",\"position\":2,\"name\":\"Contact\"}]},{\"@type\":\"WebSite\",\"@id\":\"https:\/\/slotcarspneu.eu\/en\/#website\",\"url\":\"https:\/\/slotcarspneu.eu\/en\/\",\"name\":\"SlotCarsPneu.eu\",\"description\":\"High-quality silicone tires for slotcar\",\"potentialAction\":[{\"@type\":\"SearchAction\",\"target\":{\"@type\":\"EntryPoint\",\"urlTemplate\":\"https:\/\/slotcarspneu.eu\/en\/?s={search_term_string}\"},\"query-input\":{\"@type\":\"PropertyValueSpecification\",\"valueRequired\":true,\"valueName\":\"search_term_string\"}}],\"inLanguage\":\"en-US\"}]}<\/script>\n<!-- \/ Yoast SEO plugin. -->","yoast_head_json":{"title":"Contact","description":"Marie Lednick\u00e1 I\u010c: 14410389 Address: Pod Rybn\u00ed\u010dkem 131, 257 22 \u010cer\u010dany Phone: +420 734 647 785 E-mail: info@slotcarspneu.eu Z\u00e1silkovna: ID 10671, Sokolsk\u00e1 584, 257 22 \u010cer\u010dany - DOBROBISTRO","robots":{"index":"index","follow":"follow","max-snippet":"max-snippet:-1","max-image-preview":"max-image-preview:large","max-video-preview":"max-video-preview:-1"},"canonical":"Marie Lednick\u00e1 I\u010c: 14410389 Address: Pod Rybn\u00ed\u010dkem 131, 257 22 \u010cer\u010dany Phone:  420 734 647 785 E-mail: info@slotcarspneu.eu Z\u00e1silkovna: ID 10671, Sokolsk\u00e1 584, 257 22 \u010cer\u010dany - DOBROBISTRO","og_locale":"en_US","og_type":"article","og_title":"Contact","og_description":"Marie Lednick\u00e1 I\u010c: 14410389 Address: Pod Rybn\u00ed\u010dkem 131, 257 22 \u010cer\u010dany Phone: +420 734 647 785 E-mail: info@slotcarspneu.eu Z\u00e1silkovna: ID 10671, Sokolsk\u00e1 584, 257 22 \u010cer\u010dany - DOBROBISTRO","og_url":"https:\/\/slotcarspneu.eu\/en\/kontakt\/","og_site_name":"SlotCarsPneu.eu","article_publisher":"https:\/\/www.facebook.com\/profile.php?id=61552543293336","article_modified_time":"2024-03-12T16:33:27+00:00","twitter_card":"summary_large_image","twitter_site":"@slotcarspneu","twitter_misc":{"Est. reading time":"1 minute"},"schema":{"@context":"https:\/\/schema.org","@graph":[{"@type":"WebPage","@id":"https:\/\/slotcarspneu.eu\/en\/kontakt\/","url":"https:\/\/slotcarspneu.eu\/en\/kontakt\/","name":"Kontakt - SlotCarsPneu.eu","isPartOf":{"@id":"https:\/\/slotcarspneu.eu\/#website"},"datePublished":"2023-10-16T14:19:45+00:00","dateModified":"2024-03-12T16:33:27+00:00","breadcrumb":{"@id":"https:\/\/slotcarspneu.eu\/en\/kontakt\/#breadcrumb"},"inLanguage":"en-US","potentialAction":[{"@type":"ReadAction","target":["https:\/\/slotcarspneu.eu\/en\/kontakt\/"]}]},{"@type":"BreadcrumbList","@id":"https:\/\/slotcarspneu.eu\/en\/kontakt\/#breadcrumb","itemListElement":[{"@type":"ListItem","position":1,"name":"Shop","item":"https:\/\/slotcarspneu.eu\/cs\/"},{"@type":"ListItem","position":2,"name":"Contact"}]},{"@type":"WebSite","@id":"https:\/\/slotcarspneu.eu\/en\/#website","url":"https:\/\/slotcarspneu.eu\/en\/","name":"SlotCarsPneu.eu","description":"High-quality silicone tires for slotcar","potentialAction":[{"@type":"SearchAction","target":{"@type":"EntryPoint","urlTemplate":"https:\/\/slotcarspneu.eu\/en\/?s={search_term_string}"},"query-input":{"@type":"PropertyValueSpecification","valueRequired":true,"valueName":"search_term_string"}}],"inLanguage":"en-US"}]}},"jetpack_sharing_enabled":true,"_links":{"self":[{"href":"https:\/\/slotcarspneu.eu\/en\/wp-json\/wp\/v2\/pages\/62","targetHints":{"allow":["GET"]}}],"collection":[{"href":"https:\/\/slotcarspneu.eu\/en\/wp-json\/wp\/v2\/pages"}],"about":[{"href":"https:\/\/slotcarspneu.eu\/en\/wp-json\/wp\/v2\/types\/page"}],"author":[{"embeddable":true,"href":"https:\/\/slotcarspneu.eu\/en\/wp-json\/wp\/v2\/users\/1"}],"replies":[{"embeddable":true,"href":"https:\/\/slotcarspneu.eu\/en\/wp-json\/wp\/v2\/comments?post=62"}],"version-history":[{"count":3,"href":"https:\/\/slotcarspneu.eu\/en\/wp-json\/wp\/v2\/pages\/62\/revisions"}],"predecessor-version":[{"id":788,"href":"https:\/\/slotcarspneu.eu\/en\/wp-json\/wp\/v2\/pages\/62\/revisions\/788"}],"wp:attachment":[{"href":"https:\/\/slotcarspneu.eu\/en\/wp-json\/wp\/v2\/media?parent=62"}],"curies":[{"name":"wp","href":"https:\/\/api.w.org\/{rel}","templated":true}]}}