{"id":546,"date":"2023-11-25T10:43:34","date_gmt":"2023-11-25T09:43:34","guid":{"rendered":"https:\/\/slotcarspneu.eu\/?page_id=546"},"modified":"2023-11-25T16:48:43","modified_gmt":"2023-11-25T15:48:43","slug":"zakazkova-vyroba","status":"publish","type":"page","link":"https:\/\/slotcarspneu.eu\/en\/zakazkova-vyroba\/","title":{"rendered":"Custom production"},"content":{"rendered":"\r\n\r\nWith custom production, we supplement our assortment with models that we currently do not have in our offer. Our entire offer and production has the character of small-scale production, but thanks to the optimization of the production process, we are still able to offer top tires at an interesting price.\r\n\r\n\r\n\r\n\r\n\r\nIf you can&#8217;t find the right tire for your car in our catalog, don&#8217;t worry &#8211; we can also make your tires to order. The condition is that you are willing to send us the car so that we can measure the dimensions of the rims, create a new mold, cast the tires and then test the car on the track. Our goal is your satisfaction &#8211; we always want to make a tire that fits exactly on the rim and gives the car ideal driving characteristics.\r\n\r\n\r\n\r\n\r\n<h2 class=\"wp-block-heading\">Price<\/h2>\r\n\r\n\r\n\r\n\r\nThe price of custom production depends a lot on the car brand. For Carrera toy cars, we offer our standard prices according to the size of the car (we have current prices in the catalog: <a href=\"https:\/\/slotcarspneu.eu\/\">Catalog SlotCarsPneu.eu<\/a>)\r\n\r\n\r\n\r\n\r\n\r\nFor other auto tracks, we set the price by agreement, approx. CZK 1000 for the entire order when 1-3 sets of one type are requested. This price may seem high, but we have to take into account the cost of producing the initial tire mold, when the hope of resale to another customer is low. Even so, the production of only 3 sets is unprofitable for us, however we want to cater to fans of other auto tracks as well. When ordering a larger number of sets, we usually offer a price for an individual set according to the catalog.\r\n\r\n\r\n\r\n\r\n\r\nWe then include custom-made tires in the store, thereby constantly expanding our offer with new tires. We regularly inform you about news on our FB profile: <a href=\"https:\/\/www.facebook.com\/profile.php?id=61552543293336\">Facebook SlotCarsPneu.eu<\/a>\r\n\r\n\r\n\r\n\r\n\r\nWe also offer custom-made tires of different colors or designs &#8211; with a different diameter or width, with an original profile, tuning tires, etc.\r\n\r\n\r\n\r\n\r\n<h2 class=\"wp-block-heading\">Request a quote<\/h2>\r\n\r\n\r\n\r\n\r\nSo if you want excellent tires for your car, but you didn&#8217;t find them in the catalog (or you want some modification of the ones offered), write to us at info@slotcarspneu.eu. We will be happy to make tires for you that you will be completely satisfied with&#8230;\r\n\r\n\r\n\r\n\r\n<figure class=\"wp-block-image size-large is-resized\"><img loading=\"lazy\" decoding=\"async\" width=\"1024\" height=\"768\" class=\"wp-image-541\" style=\"aspect-ratio: 1.3333333333333333; width: 800px; height: auto;\" src=\"https:\/\/slotcarspneu.eu\/wp-content\/uploads\/2023\/11\/SCX_March_771_20231120_auto_02-1024x768.jpg\" alt=\"Custom production - Scalextric March Ford 771 six-wheeler\" srcset=\"https:\/\/slotcarspneu.eu\/wp-content\/uploads\/2023\/11\/SCX_March_771_20231120_auto_02-1024x768.jpg 1024w, https:\/\/slotcarspneu.eu\/wp-content\/uploads\/2023\/11\/SCX_March_771_20231120_auto_02-300x225.jpg 300w, https:\/\/slotcarspneu.eu\/wp-content\/uploads\/2023\/11\/SCX_March_771_20231120_auto_02-768x576.jpg 768w, https:\/\/slotcarspneu.eu\/wp-content\/uploads\/2023\/11\/SCX_March_771_20231120_auto_02-600x450.jpg 600w, https:\/\/slotcarspneu.eu\/wp-content\/uploads\/2023\/11\/SCX_March_771_20231120_auto_02-48x36.jpg 48w, https:\/\/slotcarspneu.eu\/wp-content\/uploads\/2023\/11\/SCX_March_771_20231120_auto_02.jpg 1224w\" sizes=\"auto, (max-width: 1024px) 100vw, 1024px\" \/>\r\n<figcaption class=\"wp-element-caption\">Custom production &#8211; Scalextric March Ford 771 six-wheeler<\/figcaption><\/figure>\r\n\r\n\r\n\r\n<figure class=\"wp-block-image size-large\"><img loading=\"lazy\" decoding=\"async\" width=\"1024\" height=\"922\" class=\"wp-image-381\" src=\"https:\/\/slotcarspneu.eu\/wp-content\/uploads\/2023\/10\/85468_Aston_Martin_blue_02-1024x922.jpg\" alt=\"Aston Martin 1:24 - blue tires at customer's request\" srcset=\"https:\/\/slotcarspneu.eu\/wp-content\/uploads\/2023\/10\/85468_Aston_Martin_blue_02-1024x922.jpg 1024w, https:\/\/slotcarspneu.eu\/wp-content\/uploads\/2023\/10\/85468_Aston_Martin_blue_02-300x270.jpg 300w, https:\/\/slotcarspneu.eu\/wp-content\/uploads\/2023\/10\/85468_Aston_Martin_blue_02-768x692.jpg 768w, https:\/\/slotcarspneu.eu\/wp-content\/uploads\/2023\/10\/85468_Aston_Martin_blue_02-600x541.jpg 600w, https:\/\/slotcarspneu.eu\/wp-content\/uploads\/2023\/10\/85468_Aston_Martin_blue_02-48x43.jpg 48w, https:\/\/slotcarspneu.eu\/wp-content\/uploads\/2023\/10\/85468_Aston_Martin_blue_02.jpg 1200w\" sizes=\"auto, (max-width: 1024px) 100vw, 1024px\" \/>\r\n<figcaption class=\"wp-element-caption\">Aston Martin 1:24 &#8211; blue tires at customer&#8217;s request<\/figcaption><\/figure>\r\n","protected":false},"excerpt":{"rendered":"<p>With custom production, we supplement our assortment with models that we currently do not have in our offer. Our entire offer and production has the character of small-scale production, but thanks to the optimization of the production process, we are still able to offer top tires at an interesting price. If you can&#8217;t find the &hellip;<\/p>\n<p class=\"read-more\"> <a class=\" thunk-readmore button \" href=\"https:\/\/slotcarspneu.eu\/en\/zakazkova-vyroba\/\"> <span class=\"screen-reader-text\">Custom production<\/span>Read More<\/a><\/p>\n","protected":false},"author":1,"featured_media":0,"parent":0,"menu_order":0,"comment_status":"closed","ping_status":"closed","template":"","meta":{"footnotes":""},"class_list":["post-546","page","type-page","status-publish","hentry","thunk-woo-product-list","opn-qv-enable","open-woo-hover-zoom","open-single-product-tab-horizontal","open-shadow-","open-shadow-hover-"],"yoast_head":"<!-- This site is optimized with the Yoast SEO plugin v27.0 - https:\/\/yoast.com\/product\/yoast-seo-wordpress\/ -->\n<title>Custom production<\/title>\n<meta name=\"description\" content=\"With custom production, we supplement our assortment with models that we currently do not have in our offer. Our entire offer and production has the character of small-scale production, but thanks to the optimization of the production process, we are still able to offer top tires at an interesting price. If you can&#039;t find the&hellip;\" \/>\n<meta name=\"robots\" content=\"index, follow, max-snippet:-1, max-image-preview:large, max-video-preview:-1\" \/>\n<link rel=\"canonical\" href=\"http:\/\/With%20custom%20production,%20we%20supplement%20our%20assortment%20with%20models%20that%20we%20currently%20do%20not%20have%20in%20our%20offer.%20Our%20entire%20offer%20and%20production%20has%20the%20character%20of%20small-scale%20production,%20but%20thanks%20to%20the%20optimization%20of%20the%20production%20process,%20we%20are%20still%20able%20to%20offer%20top%20tires%20at%20an%20interesting%20price.%20If%20you%20can't%20find%20the&hellip;\" \/>\n<meta property=\"og:locale\" content=\"en_US\" \/>\n<meta property=\"og:type\" content=\"article\" \/>\n<meta property=\"og:title\" content=\"Custom production\" \/>\n<meta property=\"og:description\" content=\"With custom production, we supplement our assortment with models that we currently do not have in our offer. Our entire offer and production has the character of small-scale production, but thanks to the optimization of the production process, we are still able to offer top tires at an interesting price. If you can&#039;t find the&hellip;\" \/>\n<meta property=\"og:url\" content=\"https:\/\/slotcarspneu.eu\/en\/zakazkova-vyroba\/\" \/>\n<meta property=\"og:site_name\" content=\"SlotCarsPneu.eu\" \/>\n<meta property=\"article:publisher\" content=\"https:\/\/www.facebook.com\/profile.php?id=61552543293336\" \/>\n<meta property=\"article:modified_time\" content=\"2023-11-25T15:48:43+00:00\" \/>\n<meta property=\"og:image\" content=\"https:\/\/slotcarspneu.eu\/wp-content\/uploads\/2023\/11\/SCX_March_771_20231120_auto_02-1024x768.jpg\" \/>\n<meta name=\"twitter:card\" content=\"summary_large_image\" \/>\n<meta name=\"twitter:site\" content=\"@slotcarspneu\" \/>\n<meta name=\"twitter:label1\" content=\"Est. reading time\" \/>\n\t<meta name=\"twitter:data1\" content=\"3 minutes\" \/>\n<script type=\"application\/ld+json\" class=\"yoast-schema-graph\">{\"@context\":\"https:\/\/schema.org\",\"@graph\":[{\"@type\":\"WebPage\",\"@id\":\"https:\/\/slotcarspneu.eu\/en\/zakazkova-vyroba\/\",\"url\":\"https:\/\/slotcarspneu.eu\/en\/zakazkova-vyroba\/\",\"name\":\"Zak\u00e1zkov\u00e1 v\u00fdroba - SlotCarsPneu.eu\",\"isPartOf\":{\"@id\":\"https:\/\/slotcarspneu.eu\/#website\"},\"primaryImageOfPage\":{\"@id\":\"https:\/\/slotcarspneu.eu\/en\/zakazkova-vyroba\/#primaryimage\"},\"image\":{\"@id\":\"https:\/\/slotcarspneu.eu\/en\/zakazkova-vyroba\/#primaryimage\"},\"thumbnailUrl\":\"https:\/\/slotcarspneu.eu\/wp-content\/uploads\/2023\/11\/SCX_March_771_20231120_auto_02-1024x768.jpg\",\"datePublished\":\"2023-11-25T09:43:34+00:00\",\"dateModified\":\"2023-11-25T15:48:43+00:00\",\"description\":\"Zak\u00e1zkov\u00e1 v\u00fdroba pneumatik nejen pro autodr\u00e1hy Carrera. Zaj\u00edmav\u00e1 cena a vysok\u00e1 kvalita pneumatik, kter\u00e9 p\u0159esn\u011b padnou na va\u0161e aut\u00ed\u010dko.\",\"breadcrumb\":{\"@id\":\"https:\/\/slotcarspneu.eu\/en\/zakazkova-vyroba\/#breadcrumb\"},\"inLanguage\":\"en-US\",\"potentialAction\":[{\"@type\":\"ReadAction\",\"target\":[\"https:\/\/slotcarspneu.eu\/en\/zakazkova-vyroba\/\"]}]},{\"@type\":\"ImageObject\",\"inLanguage\":\"en-US\",\"@id\":\"https:\/\/slotcarspneu.eu\/en\/zakazkova-vyroba\/#primaryimage\",\"url\":\"https:\/\/slotcarspneu.eu\/wp-content\/uploads\/2023\/11\/SCX_March_771_20231120_auto_02-1024x768.jpg\",\"contentUrl\":\"https:\/\/slotcarspneu.eu\/wp-content\/uploads\/2023\/11\/SCX_March_771_20231120_auto_02-1024x768.jpg\"},{\"@type\":\"BreadcrumbList\",\"@id\":\"https:\/\/slotcarspneu.eu\/en\/zakazkova-vyroba\/#breadcrumb\",\"itemListElement\":[{\"@type\":\"ListItem\",\"position\":1,\"name\":\"Shop\",\"item\":\"https:\/\/slotcarspneu.eu\/cs\/\"},{\"@type\":\"ListItem\",\"position\":2,\"name\":\"Custom production\"}]},{\"@type\":\"WebSite\",\"@id\":\"https:\/\/slotcarspneu.eu\/en\/#website\",\"url\":\"https:\/\/slotcarspneu.eu\/en\/\",\"name\":\"SlotCarsPneu.eu\",\"description\":\"High-quality silicone tires for slotcar\",\"potentialAction\":[{\"@type\":\"SearchAction\",\"target\":{\"@type\":\"EntryPoint\",\"urlTemplate\":\"https:\/\/slotcarspneu.eu\/en\/?s={search_term_string}\"},\"query-input\":{\"@type\":\"PropertyValueSpecification\",\"valueRequired\":true,\"valueName\":\"search_term_string\"}}],\"inLanguage\":\"en-US\"}]}<\/script>\n<!-- \/ Yoast SEO plugin. -->","yoast_head_json":{"title":"Custom production","description":"With custom production, we supplement our assortment with models that we currently do not have in our offer. Our entire offer and production has the character of small-scale production, but thanks to the optimization of the production process, we are still able to offer top tires at an interesting price. If you can't find the&hellip;","robots":{"index":"index","follow":"follow","max-snippet":"max-snippet:-1","max-image-preview":"max-image-preview:large","max-video-preview":"max-video-preview:-1"},"canonical":"With custom production, we supplement our assortment with models that we currently do not have in our offer. Our entire offer and production has the character of small-scale production, but thanks to the optimization of the production process, we are still able to offer top tires at an interesting price. If you can't find the&hellip;","og_locale":"en_US","og_type":"article","og_title":"Custom production","og_description":"With custom production, we supplement our assortment with models that we currently do not have in our offer. Our entire offer and production has the character of small-scale production, but thanks to the optimization of the production process, we are still able to offer top tires at an interesting price. If you can't find the&hellip;","og_url":"https:\/\/slotcarspneu.eu\/en\/zakazkova-vyroba\/","og_site_name":"SlotCarsPneu.eu","article_publisher":"https:\/\/www.facebook.com\/profile.php?id=61552543293336","article_modified_time":"2023-11-25T15:48:43+00:00","og_image":[{"url":"https:\/\/slotcarspneu.eu\/wp-content\/uploads\/2023\/11\/SCX_March_771_20231120_auto_02-1024x768.jpg","type":"","width":"","height":""}],"twitter_card":"summary_large_image","twitter_site":"@slotcarspneu","twitter_misc":{"Est. reading time":"3 minutes"},"schema":{"@context":"https:\/\/schema.org","@graph":[{"@type":"WebPage","@id":"https:\/\/slotcarspneu.eu\/en\/zakazkova-vyroba\/","url":"https:\/\/slotcarspneu.eu\/en\/zakazkova-vyroba\/","name":"Zak\u00e1zkov\u00e1 v\u00fdroba - SlotCarsPneu.eu","isPartOf":{"@id":"https:\/\/slotcarspneu.eu\/#website"},"primaryImageOfPage":{"@id":"https:\/\/slotcarspneu.eu\/en\/zakazkova-vyroba\/#primaryimage"},"image":{"@id":"https:\/\/slotcarspneu.eu\/en\/zakazkova-vyroba\/#primaryimage"},"thumbnailUrl":"https:\/\/slotcarspneu.eu\/wp-content\/uploads\/2023\/11\/SCX_March_771_20231120_auto_02-1024x768.jpg","datePublished":"2023-11-25T09:43:34+00:00","dateModified":"2023-11-25T15:48:43+00:00","description":"Zak\u00e1zkov\u00e1 v\u00fdroba pneumatik nejen pro autodr\u00e1hy Carrera. Zaj\u00edmav\u00e1 cena a vysok\u00e1 kvalita pneumatik, kter\u00e9 p\u0159esn\u011b padnou na va\u0161e aut\u00ed\u010dko.","breadcrumb":{"@id":"https:\/\/slotcarspneu.eu\/en\/zakazkova-vyroba\/#breadcrumb"},"inLanguage":"en-US","potentialAction":[{"@type":"ReadAction","target":["https:\/\/slotcarspneu.eu\/en\/zakazkova-vyroba\/"]}]},{"@type":"ImageObject","inLanguage":"en-US","@id":"https:\/\/slotcarspneu.eu\/en\/zakazkova-vyroba\/#primaryimage","url":"https:\/\/slotcarspneu.eu\/wp-content\/uploads\/2023\/11\/SCX_March_771_20231120_auto_02-1024x768.jpg","contentUrl":"https:\/\/slotcarspneu.eu\/wp-content\/uploads\/2023\/11\/SCX_March_771_20231120_auto_02-1024x768.jpg"},{"@type":"BreadcrumbList","@id":"https:\/\/slotcarspneu.eu\/en\/zakazkova-vyroba\/#breadcrumb","itemListElement":[{"@type":"ListItem","position":1,"name":"Shop","item":"https:\/\/slotcarspneu.eu\/cs\/"},{"@type":"ListItem","position":2,"name":"Custom production"}]},{"@type":"WebSite","@id":"https:\/\/slotcarspneu.eu\/en\/#website","url":"https:\/\/slotcarspneu.eu\/en\/","name":"SlotCarsPneu.eu","description":"High-quality silicone tires for slotcar","potentialAction":[{"@type":"SearchAction","target":{"@type":"EntryPoint","urlTemplate":"https:\/\/slotcarspneu.eu\/en\/?s={search_term_string}"},"query-input":{"@type":"PropertyValueSpecification","valueRequired":true,"valueName":"search_term_string"}}],"inLanguage":"en-US"}]}},"jetpack_sharing_enabled":true,"_links":{"self":[{"href":"https:\/\/slotcarspneu.eu\/en\/wp-json\/wp\/v2\/pages\/546","targetHints":{"allow":["GET"]}}],"collection":[{"href":"https:\/\/slotcarspneu.eu\/en\/wp-json\/wp\/v2\/pages"}],"about":[{"href":"https:\/\/slotcarspneu.eu\/en\/wp-json\/wp\/v2\/types\/page"}],"author":[{"embeddable":true,"href":"https:\/\/slotcarspneu.eu\/en\/wp-json\/wp\/v2\/users\/1"}],"replies":[{"embeddable":true,"href":"https:\/\/slotcarspneu.eu\/en\/wp-json\/wp\/v2\/comments?post=546"}],"version-history":[{"count":9,"href":"https:\/\/slotcarspneu.eu\/en\/wp-json\/wp\/v2\/pages\/546\/revisions"}],"predecessor-version":[{"id":572,"href":"https:\/\/slotcarspneu.eu\/en\/wp-json\/wp\/v2\/pages\/546\/revisions\/572"}],"wp:attachment":[{"href":"https:\/\/slotcarspneu.eu\/en\/wp-json\/wp\/v2\/media?parent=546"}],"curies":[{"name":"wp","href":"https:\/\/api.w.org\/{rel}","templated":true}]}}