{"id":658,"date":"2023-12-18T16:54:43","date_gmt":"2023-12-18T15:54:43","guid":{"rendered":"https:\/\/slotcarspneu.eu\/?post_type=product&#038;p=658"},"modified":"2026-01-15T04:45:32","modified_gmt":"2026-01-15T03:45:32","slug":"85942-pneumatiky-carrera-ford-mercedes-amg-porsche","status":"publish","type":"product","link":"https:\/\/slotcarspneu.eu\/cs\/product\/85942-pneumatiky-carrera-ford-mercedes-amg-porsche\/","title":{"rendered":"Vzor 85492 &#8211; Ford GT, Mercedes AMG, Porsche 911, Chevrolet Corvette a dal\u0161\u00ed (1:24)"},"content":{"rendered":"<p>Pneumatiky pro auta na autodr\u00e1hu Carrera Digital 124.<\/p>\n<p>Pneumatiky jsou k dispozici ve variant\u00e1ch <a href=\"https:\/\/slotcarspneu.eu\/o-nas\/\">Premium<\/a> (z\u00e1kladn\u00ed proveden\u00ed pneumatiky s rozm\u011bry kompatibiln\u00edmi s origin\u00e1ln\u00edmi pneumatikami Carrera) a <a href=\"https:\/\/slotcarspneu.eu\/o-nas\/\">Exclusiv<\/a> s kvalitn\u011bj\u0161\u00ed povrchovou \u00fapravou.<\/p>\n<p>D\u00edky pou\u017eit\u00e9mu vysokopevnostn\u00edmu silikonu dosahuj\u00ed vozy s pneumatikami <a href=\"https:\/\/slotcarspneu.eu\/o-nas\/\">Premium<\/a> a <a href=\"https:\/\/slotcarspneu.eu\/o-nas\/\">Exclusiv<\/a> asi o 30% lep\u0161\u00edch \u010das\u016f, ne\u017e s origin\u00e1ln\u00edmi pneumatikami. Tak\u00e9 zhor\u0161ov\u00e1n\u00ed j\u00edzdn\u00edch vlastnost\u00ed vlivem \u010dasu (tvrdnut\u00ed, okor\u00e1v\u00e1n\u00ed pneumatik) prob\u00edh\u00e1 v\u00fdrazn\u011b pomaleji, pneu v\u00e1m bezpe\u010dn\u011b vydr\u017e\u00ed n\u011bkolik sezon.<\/p>\n<p>Katalogov\u00e9 \u010d\u00edslo pneumatik Carrera: 85942<\/p>\n<p>Kompatibiln\u00ed auta Carrera Digital 124:<\/p>\n<p>Ford GT Race Car<br \/>\nChevrolet Corvette C7.R<br \/>\nChevrolet Corvette C8.R<br \/>\nChevrolet C8.R<br \/>\nChevrolet Corvette C7 GT3-R<br \/>\nMercedes-AMG C63 DTM<br \/>\nAudi RS 5 DTM<br \/>\nPorsche 911 RSR<br \/>\nBMW M4 GT3<\/p>\n","protected":false},"excerpt":{"rendered":"<p>Vysoce kvalitn\u00ed silikonov\u00e9 pneumatiky na autodr\u00e1hov\u00e1 aut\u00ed\u010dka Carrera Digital 124. Pou\u017eit\u00fd materi\u00e1l nab\u00edz\u00ed asi o 30% lep\u0161\u00ed j\u00edzdn\u00ed vlastnosti oproti origin\u00e1ln\u00edm pneumatik\u00e1m. Je\u0161t\u011b lep\u0161\u00edch v\u00fdsledk\u016f je mo\u017eno dos\u00e1hnout s pneumatikami \u0159ady Tuning (dostupn\u00e9 pouze pro n\u011bkter\u00e1 auta).<\/p>\n","protected":false},"featured_media":149,"comment_status":"open","ping_status":"closed","template":"","meta":[],"product_brand":[],"product_cat":[32,22],"product_tag":[44,25,186,37,39,45,40,42,41],"class_list":{"0":"post-658","1":"product","2":"type-product","3":"status-publish","4":"has-post-thumbnail","6":"product_cat-carrera-digital-124","7":"product_cat-pneumatiky-pro-autodrahy-carrera","8":"product_tag-autodrahy","9":"product_tag-carrera","10":"product_tag-carrera-digital-124","11":"product_tag-carrera-evolution","12":"product_tag-pneu","13":"product_tag-pneumatiky","14":"product_tag-reifen","15":"product_tag-slotcar","16":"product_tag-tires","17":"thunk-woo-product-list","18":"opn-qv-enable","19":"open-woo-hover-zoom","20":"open-single-product-tab-horizontal","21":"open-shadow-","22":"open-shadow-hover-","24":"first","25":"instock","26":"shipping-taxable","27":"purchasable","28":"product-type-variable","29":"has-default-attributes"},"yoast_head":"<!-- This site is optimized with the Yoast SEO plugin v27.0 - https:\/\/yoast.com\/product\/yoast-seo-wordpress\/ -->\n<title>Vzor 85492 - Ford GT, Mercedes AMG, Porsche 911, Chevrolet Corvette a dal\u0161\u00ed (1:24) - SlotCarsPneu.eu<\/title>\n<meta name=\"description\" content=\"Kvalitn\u00ed pneumatiky pro autodr\u00e1hy Carrera Digital 124 - Ford GT, Mercedes AMG, Porsche 911... Vzor 85942. Dostupn\u00e9 v proveden\u00ed Premium a Exclusiv.\" \/>\n<meta name=\"robots\" content=\"index, follow, max-snippet:-1, max-image-preview:large, max-video-preview:-1\" \/>\n<link rel=\"canonical\" href=\"https:\/\/slotcarspneu.eu\/cs\/product\/85942-pneumatiky-carrera-ford-mercedes-amg-porsche\/\" \/>\n<meta property=\"og:locale\" content=\"cs_CZ\" \/>\n<meta property=\"og:type\" content=\"article\" \/>\n<meta property=\"og:title\" content=\"Vzor 85492 - Ford GT, Mercedes AMG, Porsche 911, Chevrolet Corvette a dal\u0161\u00ed (1:24) - SlotCarsPneu.eu\" \/>\n<meta property=\"og:description\" content=\"Kvalitn\u00ed pneumatiky pro autodr\u00e1hy Carrera Digital 124 - Ford GT, Mercedes AMG, Porsche 911... Vzor 85942. Dostupn\u00e9 v proveden\u00ed Premium a Exclusiv.\" \/>\n<meta property=\"og:url\" content=\"https:\/\/slotcarspneu.eu\/cs\/product\/85942-pneumatiky-carrera-ford-mercedes-amg-porsche\/\" \/>\n<meta property=\"og:site_name\" content=\"SlotCarsPneu.eu\" \/>\n<meta property=\"article:publisher\" content=\"https:\/\/www.facebook.com\/profile.php?id=61552543293336\" \/>\n<meta property=\"article:modified_time\" content=\"2026-01-15T03:45:32+00:00\" \/>\n<meta property=\"og:image\" content=\"https:\/\/slotcarspneu.eu\/wp-content\/uploads\/2023\/10\/pneu_ilustrativni_foto_premium_4kola_web.jpg\" \/>\n\t<meta property=\"og:image:width\" content=\"1223\" \/>\n\t<meta property=\"og:image:height\" content=\"914\" \/>\n\t<meta property=\"og:image:type\" content=\"image\/jpeg\" \/>\n<meta name=\"twitter:card\" content=\"summary_large_image\" \/>\n<meta name=\"twitter:site\" content=\"@slotcarspneu\" \/>\n<meta name=\"twitter:label1\" content=\"Odhadovan\u00e1 doba \u010dten\u00ed\" \/>\n\t<meta name=\"twitter:data1\" content=\"1 minuta\" \/>\n<script type=\"application\/ld+json\" class=\"yoast-schema-graph\">{\"@context\":\"https:\/\/schema.org\",\"@graph\":[{\"@type\":\"WebPage\",\"@id\":\"https:\/\/slotcarspneu.eu\/cs\/product\/85942-pneumatiky-carrera-ford-mercedes-amg-porsche\/\",\"url\":\"https:\/\/slotcarspneu.eu\/cs\/product\/85942-pneumatiky-carrera-ford-mercedes-amg-porsche\/\",\"name\":\"Vzor 85492 - Ford GT, Mercedes AMG, Porsche 911, Chevrolet Corvette a dal\u0161\u00ed (1:24) - SlotCarsPneu.eu\",\"isPartOf\":{\"@id\":\"https:\/\/slotcarspneu.eu\/#website\"},\"primaryImageOfPage\":{\"@id\":\"https:\/\/slotcarspneu.eu\/cs\/product\/85942-pneumatiky-carrera-ford-mercedes-amg-porsche\/#primaryimage\"},\"image\":{\"@id\":\"https:\/\/slotcarspneu.eu\/cs\/product\/85942-pneumatiky-carrera-ford-mercedes-amg-porsche\/#primaryimage\"},\"thumbnailUrl\":\"https:\/\/slotcarspneu.eu\/wp-content\/uploads\/2023\/10\/pneu_ilustrativni_foto_premium_4kola_web.jpg\",\"datePublished\":\"2023-12-18T15:54:43+00:00\",\"dateModified\":\"2026-01-15T03:45:32+00:00\",\"description\":\"Kvalitn\u00ed pneumatiky pro autodr\u00e1hy Carrera Digital 124 - Ford GT, Mercedes AMG, Porsche 911... Vzor 85942. Dostupn\u00e9 v proveden\u00ed Premium a Exclusiv.\",\"breadcrumb\":{\"@id\":\"https:\/\/slotcarspneu.eu\/cs\/product\/85942-pneumatiky-carrera-ford-mercedes-amg-porsche\/#breadcrumb\"},\"inLanguage\":\"cs\",\"potentialAction\":[{\"@type\":\"ReadAction\",\"target\":[\"https:\/\/slotcarspneu.eu\/cs\/product\/85942-pneumatiky-carrera-ford-mercedes-amg-porsche\/\"]}]},{\"@type\":\"ImageObject\",\"inLanguage\":\"cs\",\"@id\":\"https:\/\/slotcarspneu.eu\/cs\/product\/85942-pneumatiky-carrera-ford-mercedes-amg-porsche\/#primaryimage\",\"url\":\"https:\/\/slotcarspneu.eu\/wp-content\/uploads\/2023\/10\/pneu_ilustrativni_foto_premium_4kola_web.jpg\",\"contentUrl\":\"https:\/\/slotcarspneu.eu\/wp-content\/uploads\/2023\/10\/pneu_ilustrativni_foto_premium_4kola_web.jpg\",\"width\":1223,\"height\":914,\"caption\":\"Sada pneumatik Premium\"},{\"@type\":\"BreadcrumbList\",\"@id\":\"https:\/\/slotcarspneu.eu\/cs\/product\/85942-pneumatiky-carrera-ford-mercedes-amg-porsche\/#breadcrumb\",\"itemListElement\":[{\"@type\":\"ListItem\",\"position\":1,\"name\":\"Dom\u016f\",\"item\":\"https:\/\/slotcarspneu.eu\/cs\/\"},{\"@type\":\"ListItem\",\"position\":2,\"name\":\"Obchod\",\"item\":\"https:\/\/slotcarspneu.eu\/cs\/\"},{\"@type\":\"ListItem\",\"position\":3,\"name\":\"Vzor 85492 &#8211; Ford GT, Mercedes AMG, Porsche 911, Chevrolet Corvette a dal\u0161\u00ed (1:24)\"}]},{\"@type\":\"WebSite\",\"@id\":\"https:\/\/slotcarspneu.eu\/#website\",\"url\":\"https:\/\/slotcarspneu.eu\/\",\"name\":\"SlotCarsPneu.eu\",\"description\":\"Kvalitn\u00ed silikonov\u00e9 pneumatiky pro autodr\u00e1hov\u00e1 aut\u00ed\u010dka\",\"potentialAction\":[{\"@type\":\"SearchAction\",\"target\":{\"@type\":\"EntryPoint\",\"urlTemplate\":\"https:\/\/slotcarspneu.eu\/?s={search_term_string}\"},\"query-input\":{\"@type\":\"PropertyValueSpecification\",\"valueRequired\":true,\"valueName\":\"search_term_string\"}}],\"inLanguage\":\"cs\"}]}<\/script>\n<!-- \/ Yoast SEO plugin. -->","yoast_head_json":{"title":"Vzor 85492 - Ford GT, Mercedes AMG, Porsche 911, Chevrolet Corvette a dal\u0161\u00ed (1:24) - SlotCarsPneu.eu","description":"Kvalitn\u00ed pneumatiky pro autodr\u00e1hy Carrera Digital 124 - Ford GT, Mercedes AMG, Porsche 911... Vzor 85942. Dostupn\u00e9 v proveden\u00ed Premium a Exclusiv.","robots":{"index":"index","follow":"follow","max-snippet":"max-snippet:-1","max-image-preview":"max-image-preview:large","max-video-preview":"max-video-preview:-1"},"canonical":"https:\/\/slotcarspneu.eu\/cs\/product\/85942-pneumatiky-carrera-ford-mercedes-amg-porsche\/","og_locale":"cs_CZ","og_type":"article","og_title":"Vzor 85492 - Ford GT, Mercedes AMG, Porsche 911, Chevrolet Corvette a dal\u0161\u00ed (1:24) - SlotCarsPneu.eu","og_description":"Kvalitn\u00ed pneumatiky pro autodr\u00e1hy Carrera Digital 124 - Ford GT, Mercedes AMG, Porsche 911... Vzor 85942. Dostupn\u00e9 v proveden\u00ed Premium a Exclusiv.","og_url":"https:\/\/slotcarspneu.eu\/cs\/product\/85942-pneumatiky-carrera-ford-mercedes-amg-porsche\/","og_site_name":"SlotCarsPneu.eu","article_publisher":"https:\/\/www.facebook.com\/profile.php?id=61552543293336","article_modified_time":"2026-01-15T03:45:32+00:00","og_image":[{"width":1223,"height":914,"url":"https:\/\/slotcarspneu.eu\/wp-content\/uploads\/2023\/10\/pneu_ilustrativni_foto_premium_4kola_web.jpg","type":"image\/jpeg"}],"twitter_card":"summary_large_image","twitter_site":"@slotcarspneu","twitter_misc":{"Odhadovan\u00e1 doba \u010dten\u00ed":"1 minuta"},"schema":{"@context":"https:\/\/schema.org","@graph":[{"@type":"WebPage","@id":"https:\/\/slotcarspneu.eu\/cs\/product\/85942-pneumatiky-carrera-ford-mercedes-amg-porsche\/","url":"https:\/\/slotcarspneu.eu\/cs\/product\/85942-pneumatiky-carrera-ford-mercedes-amg-porsche\/","name":"Vzor 85492 - Ford GT, Mercedes AMG, Porsche 911, Chevrolet Corvette a dal\u0161\u00ed (1:24) - SlotCarsPneu.eu","isPartOf":{"@id":"https:\/\/slotcarspneu.eu\/#website"},"primaryImageOfPage":{"@id":"https:\/\/slotcarspneu.eu\/cs\/product\/85942-pneumatiky-carrera-ford-mercedes-amg-porsche\/#primaryimage"},"image":{"@id":"https:\/\/slotcarspneu.eu\/cs\/product\/85942-pneumatiky-carrera-ford-mercedes-amg-porsche\/#primaryimage"},"thumbnailUrl":"https:\/\/slotcarspneu.eu\/wp-content\/uploads\/2023\/10\/pneu_ilustrativni_foto_premium_4kola_web.jpg","datePublished":"2023-12-18T15:54:43+00:00","dateModified":"2026-01-15T03:45:32+00:00","description":"Kvalitn\u00ed pneumatiky pro autodr\u00e1hy Carrera Digital 124 - Ford GT, Mercedes AMG, Porsche 911... Vzor 85942. Dostupn\u00e9 v proveden\u00ed Premium a Exclusiv.","breadcrumb":{"@id":"https:\/\/slotcarspneu.eu\/cs\/product\/85942-pneumatiky-carrera-ford-mercedes-amg-porsche\/#breadcrumb"},"inLanguage":"cs","potentialAction":[{"@type":"ReadAction","target":["https:\/\/slotcarspneu.eu\/cs\/product\/85942-pneumatiky-carrera-ford-mercedes-amg-porsche\/"]}]},{"@type":"ImageObject","inLanguage":"cs","@id":"https:\/\/slotcarspneu.eu\/cs\/product\/85942-pneumatiky-carrera-ford-mercedes-amg-porsche\/#primaryimage","url":"https:\/\/slotcarspneu.eu\/wp-content\/uploads\/2023\/10\/pneu_ilustrativni_foto_premium_4kola_web.jpg","contentUrl":"https:\/\/slotcarspneu.eu\/wp-content\/uploads\/2023\/10\/pneu_ilustrativni_foto_premium_4kola_web.jpg","width":1223,"height":914,"caption":"Sada pneumatik Premium"},{"@type":"BreadcrumbList","@id":"https:\/\/slotcarspneu.eu\/cs\/product\/85942-pneumatiky-carrera-ford-mercedes-amg-porsche\/#breadcrumb","itemListElement":[{"@type":"ListItem","position":1,"name":"Dom\u016f","item":"https:\/\/slotcarspneu.eu\/cs\/"},{"@type":"ListItem","position":2,"name":"Obchod","item":"https:\/\/slotcarspneu.eu\/cs\/"},{"@type":"ListItem","position":3,"name":"Vzor 85492 &#8211; Ford GT, Mercedes AMG, Porsche 911, Chevrolet Corvette a dal\u0161\u00ed (1:24)"}]},{"@type":"WebSite","@id":"https:\/\/slotcarspneu.eu\/#website","url":"https:\/\/slotcarspneu.eu\/","name":"SlotCarsPneu.eu","description":"Kvalitn\u00ed silikonov\u00e9 pneumatiky pro autodr\u00e1hov\u00e1 aut\u00ed\u010dka","potentialAction":[{"@type":"SearchAction","target":{"@type":"EntryPoint","urlTemplate":"https:\/\/slotcarspneu.eu\/?s={search_term_string}"},"query-input":{"@type":"PropertyValueSpecification","valueRequired":true,"valueName":"search_term_string"}}],"inLanguage":"cs"}]}},"jetpack_sharing_enabled":true,"_links":{"self":[{"href":"https:\/\/slotcarspneu.eu\/cs\/wp-json\/wp\/v2\/product\/658","targetHints":{"allow":["GET"]}}],"collection":[{"href":"https:\/\/slotcarspneu.eu\/cs\/wp-json\/wp\/v2\/product"}],"about":[{"href":"https:\/\/slotcarspneu.eu\/cs\/wp-json\/wp\/v2\/types\/product"}],"replies":[{"embeddable":true,"href":"https:\/\/slotcarspneu.eu\/cs\/wp-json\/wp\/v2\/comments?post=658"}],"wp:featuredmedia":[{"embeddable":true,"href":"https:\/\/slotcarspneu.eu\/cs\/wp-json\/wp\/v2\/media\/149"}],"wp:attachment":[{"href":"https:\/\/slotcarspneu.eu\/cs\/wp-json\/wp\/v2\/media?parent=658"}],"wp:term":[{"taxonomy":"product_brand","embeddable":true,"href":"https:\/\/slotcarspneu.eu\/cs\/wp-json\/wp\/v2\/product_brand?post=658"},{"taxonomy":"product_cat","embeddable":true,"href":"https:\/\/slotcarspneu.eu\/cs\/wp-json\/wp\/v2\/product_cat?post=658"},{"taxonomy":"product_tag","embeddable":true,"href":"https:\/\/slotcarspneu.eu\/cs\/wp-json\/wp\/v2\/product_tag?post=658"}],"curies":[{"name":"wp","href":"https:\/\/api.w.org\/{rel}","templated":true}]}}