{"id":165,"date":"2023-10-19T17:19:21","date_gmt":"2023-10-19T15:19:21","guid":{"rendered":"https:\/\/slotcarspneu.eu\/?post_type=product&#038;p=165"},"modified":"2026-01-15T04:56:26","modified_gmt":"2026-01-15T03:56:26","slug":"sada-pneumatik-89630-mclaren-m20-30523","status":"publish","type":"product","link":"https:\/\/slotcarspneu.eu\/cs\/product\/sada-pneumatik-89630-mclaren-m20-30523\/","title":{"rendered":"Vzor 89630 &#8211; McLaren M20"},"content":{"rendered":"<p>Pneumatiky pro auta na autodr\u00e1hu Carrera Digital 132\/ Carrera Evolution &#8211; McLaren M20 (30523).<\/p>\n<p>Pneumatiky jsou k dispozici ve variant\u00e1ch <a href=\"https:\/\/slotcarspneu.eu\/o-nas\/\">Premium<\/a> (z\u00e1kladn\u00ed proveden\u00ed pneumatiky s rozm\u011bry kompatibiln\u00edmi s origin\u00e1ln\u00edmi pneumatikami Carrera), <a href=\"https:\/\/slotcarspneu.eu\/o-nas\/\">Exclusiv<\/a> s kvalitn\u011bj\u0161\u00ed povrchovou \u00fapravou a pro n\u011bkter\u00e1 auta <a href=\"https:\/\/slotcarspneu.eu\/o-nas\/\">Tuning<\/a> (povrchov\u00e1 \u00faprava jako Exclusiv, zmen\u0161en\u00fd pr\u016fm\u011br zadn\u00edch pneumatik zvy\u0161uje p\u0159\u00edtlak magnet\u016f, auta v\u00fdrazn\u011b l\u00e9pe dr\u017e\u00ed v zat\u00e1\u010dk\u00e1ch).<\/p>\n<p>D\u00edky pou\u017eit\u00e9mu vysokopevnostn\u00edmu silikonu dosahuj\u00ed vozy s pneumatikami Premium a Exclusiv asi o 30% lep\u0161\u00edch \u010das\u016f, ne\u017e s origin\u00e1ln\u00edmi pneumatikami. Tak\u00e9 zhor\u0161ov\u00e1n\u00ed j\u00edzdn\u00edch vlastnost\u00ed vlivem \u010dasu (tvrdnut\u00ed, okor\u00e1v\u00e1n\u00ed pneumatik) prob\u00edh\u00e1 v\u00fdrazn\u011b pomaleji, pneu v\u00e1m bezpe\u010dn\u011b vydr\u017e\u00ed n\u011bkolik sezon.<\/p>\n<p>Katalogov\u00e9 \u010d\u00edslo pneumatik Carrera: 89630<\/p>\n<p>Kompatibiln\u00ed auta Carrera Evolution:<\/p>\n<p>Kompatibiln\u00ed auta Carrera Digital 132:<\/p>\n<p>30523 &#8211; McLaren M20McLaren Cars, &#8222;No.5&#8220;, &#8217;72<br \/>\n30524 &#8211; McLaren M20 Roy Woods Racing &#8222;No.73&#8220;, &#8217;73<br \/>\n30573 &#8211; McLaren M20 &#8222;No.8&#8220; &#8217;74<br \/>\n30587 &#8211; McLaren M20 &#8222;No. 3&#8220; Interserie, \u201874<\/p>\n","protected":false},"excerpt":{"rendered":"<p>Vysoce kvalitn\u00ed silikonov\u00e9 pneumatiky na autodr\u00e1hov\u00e1 aut\u00ed\u010dka Carrera Digital 132 a Carrera Evolution. Pou\u017eit\u00fd materi\u00e1l nab\u00edz\u00ed asi o 30% lep\u0161\u00ed j\u00edzdn\u00ed vlastnosti oproti origin\u00e1ln\u00edm pneumatik\u00e1m. Je\u0161t\u011b lep\u0161\u00edch v\u00fdsledk\u016f je mo\u017eno dos\u00e1hnout s pneumatikami \u0159ady Tuning (dostupn\u00e9 pouze pro n\u011bkter\u00e1 auta).<\/p>\n","protected":false},"featured_media":132,"comment_status":"open","ping_status":"closed","template":"","meta":[],"product_brand":[],"product_cat":[27,28,22],"product_tag":[58,57,43,44,25,38,37,39,45,40,42,41],"class_list":{"0":"post-165","1":"product","2":"type-product","3":"status-publish","4":"has-post-thumbnail","6":"product_cat-carrera-digital-132","7":"product_cat-carrera-evolution","8":"product_cat-pneumatiky-pro-autodrahy-carrera","9":"product_tag-58","10":"product_tag-57","11":"product_tag-autodraha","12":"product_tag-autodrahy","13":"product_tag-carrera","14":"product_tag-carrera-digital-132","15":"product_tag-carrera-evolution","16":"product_tag-pneu","17":"product_tag-pneumatiky","18":"product_tag-reifen","19":"product_tag-slotcar","20":"product_tag-tires","21":"thunk-woo-product-list","22":"opn-qv-enable","23":"open-woo-hover-zoom","24":"open-single-product-tab-horizontal","25":"open-shadow-","26":"open-shadow-hover-","28":"first","29":"instock","30":"shipping-taxable","31":"purchasable","32":"product-type-variable","33":"has-default-attributes"},"yoast_head":"<!-- This site is optimized with the Yoast SEO plugin v27.0 - https:\/\/yoast.com\/product\/yoast-seo-wordpress\/ -->\n<title>Vzor 89630 - McLaren M20 - SlotCarsPneu.eu<\/title>\n<meta name=\"description\" content=\"Pneumatiky pro autodr\u00e1hov\u00e1 aut\u00ed\u010dka Carrera Digital 132 \/ Evolution - McLaren M20 Kvalitn\u00ed pneumatiky z vysokopevnostn\u00edho silikonu.\" \/>\n<meta name=\"robots\" content=\"index, follow, max-snippet:-1, max-image-preview:large, max-video-preview:-1\" \/>\n<link rel=\"canonical\" href=\"https:\/\/slotcarspneu.eu\/cs\/product\/sada-pneumatik-89630-mclaren-m20-30523\/\" \/>\n<meta property=\"og:locale\" content=\"cs_CZ\" \/>\n<meta property=\"og:type\" content=\"article\" \/>\n<meta property=\"og:title\" content=\"Vzor 89630 - McLaren M20 - SlotCarsPneu.eu\" \/>\n<meta property=\"og:description\" content=\"Pneumatiky pro autodr\u00e1hov\u00e1 aut\u00ed\u010dka Carrera Digital 132 \/ Evolution - McLaren M20 Kvalitn\u00ed pneumatiky z vysokopevnostn\u00edho silikonu.\" \/>\n<meta property=\"og:url\" content=\"https:\/\/slotcarspneu.eu\/cs\/product\/sada-pneumatik-89630-mclaren-m20-30523\/\" \/>\n<meta property=\"og:site_name\" content=\"SlotCarsPneu.eu\" \/>\n<meta property=\"article:publisher\" content=\"https:\/\/www.facebook.com\/profile.php?id=61552543293336\" \/>\n<meta property=\"article:modified_time\" content=\"2026-01-15T03:56:26+00:00\" \/>\n<meta property=\"og:image\" content=\"https:\/\/slotcarspneu.eu\/wp-content\/uploads\/2023\/10\/pneu_ilustrativni_foto_web.jpg\" \/>\n\t<meta property=\"og:image:width\" content=\"1269\" \/>\n\t<meta property=\"og:image:height\" content=\"889\" \/>\n\t<meta property=\"og:image:type\" content=\"image\/jpeg\" \/>\n<meta name=\"twitter:card\" content=\"summary_large_image\" \/>\n<meta name=\"twitter:site\" content=\"@slotcarspneu\" \/>\n<meta name=\"twitter:label1\" content=\"Odhadovan\u00e1 doba \u010dten\u00ed\" \/>\n\t<meta name=\"twitter:data1\" content=\"1 minuta\" \/>\n<script type=\"application\/ld+json\" class=\"yoast-schema-graph\">{\"@context\":\"https:\/\/schema.org\",\"@graph\":[{\"@type\":\"WebPage\",\"@id\":\"https:\/\/slotcarspneu.eu\/cs\/product\/sada-pneumatik-89630-mclaren-m20-30523\/\",\"url\":\"https:\/\/slotcarspneu.eu\/cs\/product\/sada-pneumatik-89630-mclaren-m20-30523\/\",\"name\":\"Vzor 89630 - McLaren M20 - SlotCarsPneu.eu\",\"isPartOf\":{\"@id\":\"https:\/\/slotcarspneu.eu\/#website\"},\"primaryImageOfPage\":{\"@id\":\"https:\/\/slotcarspneu.eu\/cs\/product\/sada-pneumatik-89630-mclaren-m20-30523\/#primaryimage\"},\"image\":{\"@id\":\"https:\/\/slotcarspneu.eu\/cs\/product\/sada-pneumatik-89630-mclaren-m20-30523\/#primaryimage\"},\"thumbnailUrl\":\"https:\/\/slotcarspneu.eu\/wp-content\/uploads\/2023\/10\/pneu_ilustrativni_foto_web.jpg\",\"datePublished\":\"2023-10-19T15:19:21+00:00\",\"dateModified\":\"2026-01-15T03:56:26+00:00\",\"description\":\"Pneumatiky pro autodr\u00e1hov\u00e1 aut\u00ed\u010dka Carrera Digital 132 \/ Evolution - McLaren M20 Kvalitn\u00ed pneumatiky z vysokopevnostn\u00edho silikonu.\",\"breadcrumb\":{\"@id\":\"https:\/\/slotcarspneu.eu\/cs\/product\/sada-pneumatik-89630-mclaren-m20-30523\/#breadcrumb\"},\"inLanguage\":\"cs\",\"potentialAction\":[{\"@type\":\"ReadAction\",\"target\":[\"https:\/\/slotcarspneu.eu\/cs\/product\/sada-pneumatik-89630-mclaren-m20-30523\/\"]}]},{\"@type\":\"ImageObject\",\"inLanguage\":\"cs\",\"@id\":\"https:\/\/slotcarspneu.eu\/cs\/product\/sada-pneumatik-89630-mclaren-m20-30523\/#primaryimage\",\"url\":\"https:\/\/slotcarspneu.eu\/wp-content\/uploads\/2023\/10\/pneu_ilustrativni_foto_web.jpg\",\"contentUrl\":\"https:\/\/slotcarspneu.eu\/wp-content\/uploads\/2023\/10\/pneu_ilustrativni_foto_web.jpg\",\"width\":1269,\"height\":889,\"caption\":\"Sada pneumatik Exclusiv \/ Tuning\"},{\"@type\":\"BreadcrumbList\",\"@id\":\"https:\/\/slotcarspneu.eu\/cs\/product\/sada-pneumatik-89630-mclaren-m20-30523\/#breadcrumb\",\"itemListElement\":[{\"@type\":\"ListItem\",\"position\":1,\"name\":\"Dom\u016f\",\"item\":\"https:\/\/slotcarspneu.eu\/cs\/\"},{\"@type\":\"ListItem\",\"position\":2,\"name\":\"Obchod\",\"item\":\"https:\/\/slotcarspneu.eu\/cs\/\"},{\"@type\":\"ListItem\",\"position\":3,\"name\":\"Vzor 89630 &#8211; McLaren M20\"}]},{\"@type\":\"WebSite\",\"@id\":\"https:\/\/slotcarspneu.eu\/#website\",\"url\":\"https:\/\/slotcarspneu.eu\/\",\"name\":\"SlotCarsPneu.eu\",\"description\":\"Kvalitn\u00ed silikonov\u00e9 pneumatiky pro autodr\u00e1hov\u00e1 aut\u00ed\u010dka\",\"potentialAction\":[{\"@type\":\"SearchAction\",\"target\":{\"@type\":\"EntryPoint\",\"urlTemplate\":\"https:\/\/slotcarspneu.eu\/?s={search_term_string}\"},\"query-input\":{\"@type\":\"PropertyValueSpecification\",\"valueRequired\":true,\"valueName\":\"search_term_string\"}}],\"inLanguage\":\"cs\"}]}<\/script>\n<!-- \/ Yoast SEO plugin. -->","yoast_head_json":{"title":"Vzor 89630 - McLaren M20 - SlotCarsPneu.eu","description":"Pneumatiky pro autodr\u00e1hov\u00e1 aut\u00ed\u010dka Carrera Digital 132 \/ Evolution - McLaren M20 Kvalitn\u00ed pneumatiky z vysokopevnostn\u00edho silikonu.","robots":{"index":"index","follow":"follow","max-snippet":"max-snippet:-1","max-image-preview":"max-image-preview:large","max-video-preview":"max-video-preview:-1"},"canonical":"https:\/\/slotcarspneu.eu\/cs\/product\/sada-pneumatik-89630-mclaren-m20-30523\/","og_locale":"cs_CZ","og_type":"article","og_title":"Vzor 89630 - McLaren M20 - SlotCarsPneu.eu","og_description":"Pneumatiky pro autodr\u00e1hov\u00e1 aut\u00ed\u010dka Carrera Digital 132 \/ Evolution - McLaren M20 Kvalitn\u00ed pneumatiky z vysokopevnostn\u00edho silikonu.","og_url":"https:\/\/slotcarspneu.eu\/cs\/product\/sada-pneumatik-89630-mclaren-m20-30523\/","og_site_name":"SlotCarsPneu.eu","article_publisher":"https:\/\/www.facebook.com\/profile.php?id=61552543293336","article_modified_time":"2026-01-15T03:56:26+00:00","og_image":[{"width":1269,"height":889,"url":"https:\/\/slotcarspneu.eu\/wp-content\/uploads\/2023\/10\/pneu_ilustrativni_foto_web.jpg","type":"image\/jpeg"}],"twitter_card":"summary_large_image","twitter_site":"@slotcarspneu","twitter_misc":{"Odhadovan\u00e1 doba \u010dten\u00ed":"1 minuta"},"schema":{"@context":"https:\/\/schema.org","@graph":[{"@type":"WebPage","@id":"https:\/\/slotcarspneu.eu\/cs\/product\/sada-pneumatik-89630-mclaren-m20-30523\/","url":"https:\/\/slotcarspneu.eu\/cs\/product\/sada-pneumatik-89630-mclaren-m20-30523\/","name":"Vzor 89630 - McLaren M20 - SlotCarsPneu.eu","isPartOf":{"@id":"https:\/\/slotcarspneu.eu\/#website"},"primaryImageOfPage":{"@id":"https:\/\/slotcarspneu.eu\/cs\/product\/sada-pneumatik-89630-mclaren-m20-30523\/#primaryimage"},"image":{"@id":"https:\/\/slotcarspneu.eu\/cs\/product\/sada-pneumatik-89630-mclaren-m20-30523\/#primaryimage"},"thumbnailUrl":"https:\/\/slotcarspneu.eu\/wp-content\/uploads\/2023\/10\/pneu_ilustrativni_foto_web.jpg","datePublished":"2023-10-19T15:19:21+00:00","dateModified":"2026-01-15T03:56:26+00:00","description":"Pneumatiky pro autodr\u00e1hov\u00e1 aut\u00ed\u010dka Carrera Digital 132 \/ Evolution - McLaren M20 Kvalitn\u00ed pneumatiky z vysokopevnostn\u00edho silikonu.","breadcrumb":{"@id":"https:\/\/slotcarspneu.eu\/cs\/product\/sada-pneumatik-89630-mclaren-m20-30523\/#breadcrumb"},"inLanguage":"cs","potentialAction":[{"@type":"ReadAction","target":["https:\/\/slotcarspneu.eu\/cs\/product\/sada-pneumatik-89630-mclaren-m20-30523\/"]}]},{"@type":"ImageObject","inLanguage":"cs","@id":"https:\/\/slotcarspneu.eu\/cs\/product\/sada-pneumatik-89630-mclaren-m20-30523\/#primaryimage","url":"https:\/\/slotcarspneu.eu\/wp-content\/uploads\/2023\/10\/pneu_ilustrativni_foto_web.jpg","contentUrl":"https:\/\/slotcarspneu.eu\/wp-content\/uploads\/2023\/10\/pneu_ilustrativni_foto_web.jpg","width":1269,"height":889,"caption":"Sada pneumatik Exclusiv \/ Tuning"},{"@type":"BreadcrumbList","@id":"https:\/\/slotcarspneu.eu\/cs\/product\/sada-pneumatik-89630-mclaren-m20-30523\/#breadcrumb","itemListElement":[{"@type":"ListItem","position":1,"name":"Dom\u016f","item":"https:\/\/slotcarspneu.eu\/cs\/"},{"@type":"ListItem","position":2,"name":"Obchod","item":"https:\/\/slotcarspneu.eu\/cs\/"},{"@type":"ListItem","position":3,"name":"Vzor 89630 &#8211; McLaren M20"}]},{"@type":"WebSite","@id":"https:\/\/slotcarspneu.eu\/#website","url":"https:\/\/slotcarspneu.eu\/","name":"SlotCarsPneu.eu","description":"Kvalitn\u00ed silikonov\u00e9 pneumatiky pro autodr\u00e1hov\u00e1 aut\u00ed\u010dka","potentialAction":[{"@type":"SearchAction","target":{"@type":"EntryPoint","urlTemplate":"https:\/\/slotcarspneu.eu\/?s={search_term_string}"},"query-input":{"@type":"PropertyValueSpecification","valueRequired":true,"valueName":"search_term_string"}}],"inLanguage":"cs"}]}},"jetpack_sharing_enabled":true,"_links":{"self":[{"href":"https:\/\/slotcarspneu.eu\/cs\/wp-json\/wp\/v2\/product\/165","targetHints":{"allow":["GET"]}}],"collection":[{"href":"https:\/\/slotcarspneu.eu\/cs\/wp-json\/wp\/v2\/product"}],"about":[{"href":"https:\/\/slotcarspneu.eu\/cs\/wp-json\/wp\/v2\/types\/product"}],"replies":[{"embeddable":true,"href":"https:\/\/slotcarspneu.eu\/cs\/wp-json\/wp\/v2\/comments?post=165"}],"wp:featuredmedia":[{"embeddable":true,"href":"https:\/\/slotcarspneu.eu\/cs\/wp-json\/wp\/v2\/media\/132"}],"wp:attachment":[{"href":"https:\/\/slotcarspneu.eu\/cs\/wp-json\/wp\/v2\/media?parent=165"}],"wp:term":[{"taxonomy":"product_brand","embeddable":true,"href":"https:\/\/slotcarspneu.eu\/cs\/wp-json\/wp\/v2\/product_brand?post=165"},{"taxonomy":"product_cat","embeddable":true,"href":"https:\/\/slotcarspneu.eu\/cs\/wp-json\/wp\/v2\/product_cat?post=165"},{"taxonomy":"product_tag","embeddable":true,"href":"https:\/\/slotcarspneu.eu\/cs\/wp-json\/wp\/v2\/product_tag?post=165"}],"curies":[{"name":"wp","href":"https:\/\/api.w.org\/{rel}","templated":true}]}}