{"id":1477,"date":"2026-01-15T04:07:05","date_gmt":"2026-01-15T03:07:05","guid":{"rendered":"https:\/\/slotcarspneu.eu\/cs\/product\/\/"},"modified":"2026-01-20T13:10:31","modified_gmt":"2026-01-20T12:10:31","slug":"vzor-91370-red-bull-racing-rb20","status":"publish","type":"product","link":"https:\/\/slotcarspneu.eu\/cs\/product\/vzor-91370-red-bull-racing-rb20\/","title":{"rendered":"Vzor 91370 &#8211; Red Bull Racing RB20"},"content":{"rendered":"<p>Pneumatiky pro auta na autodr\u00e1hu Carrera Digital 132\/ Carrera Evolution.<\/p>\n<p>Upozorn\u011bn\u00ed: <strong>p\u0159i testov\u00e1n\u00ed na dr\u00e1ze jsme zjistili, \u017ee formule Red Bull Racing RB20 m\u00e1 pom\u011brn\u011b slab\u00fd p\u0159\u00edtah magnet\u016f a proto na dr\u00e1ze p\u0159\u00edli\u0161 nedr\u017e\u00ed, alespo\u0148 ve srovn\u00e1n\u00ed s ostatn\u00edmi formulemi. Pokud chcete konkurovat ostatn\u00edm aut\u016fm, doporu\u010dujeme variantu pneumatik Tuning, kter\u00e1 m\u00e1 pr\u016fm\u011br zadn\u00edch pneumatik oproti origin\u00e1lu o 0,5mm men\u0161\u00ed, tedy cca 22,5mm. Ocen\u00edme tak\u00e9, kdy\u017e n\u00e1m na e-mail info@slotcarspneu.eu sd\u011bl\u00edte sv\u00e9 zku\u0161enosti s t\u00edmto vozem &#8211; zda se jednalo o jeden nepoveden\u00fd kus, nebo jsou \u0161patn\u00e9 j\u00edzdn\u00ed vlastnosti pro RB20 charakteristick\u00e9. D\u011bkujeme.<\/strong><\/p>\n<p>Pneumatiky jsou k dispozici ve variant\u00e1ch <a href=\"https:\/\/slotcarspneu.eu\/o-nas\/\">Premium<\/a> (z\u00e1kladn\u00ed proveden\u00ed pneumatiky s rozm\u011bry kompatibiln\u00edmi s origin\u00e1ln\u00edmi pneumatikami Carrera), <a href=\"https:\/\/slotcarspneu.eu\/o-nas\/\">Exclusiv<\/a> s kvalitn\u011bj\u0161\u00ed povrchovou \u00fapravou a <a href=\"https:\/\/slotcarspneu.eu\/o-nas\/\">Tuning<\/a> (povrchov\u00e1 \u00faprava jako Exclusiv, zmen\u0161en\u00fd pr\u016fm\u011br zadn\u00edch pneumatik zvy\u0161uje p\u0159\u00edtlak magnet\u016f, auta v\u00fdrazn\u011b l\u00e9pe dr\u017e\u00ed v zat\u00e1\u010dk\u00e1ch).<\/p>\n<p>D\u00edky pou\u017eit\u00e9mu vysokopevnostn\u00edmu silikonu dosahuj\u00ed vozy s pneumatikami Premium a Exclusiv asi o 30% lep\u0161\u00edch \u010das\u016f, ne\u017e s origin\u00e1ln\u00edmi pneumatikami. Tak\u00e9 zhor\u0161ov\u00e1n\u00ed j\u00edzdn\u00edch vlastnost\u00ed vlivem \u010dasu (tvrdnut\u00ed, okor\u00e1v\u00e1n\u00ed pneumatik) prob\u00edh\u00e1 v\u00fdrazn\u011b pomaleji, pneu v\u00e1m bezpe\u010dn\u011b vydr\u017e\u00ed n\u011bkolik sezon.<\/p>\n<p>Katalogov\u00e9 \u010d\u00edslo pneumatik Carrera: 91370<\/p>\n<p>Kompatibiln\u00ed auta Carrera Evolution:<br \/>\n27802 Red Bull Racing RB20 &#8222;M.Verstappen, No.1&#8220;<br \/>\n27803 Red Bull Racing RB20 &#8222;S.Perez, No.11&#8220;<\/p>\n<p>Kompatibiln\u00ed auta Carrera Digital 132:<br \/>\n32046 Red Bull Racing RB20 &#8222;M.Verstappen, No.1&#8220;<br \/>\n32047 Red Bull Racing RB20 &#8222;S.Perez, No.11&#8220;<\/p>\n","protected":false},"excerpt":{"rendered":"<p>Vysoce kvalitn\u00ed silikonov\u00e9 pneumatiky na autodr\u00e1hov\u00e1 aut\u00ed\u010dka Carrera Digital 132 a Carrera Evolution. Pou\u017eit\u00fd materi\u00e1l nab\u00edz\u00ed asi o 30% lep\u0161\u00ed j\u00edzdn\u00ed vlastnosti oproti origin\u00e1ln\u00edm pneumatik\u00e1m. Je\u0161t\u011b lep\u0161\u00edch v\u00fdsledk\u016f je mo\u017eno dos\u00e1hnout s pneumatikami \u0159ady Tuning &#8211; <strong>pro toto auto je to doporu\u010den\u00e1 varianta<\/strong>.<\/p>\n","protected":false},"featured_media":1494,"comment_status":"open","ping_status":"closed","template":"","meta":[],"product_brand":[],"product_cat":[27,28,22],"product_tag":[43,44,25,38,37,39,45,40,42,41],"class_list":{"0":"post-1477","1":"product","2":"type-product","3":"status-publish","4":"has-post-thumbnail","6":"product_cat-carrera-digital-132","7":"product_cat-carrera-evolution","8":"product_cat-pneumatiky-pro-autodrahy-carrera","9":"product_tag-autodraha","10":"product_tag-autodrahy","11":"product_tag-carrera","12":"product_tag-carrera-digital-132","13":"product_tag-carrera-evolution","14":"product_tag-pneu","15":"product_tag-pneumatiky","16":"product_tag-reifen","17":"product_tag-slotcar","18":"product_tag-tires","19":"thunk-woo-product-list","20":"opn-qv-enable","21":"open-woo-hover-zoom","22":"open-single-product-tab-horizontal","23":"open-shadow-","24":"open-shadow-hover-","26":"first","27":"instock","28":"shipping-taxable","29":"purchasable","30":"product-type-variable","31":"has-default-attributes"},"yoast_head":"<!-- This site is optimized with the Yoast SEO plugin v27.0 - https:\/\/yoast.com\/product\/yoast-seo-wordpress\/ -->\n<title>Vzor 91370 - Red Bull Racing RB20 - SlotCarsPneu.eu<\/title>\n<meta name=\"description\" content=\"Kvalitn\u00ed pneumatiky pro autodr\u00e1hy Carrera Digital 132 \/ Evolution. Vzor 89. Dostupn\u00e9 v proveden\u00ed Premium a Exclusiv.\" \/>\n<meta name=\"robots\" content=\"index, follow, max-snippet:-1, max-image-preview:large, max-video-preview:-1\" \/>\n<link rel=\"canonical\" href=\"https:\/\/slotcarspneu.eu\/cs\/product\/vzor-91370-red-bull-racing-rb20\/\" \/>\n<meta property=\"og:locale\" content=\"cs_CZ\" \/>\n<meta property=\"og:type\" content=\"article\" \/>\n<meta property=\"og:title\" content=\"Vzor 91370 - Red Bull Racing RB20 - SlotCarsPneu.eu\" \/>\n<meta property=\"og:description\" content=\"Kvalitn\u00ed pneumatiky pro autodr\u00e1hy Carrera Digital 132 \/ Evolution. Vzor 89. Dostupn\u00e9 v proveden\u00ed Premium a Exclusiv.\" \/>\n<meta property=\"og:url\" content=\"https:\/\/slotcarspneu.eu\/cs\/product\/vzor-91370-red-bull-racing-rb20\/\" \/>\n<meta property=\"og:site_name\" content=\"SlotCarsPneu.eu\" \/>\n<meta property=\"article:publisher\" content=\"https:\/\/www.facebook.com\/profile.php?id=61552543293336\" \/>\n<meta property=\"article:modified_time\" content=\"2026-01-20T12:10:31+00:00\" \/>\n<meta property=\"og:image\" content=\"https:\/\/slotcarspneu.eu\/wp-content\/uploads\/2026\/01\/91370_RebBull_RB20.jpg\" \/>\n\t<meta property=\"og:image:width\" content=\"1024\" \/>\n\t<meta property=\"og:image:height\" content=\"413\" \/>\n\t<meta property=\"og:image:type\" content=\"image\/jpeg\" \/>\n<meta name=\"twitter:card\" content=\"summary_large_image\" \/>\n<meta name=\"twitter:site\" content=\"@slotcarspneu\" \/>\n<meta name=\"twitter:label1\" content=\"Odhadovan\u00e1 doba \u010dten\u00ed\" \/>\n\t<meta name=\"twitter:data1\" content=\"2 minuty\" \/>\n<script type=\"application\/ld+json\" class=\"yoast-schema-graph\">{\"@context\":\"https:\/\/schema.org\",\"@graph\":[{\"@type\":\"WebPage\",\"@id\":\"https:\/\/slotcarspneu.eu\/cs\/product\/vzor-91370-red-bull-racing-rb20\/\",\"url\":\"https:\/\/slotcarspneu.eu\/cs\/product\/vzor-91370-red-bull-racing-rb20\/\",\"name\":\"Vzor 91370 - Red Bull Racing RB20 - SlotCarsPneu.eu\",\"isPartOf\":{\"@id\":\"https:\/\/slotcarspneu.eu\/#website\"},\"primaryImageOfPage\":{\"@id\":\"https:\/\/slotcarspneu.eu\/cs\/product\/vzor-91370-red-bull-racing-rb20\/#primaryimage\"},\"image\":{\"@id\":\"https:\/\/slotcarspneu.eu\/cs\/product\/vzor-91370-red-bull-racing-rb20\/#primaryimage\"},\"thumbnailUrl\":\"https:\/\/slotcarspneu.eu\/wp-content\/uploads\/2026\/01\/91370_RebBull_RB20.jpg\",\"datePublished\":\"2026-01-15T03:07:05+00:00\",\"dateModified\":\"2026-01-20T12:10:31+00:00\",\"description\":\"Kvalitn\u00ed pneumatiky pro autodr\u00e1hy Carrera Digital 132 \/ Evolution. Vzor 89. Dostupn\u00e9 v proveden\u00ed Premium a Exclusiv.\",\"breadcrumb\":{\"@id\":\"https:\/\/slotcarspneu.eu\/cs\/product\/vzor-91370-red-bull-racing-rb20\/#breadcrumb\"},\"inLanguage\":\"cs\",\"potentialAction\":[{\"@type\":\"ReadAction\",\"target\":[\"https:\/\/slotcarspneu.eu\/cs\/product\/vzor-91370-red-bull-racing-rb20\/\"]}]},{\"@type\":\"ImageObject\",\"inLanguage\":\"cs\",\"@id\":\"https:\/\/slotcarspneu.eu\/cs\/product\/vzor-91370-red-bull-racing-rb20\/#primaryimage\",\"url\":\"https:\/\/slotcarspneu.eu\/wp-content\/uploads\/2026\/01\/91370_RebBull_RB20.jpg\",\"contentUrl\":\"https:\/\/slotcarspneu.eu\/wp-content\/uploads\/2026\/01\/91370_RebBull_RB20.jpg\",\"width\":1024,\"height\":413,\"caption\":\"91370_RebBull_RB20\"},{\"@type\":\"BreadcrumbList\",\"@id\":\"https:\/\/slotcarspneu.eu\/cs\/product\/vzor-91370-red-bull-racing-rb20\/#breadcrumb\",\"itemListElement\":[{\"@type\":\"ListItem\",\"position\":1,\"name\":\"Dom\u016f\",\"item\":\"https:\/\/slotcarspneu.eu\/cs\/\"},{\"@type\":\"ListItem\",\"position\":2,\"name\":\"Obchod\",\"item\":\"https:\/\/slotcarspneu.eu\/cs\/\"},{\"@type\":\"ListItem\",\"position\":3,\"name\":\"Vzor 91370 &#8211; Red Bull Racing RB20\"}]},{\"@type\":\"WebSite\",\"@id\":\"https:\/\/slotcarspneu.eu\/#website\",\"url\":\"https:\/\/slotcarspneu.eu\/\",\"name\":\"SlotCarsPneu.eu\",\"description\":\"Kvalitn\u00ed silikonov\u00e9 pneumatiky pro autodr\u00e1hov\u00e1 aut\u00ed\u010dka\",\"potentialAction\":[{\"@type\":\"SearchAction\",\"target\":{\"@type\":\"EntryPoint\",\"urlTemplate\":\"https:\/\/slotcarspneu.eu\/?s={search_term_string}\"},\"query-input\":{\"@type\":\"PropertyValueSpecification\",\"valueRequired\":true,\"valueName\":\"search_term_string\"}}],\"inLanguage\":\"cs\"}]}<\/script>\n<!-- \/ Yoast SEO plugin. -->","yoast_head_json":{"title":"Vzor 91370 - Red Bull Racing RB20 - SlotCarsPneu.eu","description":"Kvalitn\u00ed pneumatiky pro autodr\u00e1hy Carrera Digital 132 \/ Evolution. Vzor 89. Dostupn\u00e9 v proveden\u00ed Premium a Exclusiv.","robots":{"index":"index","follow":"follow","max-snippet":"max-snippet:-1","max-image-preview":"max-image-preview:large","max-video-preview":"max-video-preview:-1"},"canonical":"https:\/\/slotcarspneu.eu\/cs\/product\/vzor-91370-red-bull-racing-rb20\/","og_locale":"cs_CZ","og_type":"article","og_title":"Vzor 91370 - Red Bull Racing RB20 - SlotCarsPneu.eu","og_description":"Kvalitn\u00ed pneumatiky pro autodr\u00e1hy Carrera Digital 132 \/ Evolution. Vzor 89. Dostupn\u00e9 v proveden\u00ed Premium a Exclusiv.","og_url":"https:\/\/slotcarspneu.eu\/cs\/product\/vzor-91370-red-bull-racing-rb20\/","og_site_name":"SlotCarsPneu.eu","article_publisher":"https:\/\/www.facebook.com\/profile.php?id=61552543293336","article_modified_time":"2026-01-20T12:10:31+00:00","og_image":[{"width":1024,"height":413,"url":"https:\/\/slotcarspneu.eu\/wp-content\/uploads\/2026\/01\/91370_RebBull_RB20.jpg","type":"image\/jpeg"}],"twitter_card":"summary_large_image","twitter_site":"@slotcarspneu","twitter_misc":{"Odhadovan\u00e1 doba \u010dten\u00ed":"2 minuty"},"schema":{"@context":"https:\/\/schema.org","@graph":[{"@type":"WebPage","@id":"https:\/\/slotcarspneu.eu\/cs\/product\/vzor-91370-red-bull-racing-rb20\/","url":"https:\/\/slotcarspneu.eu\/cs\/product\/vzor-91370-red-bull-racing-rb20\/","name":"Vzor 91370 - Red Bull Racing RB20 - SlotCarsPneu.eu","isPartOf":{"@id":"https:\/\/slotcarspneu.eu\/#website"},"primaryImageOfPage":{"@id":"https:\/\/slotcarspneu.eu\/cs\/product\/vzor-91370-red-bull-racing-rb20\/#primaryimage"},"image":{"@id":"https:\/\/slotcarspneu.eu\/cs\/product\/vzor-91370-red-bull-racing-rb20\/#primaryimage"},"thumbnailUrl":"https:\/\/slotcarspneu.eu\/wp-content\/uploads\/2026\/01\/91370_RebBull_RB20.jpg","datePublished":"2026-01-15T03:07:05+00:00","dateModified":"2026-01-20T12:10:31+00:00","description":"Kvalitn\u00ed pneumatiky pro autodr\u00e1hy Carrera Digital 132 \/ Evolution. Vzor 89. Dostupn\u00e9 v proveden\u00ed Premium a Exclusiv.","breadcrumb":{"@id":"https:\/\/slotcarspneu.eu\/cs\/product\/vzor-91370-red-bull-racing-rb20\/#breadcrumb"},"inLanguage":"cs","potentialAction":[{"@type":"ReadAction","target":["https:\/\/slotcarspneu.eu\/cs\/product\/vzor-91370-red-bull-racing-rb20\/"]}]},{"@type":"ImageObject","inLanguage":"cs","@id":"https:\/\/slotcarspneu.eu\/cs\/product\/vzor-91370-red-bull-racing-rb20\/#primaryimage","url":"https:\/\/slotcarspneu.eu\/wp-content\/uploads\/2026\/01\/91370_RebBull_RB20.jpg","contentUrl":"https:\/\/slotcarspneu.eu\/wp-content\/uploads\/2026\/01\/91370_RebBull_RB20.jpg","width":1024,"height":413,"caption":"91370_RebBull_RB20"},{"@type":"BreadcrumbList","@id":"https:\/\/slotcarspneu.eu\/cs\/product\/vzor-91370-red-bull-racing-rb20\/#breadcrumb","itemListElement":[{"@type":"ListItem","position":1,"name":"Dom\u016f","item":"https:\/\/slotcarspneu.eu\/cs\/"},{"@type":"ListItem","position":2,"name":"Obchod","item":"https:\/\/slotcarspneu.eu\/cs\/"},{"@type":"ListItem","position":3,"name":"Vzor 91370 &#8211; Red Bull Racing RB20"}]},{"@type":"WebSite","@id":"https:\/\/slotcarspneu.eu\/#website","url":"https:\/\/slotcarspneu.eu\/","name":"SlotCarsPneu.eu","description":"Kvalitn\u00ed silikonov\u00e9 pneumatiky pro autodr\u00e1hov\u00e1 aut\u00ed\u010dka","potentialAction":[{"@type":"SearchAction","target":{"@type":"EntryPoint","urlTemplate":"https:\/\/slotcarspneu.eu\/?s={search_term_string}"},"query-input":{"@type":"PropertyValueSpecification","valueRequired":true,"valueName":"search_term_string"}}],"inLanguage":"cs"}]}},"jetpack_sharing_enabled":true,"_links":{"self":[{"href":"https:\/\/slotcarspneu.eu\/cs\/wp-json\/wp\/v2\/product\/1477","targetHints":{"allow":["GET"]}}],"collection":[{"href":"https:\/\/slotcarspneu.eu\/cs\/wp-json\/wp\/v2\/product"}],"about":[{"href":"https:\/\/slotcarspneu.eu\/cs\/wp-json\/wp\/v2\/types\/product"}],"replies":[{"embeddable":true,"href":"https:\/\/slotcarspneu.eu\/cs\/wp-json\/wp\/v2\/comments?post=1477"}],"wp:featuredmedia":[{"embeddable":true,"href":"https:\/\/slotcarspneu.eu\/cs\/wp-json\/wp\/v2\/media\/1494"}],"wp:attachment":[{"href":"https:\/\/slotcarspneu.eu\/cs\/wp-json\/wp\/v2\/media?parent=1477"}],"wp:term":[{"taxonomy":"product_brand","embeddable":true,"href":"https:\/\/slotcarspneu.eu\/cs\/wp-json\/wp\/v2\/product_brand?post=1477"},{"taxonomy":"product_cat","embeddable":true,"href":"https:\/\/slotcarspneu.eu\/cs\/wp-json\/wp\/v2\/product_cat?post=1477"},{"taxonomy":"product_tag","embeddable":true,"href":"https:\/\/slotcarspneu.eu\/cs\/wp-json\/wp\/v2\/product_tag?post=1477"}],"curies":[{"name":"wp","href":"https:\/\/api.w.org\/{rel}","templated":true}]}}