{"id":1186,"date":"2025-01-31T18:25:09","date_gmt":"2025-01-31T17:25:09","guid":{"rendered":"https:\/\/slotcarspneu.eu\/product\/\/"},"modified":"2025-02-04T08:25:32","modified_gmt":"2025-02-04T07:25:32","slug":"89170_ford_dodge_plymouth","status":"publish","type":"product","link":"https:\/\/slotcarspneu.eu\/cs\/product\/89170_ford_dodge_plymouth\/","title":{"rendered":"Vzor 89170 &#8211; nap\u0159. Ford Torino (27616)"},"content":{"rendered":"<p>Pneumatiky pro auta na autodr\u00e1hu Carrera Digital 132\/ Carrera Evolution.<\/p>\n<p>Pneumatiky jsou k dispozici ve variant\u00e1ch <a href=\"https:\/\/slotcarspneu.eu\/o-nas\/\">Premium<\/a> (z\u00e1kladn\u00ed proveden\u00ed pneumatiky s rozm\u011bry kompatibiln\u00edmi s origin\u00e1ln\u00edmi pneumatikami Carrera &#8211; pr\u016fm\u011br zadn\u00ed pneumatiky na r\u00e1fku je 23.5mm), <a href=\"https:\/\/slotcarspneu.eu\/o-nas\/\">Exclusiv<\/a> s kvalitn\u011bj\u0161\u00ed povrchovou \u00fapravou a <a href=\"https:\/\/slotcarspneu.eu\/o-nas\/\">Tuning<\/a> (povrchov\u00e1 \u00faprava jako Exclusiv, zmen\u0161en\u00fd pr\u016fm\u011br zadn\u00edch pneumatik zvy\u0161uje p\u0159\u00edtlak magnet\u016f, auto v\u00fdrazn\u011b l\u00e9pe dr\u017e\u00ed v zat\u00e1\u010dk\u00e1ch). Pro toto auto doporu\u010dujeme variantu Tuning pro v\u00fdrazn\u011b lep\u0161\u00ed j\u00edzdn\u00ed v\u00fdkony.<\/p>\n<p>D\u00edky pou\u017eit\u00e9mu vysokopevnostn\u00edmu silikonu dosahuj\u00ed vozy s pneumatikami Premium a Exclusiv asi o 30% lep\u0161\u00edch \u010das\u016f, ne\u017e s origin\u00e1ln\u00edmi pneumatikami. Tak\u00e9 zhor\u0161ov\u00e1n\u00ed j\u00edzdn\u00edch vlastnost\u00ed vlivem \u010dasu (tvrdnut\u00ed, okor\u00e1v\u00e1n\u00ed pneumatik) prob\u00edh\u00e1 v\u00fdrazn\u011b pomaleji, pneu v\u00e1m bezpe\u010dn\u011b vydr\u017e\u00ed n\u011bkolik sezon.<\/p>\n<p>Katalogov\u00e9 \u010d\u00edslo pneumatik Carrera: 89170<\/p>\n<p>Kompatibiln\u00ed auta Carrera Evolution:<br \/>\n27143 Dodge Charger 500, Streetversion<br \/>\n27145 Plymouth Superbird, Streetversion<br \/>\n27186 Plymouth Superbird &#8222;No.43&#8243; R. Petty &#8220;70 (new chassis 2010)<br \/>\n27187 Ford Torino Talladega &#8222;No.43&#8220; R. Petty &#8217;69<br \/>\n27301 Dodge Charger 500 (rot) (new chassis 2010)<br \/>\n27330 Plymouth Superbird Hamilton #40<br \/>\n27332 Dodge Charger Daytona Last Aero Warrior &#8217;71 #22<br \/>\n27377 Dodge Charger Daytona &#8222;No. 55&#8220;, &#8217;69<br \/>\n27378 Plymouth Superbird &#8222;No. 02&#8220;, Riverside &#8217;70<br \/>\n27397 Dodge Charger 500 &#8222;No.30&#8220;, 1972<br \/>\n27398 Plymouth Superbird &#8222;No.8&#8220;, 1971<br \/>\n27435 Dodge Charger Daytona &#8222;No.30&#8220; 1970<br \/>\n27461 Dodge Charger 500<br \/>\n27521 Ford Torino Talladega &#8222;Wendell Scott; No. 34&#8220;<br \/>\n27522 Ford Torino Talladega &#8222;No. 98&#8220;, ARCA 1970<br \/>\n27556 Ford Torino Talladega &#8222;No. 92&#8220;<br \/>\n27616 Ford Torino Talladega &#8222;No.76&#8220;, 1970<br \/>\n27638 Dodge Charger Daytona &#8222;No.42&#8220;<br \/>\n27639 Dodge Charger 500 &#8222;No.71&#8220;<br \/>\n27640 Plymouth Superbird &#8222;No.14&#8220;<br \/>\n27641 Plymouth Road Runner &#8222;No.7&#8220;<br \/>\n27657 Dodge Charger 500 &#8222;No.1&#8220;<br \/>\n27658 Plymouth Superbird &#8222;No.2&#8220;<br \/>\n27659 Ford Torino Talladega &#8222;No.48&#8220;<br \/>\n27727 Ford Torino Talladega \u201eNo.72\u201c<br \/>\n27728 Plymouth Roadrunner \u201eNo.25\u201c<\/p>\n<p>Kompatibiln\u00ed auta Carrera Digital 132:<br \/>\n30291 Plymouth Road Runner, Streetversion<br \/>\n30293 Plymouth Superbird, Streetversion<br \/>\n30294 Dodge Charger 500, Streetversion<br \/>\n30295 Dodge Charger Daytona, Streetversion<br \/>\n30526 Plymouth Superbird Hamilton #40<br \/>\n30528 Dodge Charger Daytona Last Aero Warrior &#8217;71 #22<br \/>\n30585 Dodge Charger Daytona &#8222;No. 55&#8220;, &#8217;69<br \/>\n30586 Plymouth Superbird &#8222;No. 02&#8220;, Riverside &#8217;70<br \/>\n30604 Dodge Charger 500 &#8222;No.30&#8220;, 1972<br \/>\n30605 Plymouth Superbird &#8222;No. 8&#8220;, 1971<br \/>\n30652 Dodge Charger Daytona &#8222;No.30&#8220; 1970<br \/>\n30686 Dodge Charger 500<br \/>\n30754 Ford Torino Talladega &#8222;Wendell Scott; No. 34&#8220;<br \/>\n30755 Ford Torino Talladega &#8222;No. 98&#8220;, ARCA 1970<br \/>\n30796 Ford Torino Talladega &#8222;No. 92&#8220;<br \/>\n30907 Ford Torino Talladega &#8222;No.76&#8220;, 1970<br \/>\n30941 Dodge Charger Daytona &#8222;No.42&#8220;<br \/>\n30942 Dodge Charger 500 &#8222;No.71&#8220;<br \/>\n30944 Plymouth Superbird &#8222;No.14&#8220;<br \/>\n30945 Plymouth Road Runner &#8222;No.7&#8220;<br \/>\n30981 Ford Torino Talladega &#8222;No.48&#8220;<br \/>\n30982 Dodge Charger 500 &#8222;No.1&#8220;<br \/>\n30983 Plymouth Superbird &#8222;No.2&#8220;<br \/>\n31058 Ford Torino Talladega \u201eNo.72\u201c<br \/>\n31059 Plymouth Roadrunner \u201eNo.25\u201c<\/p>\n","protected":false},"excerpt":{"rendered":"<p>Vysoce kvalitn\u00ed silikonov\u00e9 pneumatiky na autodr\u00e1hov\u00e1 aut\u00ed\u010dka Carrera Digital 132 a Carrera Evolution. Pou\u017eit\u00fd materi\u00e1l nab\u00edz\u00ed asi o 30% lep\u0161\u00ed j\u00edzdn\u00ed vlastnosti oproti origin\u00e1ln\u00edm pneumatik\u00e1m. Je\u0161t\u011b lep\u0161\u00edch v\u00fdsledk\u016f je mo\u017eno dos\u00e1hnout s pneumatikami \u0159ady Tuning (dostupn\u00e9 pouze pro n\u011bkter\u00e1 auta).<\/p>\n","protected":false},"featured_media":1209,"comment_status":"open","ping_status":"closed","template":"","meta":[],"product_brand":[],"product_cat":[27,28,22],"product_tag":[43,44,25,38,37,39,45,40,42,41],"class_list":{"0":"post-1186","1":"product","2":"type-product","3":"status-publish","4":"has-post-thumbnail","6":"product_cat-carrera-digital-132","7":"product_cat-carrera-evolution","8":"product_cat-pneumatiky-pro-autodrahy-carrera","9":"product_tag-autodraha","10":"product_tag-autodrahy","11":"product_tag-carrera","12":"product_tag-carrera-digital-132","13":"product_tag-carrera-evolution","14":"product_tag-pneu","15":"product_tag-pneumatiky","16":"product_tag-reifen","17":"product_tag-slotcar","18":"product_tag-tires","19":"thunk-woo-product-list","20":"opn-qv-enable","21":"open-woo-hover-zoom","22":"open-single-product-tab-horizontal","23":"open-shadow-","24":"open-shadow-hover-","26":"first","27":"instock","28":"shipping-taxable","29":"purchasable","30":"product-type-variable","31":"has-default-attributes"},"yoast_head":"<!-- This site is optimized with the Yoast SEO plugin v27.0 - https:\/\/yoast.com\/product\/yoast-seo-wordpress\/ -->\n<title>Vzor 89170 - nap\u0159. Ford Torino (27616) - SlotCarsPneu.eu<\/title>\n<meta name=\"description\" content=\"Kvalitn\u00ed pneumatiky pro autodr\u00e1hy Carrera Digital 132 \/ Evolution. Vzor 89170. Dostupn\u00e9 v proveden\u00ed Premium a Exclusiv.\" \/>\n<meta name=\"robots\" content=\"index, follow, max-snippet:-1, max-image-preview:large, max-video-preview:-1\" \/>\n<link rel=\"canonical\" href=\"https:\/\/slotcarspneu.eu\/cs\/product\/89170_ford_dodge_plymouth\/\" \/>\n<meta property=\"og:locale\" content=\"cs_CZ\" \/>\n<meta property=\"og:type\" content=\"article\" \/>\n<meta property=\"og:title\" content=\"Vzor 89170 - nap\u0159. Ford Torino (27616) - SlotCarsPneu.eu\" \/>\n<meta property=\"og:description\" content=\"Kvalitn\u00ed pneumatiky pro autodr\u00e1hy Carrera Digital 132 \/ Evolution. Vzor 89170. Dostupn\u00e9 v proveden\u00ed Premium a Exclusiv.\" \/>\n<meta property=\"og:url\" content=\"https:\/\/slotcarspneu.eu\/cs\/product\/89170_ford_dodge_plymouth\/\" \/>\n<meta property=\"og:site_name\" content=\"SlotCarsPneu.eu\" \/>\n<meta property=\"article:publisher\" content=\"https:\/\/www.facebook.com\/profile.php?id=61552543293336\" \/>\n<meta property=\"article:modified_time\" content=\"2025-02-04T07:25:32+00:00\" \/>\n<meta property=\"og:image\" content=\"https:\/\/slotcarspneu.eu\/wp-content\/uploads\/2025\/01\/20250289170_Ford_Torino_FB.jpg\" \/>\n\t<meta property=\"og:image:width\" content=\"480\" \/>\n\t<meta property=\"og:image:height\" content=\"202\" \/>\n\t<meta property=\"og:image:type\" content=\"image\/jpeg\" \/>\n<meta name=\"twitter:card\" content=\"summary_large_image\" \/>\n<meta name=\"twitter:site\" content=\"@slotcarspneu\" \/>\n<meta name=\"twitter:label1\" content=\"Odhadovan\u00e1 doba \u010dten\u00ed\" \/>\n\t<meta name=\"twitter:data1\" content=\"3 minuty\" \/>\n<script type=\"application\/ld+json\" class=\"yoast-schema-graph\">{\"@context\":\"https:\/\/schema.org\",\"@graph\":[{\"@type\":\"WebPage\",\"@id\":\"https:\/\/slotcarspneu.eu\/cs\/product\/89170_ford_dodge_plymouth\/\",\"url\":\"https:\/\/slotcarspneu.eu\/cs\/product\/89170_ford_dodge_plymouth\/\",\"name\":\"Vzor 89170 - nap\u0159. Ford Torino (27616) - SlotCarsPneu.eu\",\"isPartOf\":{\"@id\":\"https:\/\/slotcarspneu.eu\/#website\"},\"primaryImageOfPage\":{\"@id\":\"https:\/\/slotcarspneu.eu\/cs\/product\/89170_ford_dodge_plymouth\/#primaryimage\"},\"image\":{\"@id\":\"https:\/\/slotcarspneu.eu\/cs\/product\/89170_ford_dodge_plymouth\/#primaryimage\"},\"thumbnailUrl\":\"https:\/\/slotcarspneu.eu\/wp-content\/uploads\/2025\/01\/20250289170_Ford_Torino_FB.jpg\",\"datePublished\":\"2025-01-31T17:25:09+00:00\",\"dateModified\":\"2025-02-04T07:25:32+00:00\",\"description\":\"Kvalitn\u00ed pneumatiky pro autodr\u00e1hy Carrera Digital 132 \/ Evolution. Vzor 89170. Dostupn\u00e9 v proveden\u00ed Premium a Exclusiv.\",\"breadcrumb\":{\"@id\":\"https:\/\/slotcarspneu.eu\/cs\/product\/89170_ford_dodge_plymouth\/#breadcrumb\"},\"inLanguage\":\"cs\",\"potentialAction\":[{\"@type\":\"ReadAction\",\"target\":[\"https:\/\/slotcarspneu.eu\/cs\/product\/89170_ford_dodge_plymouth\/\"]}]},{\"@type\":\"ImageObject\",\"inLanguage\":\"cs\",\"@id\":\"https:\/\/slotcarspneu.eu\/cs\/product\/89170_ford_dodge_plymouth\/#primaryimage\",\"url\":\"https:\/\/slotcarspneu.eu\/wp-content\/uploads\/2025\/01\/20250289170_Ford_Torino_FB.jpg\",\"contentUrl\":\"https:\/\/slotcarspneu.eu\/wp-content\/uploads\/2025\/01\/20250289170_Ford_Torino_FB.jpg\",\"width\":480,\"height\":202,\"caption\":\"89170 Ford Torino\"},{\"@type\":\"BreadcrumbList\",\"@id\":\"https:\/\/slotcarspneu.eu\/cs\/product\/89170_ford_dodge_plymouth\/#breadcrumb\",\"itemListElement\":[{\"@type\":\"ListItem\",\"position\":1,\"name\":\"Dom\u016f\",\"item\":\"https:\/\/slotcarspneu.eu\/cs\/\"},{\"@type\":\"ListItem\",\"position\":2,\"name\":\"Obchod\",\"item\":\"https:\/\/slotcarspneu.eu\/cs\/\"},{\"@type\":\"ListItem\",\"position\":3,\"name\":\"Vzor 89170 &#8211; nap\u0159. Ford Torino (27616)\"}]},{\"@type\":\"WebSite\",\"@id\":\"https:\/\/slotcarspneu.eu\/#website\",\"url\":\"https:\/\/slotcarspneu.eu\/\",\"name\":\"SlotCarsPneu.eu\",\"description\":\"Kvalitn\u00ed silikonov\u00e9 pneumatiky pro autodr\u00e1hov\u00e1 aut\u00ed\u010dka\",\"potentialAction\":[{\"@type\":\"SearchAction\",\"target\":{\"@type\":\"EntryPoint\",\"urlTemplate\":\"https:\/\/slotcarspneu.eu\/?s={search_term_string}\"},\"query-input\":{\"@type\":\"PropertyValueSpecification\",\"valueRequired\":true,\"valueName\":\"search_term_string\"}}],\"inLanguage\":\"cs\"}]}<\/script>\n<!-- \/ Yoast SEO plugin. -->","yoast_head_json":{"title":"Vzor 89170 - nap\u0159. Ford Torino (27616) - SlotCarsPneu.eu","description":"Kvalitn\u00ed pneumatiky pro autodr\u00e1hy Carrera Digital 132 \/ Evolution. Vzor 89170. Dostupn\u00e9 v proveden\u00ed Premium a Exclusiv.","robots":{"index":"index","follow":"follow","max-snippet":"max-snippet:-1","max-image-preview":"max-image-preview:large","max-video-preview":"max-video-preview:-1"},"canonical":"https:\/\/slotcarspneu.eu\/cs\/product\/89170_ford_dodge_plymouth\/","og_locale":"cs_CZ","og_type":"article","og_title":"Vzor 89170 - nap\u0159. Ford Torino (27616) - SlotCarsPneu.eu","og_description":"Kvalitn\u00ed pneumatiky pro autodr\u00e1hy Carrera Digital 132 \/ Evolution. Vzor 89170. Dostupn\u00e9 v proveden\u00ed Premium a Exclusiv.","og_url":"https:\/\/slotcarspneu.eu\/cs\/product\/89170_ford_dodge_plymouth\/","og_site_name":"SlotCarsPneu.eu","article_publisher":"https:\/\/www.facebook.com\/profile.php?id=61552543293336","article_modified_time":"2025-02-04T07:25:32+00:00","og_image":[{"width":480,"height":202,"url":"https:\/\/slotcarspneu.eu\/wp-content\/uploads\/2025\/01\/20250289170_Ford_Torino_FB.jpg","type":"image\/jpeg"}],"twitter_card":"summary_large_image","twitter_site":"@slotcarspneu","twitter_misc":{"Odhadovan\u00e1 doba \u010dten\u00ed":"3 minuty"},"schema":{"@context":"https:\/\/schema.org","@graph":[{"@type":"WebPage","@id":"https:\/\/slotcarspneu.eu\/cs\/product\/89170_ford_dodge_plymouth\/","url":"https:\/\/slotcarspneu.eu\/cs\/product\/89170_ford_dodge_plymouth\/","name":"Vzor 89170 - nap\u0159. Ford Torino (27616) - SlotCarsPneu.eu","isPartOf":{"@id":"https:\/\/slotcarspneu.eu\/#website"},"primaryImageOfPage":{"@id":"https:\/\/slotcarspneu.eu\/cs\/product\/89170_ford_dodge_plymouth\/#primaryimage"},"image":{"@id":"https:\/\/slotcarspneu.eu\/cs\/product\/89170_ford_dodge_plymouth\/#primaryimage"},"thumbnailUrl":"https:\/\/slotcarspneu.eu\/wp-content\/uploads\/2025\/01\/20250289170_Ford_Torino_FB.jpg","datePublished":"2025-01-31T17:25:09+00:00","dateModified":"2025-02-04T07:25:32+00:00","description":"Kvalitn\u00ed pneumatiky pro autodr\u00e1hy Carrera Digital 132 \/ Evolution. Vzor 89170. Dostupn\u00e9 v proveden\u00ed Premium a Exclusiv.","breadcrumb":{"@id":"https:\/\/slotcarspneu.eu\/cs\/product\/89170_ford_dodge_plymouth\/#breadcrumb"},"inLanguage":"cs","potentialAction":[{"@type":"ReadAction","target":["https:\/\/slotcarspneu.eu\/cs\/product\/89170_ford_dodge_plymouth\/"]}]},{"@type":"ImageObject","inLanguage":"cs","@id":"https:\/\/slotcarspneu.eu\/cs\/product\/89170_ford_dodge_plymouth\/#primaryimage","url":"https:\/\/slotcarspneu.eu\/wp-content\/uploads\/2025\/01\/20250289170_Ford_Torino_FB.jpg","contentUrl":"https:\/\/slotcarspneu.eu\/wp-content\/uploads\/2025\/01\/20250289170_Ford_Torino_FB.jpg","width":480,"height":202,"caption":"89170 Ford Torino"},{"@type":"BreadcrumbList","@id":"https:\/\/slotcarspneu.eu\/cs\/product\/89170_ford_dodge_plymouth\/#breadcrumb","itemListElement":[{"@type":"ListItem","position":1,"name":"Dom\u016f","item":"https:\/\/slotcarspneu.eu\/cs\/"},{"@type":"ListItem","position":2,"name":"Obchod","item":"https:\/\/slotcarspneu.eu\/cs\/"},{"@type":"ListItem","position":3,"name":"Vzor 89170 &#8211; nap\u0159. Ford Torino (27616)"}]},{"@type":"WebSite","@id":"https:\/\/slotcarspneu.eu\/#website","url":"https:\/\/slotcarspneu.eu\/","name":"SlotCarsPneu.eu","description":"Kvalitn\u00ed silikonov\u00e9 pneumatiky pro autodr\u00e1hov\u00e1 aut\u00ed\u010dka","potentialAction":[{"@type":"SearchAction","target":{"@type":"EntryPoint","urlTemplate":"https:\/\/slotcarspneu.eu\/?s={search_term_string}"},"query-input":{"@type":"PropertyValueSpecification","valueRequired":true,"valueName":"search_term_string"}}],"inLanguage":"cs"}]}},"jetpack_sharing_enabled":true,"_links":{"self":[{"href":"https:\/\/slotcarspneu.eu\/cs\/wp-json\/wp\/v2\/product\/1186","targetHints":{"allow":["GET"]}}],"collection":[{"href":"https:\/\/slotcarspneu.eu\/cs\/wp-json\/wp\/v2\/product"}],"about":[{"href":"https:\/\/slotcarspneu.eu\/cs\/wp-json\/wp\/v2\/types\/product"}],"replies":[{"embeddable":true,"href":"https:\/\/slotcarspneu.eu\/cs\/wp-json\/wp\/v2\/comments?post=1186"}],"wp:featuredmedia":[{"embeddable":true,"href":"https:\/\/slotcarspneu.eu\/cs\/wp-json\/wp\/v2\/media\/1209"}],"wp:attachment":[{"href":"https:\/\/slotcarspneu.eu\/cs\/wp-json\/wp\/v2\/media?parent=1186"}],"wp:term":[{"taxonomy":"product_brand","embeddable":true,"href":"https:\/\/slotcarspneu.eu\/cs\/wp-json\/wp\/v2\/product_brand?post=1186"},{"taxonomy":"product_cat","embeddable":true,"href":"https:\/\/slotcarspneu.eu\/cs\/wp-json\/wp\/v2\/product_cat?post=1186"},{"taxonomy":"product_tag","embeddable":true,"href":"https:\/\/slotcarspneu.eu\/cs\/wp-json\/wp\/v2\/product_tag?post=1186"}],"curies":[{"name":"wp","href":"https:\/\/api.w.org\/{rel}","templated":true}]}}