{"id":1155,"date":"2025-01-26T16:14:36","date_gmt":"2025-01-26T15:14:36","guid":{"rendered":"https:\/\/slotcarspneu.eu\/cs\/product\/\/"},"modified":"2025-01-31T19:06:09","modified_gmt":"2025-01-31T18:06:09","slug":"rc-nikko-chevrolet-camaro-sada-pneumatik","status":"publish","type":"product","link":"https:\/\/slotcarspneu.eu\/cs\/product\/rc-nikko-chevrolet-camaro-sada-pneumatik\/","title":{"rendered":"RC Nikko Chevrolet Camaro &#8211; sada pneumatik"},"content":{"rendered":"<p>Silikonov\u00e9 pneumatiky pro RC auto Chevrolet Camaro od Nikko.<\/p>\n","protected":false},"excerpt":{"rendered":"<p>Silikonov\u00e9 pneumatiky pro RC auto Chevrolet Camaro od firmy Nikko.<\/p>\n","protected":false},"featured_media":1159,"comment_status":"open","ping_status":"closed","template":"","meta":[],"product_brand":[],"product_cat":[194],"product_tag":[],"class_list":{"0":"post-1155","1":"product","2":"type-product","3":"status-publish","4":"has-post-thumbnail","6":"product_cat-zakazkova-vyroba","7":"thunk-woo-product-list","8":"opn-qv-enable","9":"open-woo-hover-zoom","10":"open-single-product-tab-horizontal","11":"open-shadow-","12":"open-shadow-hover-","14":"first","15":"instock","16":"shipping-taxable","17":"purchasable","18":"product-type-simple"},"yoast_head":"<!-- This site is optimized with the Yoast SEO plugin v27.0 - https:\/\/yoast.com\/product\/yoast-seo-wordpress\/ -->\n<title>RC Nikko Chevrolet Camaro - sada pneumatik - SlotCarsPneu.eu<\/title>\n<meta name=\"description\" content=\"Pneumatiky RC Chevrolet Camaro\" \/>\n<meta name=\"robots\" content=\"index, follow, max-snippet:-1, max-image-preview:large, max-video-preview:-1\" \/>\n<link rel=\"canonical\" href=\"https:\/\/slotcarspneu.eu\/cs\/product\/rc-nikko-chevrolet-camaro-sada-pneumatik\/\" \/>\n<meta property=\"og:locale\" content=\"cs_CZ\" \/>\n<meta property=\"og:type\" content=\"article\" \/>\n<meta property=\"og:title\" content=\"RC Nikko Chevrolet Camaro - sada pneumatik - SlotCarsPneu.eu\" \/>\n<meta property=\"og:description\" content=\"Pneumatiky RC Chevrolet Camaro\" \/>\n<meta property=\"og:url\" content=\"https:\/\/slotcarspneu.eu\/cs\/product\/rc-nikko-chevrolet-camaro-sada-pneumatik\/\" \/>\n<meta property=\"og:site_name\" content=\"SlotCarsPneu.eu\" \/>\n<meta property=\"article:publisher\" content=\"https:\/\/www.facebook.com\/profile.php?id=61552543293336\" \/>\n<meta property=\"article:modified_time\" content=\"2025-01-31T18:06:09+00:00\" \/>\n<meta property=\"og:image\" content=\"https:\/\/slotcarspneu.eu\/wp-content\/uploads\/2025\/01\/RC_Nikko_Chevrolet_Camaro_04.jpg\" \/>\n\t<meta property=\"og:image:width\" content=\"1024\" \/>\n\t<meta property=\"og:image:height\" content=\"343\" \/>\n\t<meta property=\"og:image:type\" content=\"image\/jpeg\" \/>\n<meta name=\"twitter:card\" content=\"summary_large_image\" \/>\n<meta name=\"twitter:site\" content=\"@slotcarspneu\" \/>\n<meta name=\"twitter:label1\" content=\"Odhadovan\u00e1 doba \u010dten\u00ed\" \/>\n\t<meta name=\"twitter:data1\" content=\"1 minuta\" \/>\n<script type=\"application\/ld+json\" class=\"yoast-schema-graph\">{\"@context\":\"https:\/\/schema.org\",\"@graph\":[{\"@type\":\"WebPage\",\"@id\":\"https:\/\/slotcarspneu.eu\/cs\/product\/rc-nikko-chevrolet-camaro-sada-pneumatik\/\",\"url\":\"https:\/\/slotcarspneu.eu\/cs\/product\/rc-nikko-chevrolet-camaro-sada-pneumatik\/\",\"name\":\"RC Nikko Chevrolet Camaro - sada pneumatik - SlotCarsPneu.eu\",\"isPartOf\":{\"@id\":\"https:\/\/slotcarspneu.eu\/#website\"},\"primaryImageOfPage\":{\"@id\":\"https:\/\/slotcarspneu.eu\/cs\/product\/rc-nikko-chevrolet-camaro-sada-pneumatik\/#primaryimage\"},\"image\":{\"@id\":\"https:\/\/slotcarspneu.eu\/cs\/product\/rc-nikko-chevrolet-camaro-sada-pneumatik\/#primaryimage\"},\"thumbnailUrl\":\"https:\/\/slotcarspneu.eu\/wp-content\/uploads\/2025\/01\/RC_Nikko_Chevrolet_Camaro_04.jpg\",\"datePublished\":\"2025-01-26T15:14:36+00:00\",\"dateModified\":\"2025-01-31T18:06:09+00:00\",\"description\":\"Pneumatiky RC Chevrolet Camaro\",\"breadcrumb\":{\"@id\":\"https:\/\/slotcarspneu.eu\/cs\/product\/rc-nikko-chevrolet-camaro-sada-pneumatik\/#breadcrumb\"},\"inLanguage\":\"cs\",\"potentialAction\":[{\"@type\":\"ReadAction\",\"target\":[\"https:\/\/slotcarspneu.eu\/cs\/product\/rc-nikko-chevrolet-camaro-sada-pneumatik\/\"]}]},{\"@type\":\"ImageObject\",\"inLanguage\":\"cs\",\"@id\":\"https:\/\/slotcarspneu.eu\/cs\/product\/rc-nikko-chevrolet-camaro-sada-pneumatik\/#primaryimage\",\"url\":\"https:\/\/slotcarspneu.eu\/wp-content\/uploads\/2025\/01\/RC_Nikko_Chevrolet_Camaro_04.jpg\",\"contentUrl\":\"https:\/\/slotcarspneu.eu\/wp-content\/uploads\/2025\/01\/RC_Nikko_Chevrolet_Camaro_04.jpg\",\"width\":1024,\"height\":343,\"caption\":\"RC Chevrolet Camaro (Nikko)\"},{\"@type\":\"BreadcrumbList\",\"@id\":\"https:\/\/slotcarspneu.eu\/cs\/product\/rc-nikko-chevrolet-camaro-sada-pneumatik\/#breadcrumb\",\"itemListElement\":[{\"@type\":\"ListItem\",\"position\":1,\"name\":\"Dom\u016f\",\"item\":\"https:\/\/slotcarspneu.eu\/cs\/\"},{\"@type\":\"ListItem\",\"position\":2,\"name\":\"Obchod\",\"item\":\"https:\/\/slotcarspneu.eu\/cs\/\"},{\"@type\":\"ListItem\",\"position\":3,\"name\":\"RC Nikko Chevrolet Camaro &#8211; sada pneumatik\"}]},{\"@type\":\"WebSite\",\"@id\":\"https:\/\/slotcarspneu.eu\/#website\",\"url\":\"https:\/\/slotcarspneu.eu\/\",\"name\":\"SlotCarsPneu.eu\",\"description\":\"Kvalitn\u00ed silikonov\u00e9 pneumatiky pro autodr\u00e1hov\u00e1 aut\u00ed\u010dka\",\"potentialAction\":[{\"@type\":\"SearchAction\",\"target\":{\"@type\":\"EntryPoint\",\"urlTemplate\":\"https:\/\/slotcarspneu.eu\/?s={search_term_string}\"},\"query-input\":{\"@type\":\"PropertyValueSpecification\",\"valueRequired\":true,\"valueName\":\"search_term_string\"}}],\"inLanguage\":\"cs\"}]}<\/script>\n<!-- \/ Yoast SEO plugin. -->","yoast_head_json":{"title":"RC Nikko Chevrolet Camaro - sada pneumatik - SlotCarsPneu.eu","description":"Pneumatiky RC Chevrolet Camaro","robots":{"index":"index","follow":"follow","max-snippet":"max-snippet:-1","max-image-preview":"max-image-preview:large","max-video-preview":"max-video-preview:-1"},"canonical":"https:\/\/slotcarspneu.eu\/cs\/product\/rc-nikko-chevrolet-camaro-sada-pneumatik\/","og_locale":"cs_CZ","og_type":"article","og_title":"RC Nikko Chevrolet Camaro - sada pneumatik - SlotCarsPneu.eu","og_description":"Pneumatiky RC Chevrolet Camaro","og_url":"https:\/\/slotcarspneu.eu\/cs\/product\/rc-nikko-chevrolet-camaro-sada-pneumatik\/","og_site_name":"SlotCarsPneu.eu","article_publisher":"https:\/\/www.facebook.com\/profile.php?id=61552543293336","article_modified_time":"2025-01-31T18:06:09+00:00","og_image":[{"width":1024,"height":343,"url":"https:\/\/slotcarspneu.eu\/wp-content\/uploads\/2025\/01\/RC_Nikko_Chevrolet_Camaro_04.jpg","type":"image\/jpeg"}],"twitter_card":"summary_large_image","twitter_site":"@slotcarspneu","twitter_misc":{"Odhadovan\u00e1 doba \u010dten\u00ed":"1 minuta"},"schema":{"@context":"https:\/\/schema.org","@graph":[{"@type":"WebPage","@id":"https:\/\/slotcarspneu.eu\/cs\/product\/rc-nikko-chevrolet-camaro-sada-pneumatik\/","url":"https:\/\/slotcarspneu.eu\/cs\/product\/rc-nikko-chevrolet-camaro-sada-pneumatik\/","name":"RC Nikko Chevrolet Camaro - sada pneumatik - SlotCarsPneu.eu","isPartOf":{"@id":"https:\/\/slotcarspneu.eu\/#website"},"primaryImageOfPage":{"@id":"https:\/\/slotcarspneu.eu\/cs\/product\/rc-nikko-chevrolet-camaro-sada-pneumatik\/#primaryimage"},"image":{"@id":"https:\/\/slotcarspneu.eu\/cs\/product\/rc-nikko-chevrolet-camaro-sada-pneumatik\/#primaryimage"},"thumbnailUrl":"https:\/\/slotcarspneu.eu\/wp-content\/uploads\/2025\/01\/RC_Nikko_Chevrolet_Camaro_04.jpg","datePublished":"2025-01-26T15:14:36+00:00","dateModified":"2025-01-31T18:06:09+00:00","description":"Pneumatiky RC Chevrolet Camaro","breadcrumb":{"@id":"https:\/\/slotcarspneu.eu\/cs\/product\/rc-nikko-chevrolet-camaro-sada-pneumatik\/#breadcrumb"},"inLanguage":"cs","potentialAction":[{"@type":"ReadAction","target":["https:\/\/slotcarspneu.eu\/cs\/product\/rc-nikko-chevrolet-camaro-sada-pneumatik\/"]}]},{"@type":"ImageObject","inLanguage":"cs","@id":"https:\/\/slotcarspneu.eu\/cs\/product\/rc-nikko-chevrolet-camaro-sada-pneumatik\/#primaryimage","url":"https:\/\/slotcarspneu.eu\/wp-content\/uploads\/2025\/01\/RC_Nikko_Chevrolet_Camaro_04.jpg","contentUrl":"https:\/\/slotcarspneu.eu\/wp-content\/uploads\/2025\/01\/RC_Nikko_Chevrolet_Camaro_04.jpg","width":1024,"height":343,"caption":"RC Chevrolet Camaro (Nikko)"},{"@type":"BreadcrumbList","@id":"https:\/\/slotcarspneu.eu\/cs\/product\/rc-nikko-chevrolet-camaro-sada-pneumatik\/#breadcrumb","itemListElement":[{"@type":"ListItem","position":1,"name":"Dom\u016f","item":"https:\/\/slotcarspneu.eu\/cs\/"},{"@type":"ListItem","position":2,"name":"Obchod","item":"https:\/\/slotcarspneu.eu\/cs\/"},{"@type":"ListItem","position":3,"name":"RC Nikko Chevrolet Camaro &#8211; sada pneumatik"}]},{"@type":"WebSite","@id":"https:\/\/slotcarspneu.eu\/#website","url":"https:\/\/slotcarspneu.eu\/","name":"SlotCarsPneu.eu","description":"Kvalitn\u00ed silikonov\u00e9 pneumatiky pro autodr\u00e1hov\u00e1 aut\u00ed\u010dka","potentialAction":[{"@type":"SearchAction","target":{"@type":"EntryPoint","urlTemplate":"https:\/\/slotcarspneu.eu\/?s={search_term_string}"},"query-input":{"@type":"PropertyValueSpecification","valueRequired":true,"valueName":"search_term_string"}}],"inLanguage":"cs"}]}},"jetpack_sharing_enabled":true,"_links":{"self":[{"href":"https:\/\/slotcarspneu.eu\/cs\/wp-json\/wp\/v2\/product\/1155","targetHints":{"allow":["GET"]}}],"collection":[{"href":"https:\/\/slotcarspneu.eu\/cs\/wp-json\/wp\/v2\/product"}],"about":[{"href":"https:\/\/slotcarspneu.eu\/cs\/wp-json\/wp\/v2\/types\/product"}],"replies":[{"embeddable":true,"href":"https:\/\/slotcarspneu.eu\/cs\/wp-json\/wp\/v2\/comments?post=1155"}],"wp:featuredmedia":[{"embeddable":true,"href":"https:\/\/slotcarspneu.eu\/cs\/wp-json\/wp\/v2\/media\/1159"}],"wp:attachment":[{"href":"https:\/\/slotcarspneu.eu\/cs\/wp-json\/wp\/v2\/media?parent=1155"}],"wp:term":[{"taxonomy":"product_brand","embeddable":true,"href":"https:\/\/slotcarspneu.eu\/cs\/wp-json\/wp\/v2\/product_brand?post=1155"},{"taxonomy":"product_cat","embeddable":true,"href":"https:\/\/slotcarspneu.eu\/cs\/wp-json\/wp\/v2\/product_cat?post=1155"},{"taxonomy":"product_tag","embeddable":true,"href":"https:\/\/slotcarspneu.eu\/cs\/wp-json\/wp\/v2\/product_tag?post=1155"}],"curies":[{"name":"wp","href":"https:\/\/api.w.org\/{rel}","templated":true}]}}