{"id":688,"date":"2024-01-15T10:28:59","date_gmt":"2024-01-15T09:28:59","guid":{"rendered":"https:\/\/slotcarspneu.eu\/?page_id=688"},"modified":"2026-01-06T11:49:48","modified_gmt":"2026-01-06T10:49:48","slug":"jak-vybrat-spravne-pneumatiky","status":"publish","type":"page","link":"https:\/\/slotcarspneu.eu\/cs\/jak-vybrat-spravne-pneumatiky\/","title":{"rendered":"Jak vybrat spr\u00e1vn\u00e9 pneumatiky"},"content":{"rendered":"\n<p>N\u00ed\u017ee popsan\u00fd postup je platn\u00fd pro pneumatiky Carrera.<\/p>\n\n\n\n<p>Ji\u017e jsme psali, \u017ee pro ka\u017ed\u00e9 auto Carrera je ur\u010den\u00fd jin\u00fd typ pneumatik, v n\u011bkter\u00fdch p\u0159\u00edpadech je jeden typ pneumatik pro shodnou \u0159adu aut. Proto je velmi d\u016fle\u017eit\u00e9 spr\u00e1vn\u011b vybrat typ pneumatiky pro va\u0161e auto. Jak postupovat?<\/p>\n\n\n\n<p>Na\u0161t\u011bst\u00ed Carrera pro \u0159ady aut m\u011b\u0159\u00edtek 1:24 a 1:32 poskytuje katalog n\u00e1hradn\u00edch d\u00edl\u016f, ve kter\u00e9m je mo\u017en\u00e9 k\u00f3d spr\u00e1vn\u00e9 pneumatiky vyhledat. Pro m\u011b\u0159\u00edtko 1:43 (Go!, Go Plus, Start) sice katalog tak\u00e9 existuje, ale pneumatiky jako samostatn\u00fd n\u00e1hradn\u00ed d\u00edl k dispozici nejsou, proto je dohled\u00e1n\u00ed spr\u00e1vn\u00e9 pneumatiky obt\u00ed\u017en\u011bj\u0161\u00ed. Katalogy n\u00e1hradn\u00edch d\u00edl\u016f jsou k dispozici na odkazech zde:<\/p>\n\n\n\n<p><a href=\"https:\/\/slotcarspneu.eu\/wp-content\/uploads\/2024\/01\/D124_spare_parts_overview_last_version.pdf\">N\u00e1hradn\u00ed d\u00edly Digital 124<\/a><br><a href=\"https:\/\/slotcarspneu.eu\/wp-content\/uploads\/2024\/01\/EVOLUTION_spare_parts_overview_last_version.pdf\">N\u00e1hradn\u00ed d\u00edly Evolution (1:32)<\/a><br><a href=\"https:\/\/slotcarspneu.eu\/wp-content\/uploads\/2026\/01\/D132_spare_parts_overview_last_version.pdf\">N\u00e1hradn\u00ed d\u00edly Digital 132<\/a><br><a href=\"https:\/\/slotcarspneu.eu\/wp-content\/uploads\/2024\/01\/EXCLUSIV_spare_parts_overview_last_version.pdf\">N\u00e1hradn\u00ed d\u00edly Exclusiv (1:32)<\/a><br><a href=\"https:\/\/slotcarspneu.eu\/wp-content\/uploads\/2024\/01\/GO_spare_parts_overview_last_version.pdf\">N\u00e1hradn\u00ed d\u00edly Go!!!<\/a><br><a href=\"https:\/\/slotcarspneu.eu\/wp-content\/uploads\/2024\/01\/D143_spare_parts_overview_last_version.pdf\">N\u00e1hradn\u00ed d\u00edly Digital 143<\/a><\/p>\n\n\n\n<h2 class=\"wp-block-heading\">Dohled\u00e1n\u00ed pneumatiky krok za krokem:<\/h2>\n\n\n\n<ol class=\"wp-block-list\">\n<li>na spodn\u00ed stran\u011b auta je zpravidla uvedeno katalogov\u00e9 \u010d\u00edslo auta &#8211; \u0159ada 1:24 je v rozsahu 20023xxx, \u0159ada 1:32 Evolution m\u00e1 rozsahy 20025xxx a 20027xxx, \u0159ada Digital 132 rozsahy 20030xxx a 20031xxx. D\u00e1le v \u010dl\u00e1nku budeme vynech\u00e1vat \u00favodn\u00ed 200. Nap\u0159\u00edklad Digital 132 Ford GT Race Car \u010dern\u00fd m\u00e1 katalogov\u00e9 \u010d\u00edslo 20030857, respektive 30857.  <\/li>\n\n\n\n<li>Toto \u010d\u00edslo auta si vyhled\u00e1te v katalogu a najdete sloupec &#8222;Reifen tires&#8220;. V tomto sloupci jsou uvedena katalogov\u00e1 \u010d\u00edsla n\u00e1hradn\u00edho d\u00edlu pneumatiky. Pro v\u00fd\u0161e uveden\u00fd Ford GT Race Car je to typ pneumatik 89800 (20089800).<\/li>\n\n\n\n<li>Pod t\u00edmto katalogov\u00fdm \u010d\u00edslem najdete pneumatika na na\u0161em e-shopu &#8211; zad\u00e1te toto \u010d\u00edslo do vyhled\u00e1vac\u00edho dialogu a vr\u00e1t\u00ed se v\u00e1m spr\u00e1vn\u00e1 pneumatika &#8211; pokud ji m\u00e1me v nab\u00eddce<\/li>\n\n\n\n<li>V e-shopu m\u016f\u017eete zkusit vyhled\u00e1vat i p\u0159\u00edmo podle \u010d\u00edsla auta, postupn\u011b do popisu pneumatiky dopl\u0148ujeme i \u010d\u00edsla a n\u00e1zvy p\u0159\u00edslu\u0161n\u00fdch aut. Nicm\u00e9n\u011b popisy nejsou v\u017edy \u00fapln\u00e9 &#8211; pneumatiky 89800 sed\u00ed na v\u00edce ne\u017e 100 aut a tak jsou v popisu jen typy, nikoli v\u0161echna katalogov\u00e1 \u010d\u00edsla. <\/li>\n<\/ol>\n\n\n\n<p>Pokud spr\u00e1vn\u00e9 pneumatiky u n\u00e1s nenajdete, nezoufejte &#8211; pokud n\u00e1m auto za\u0161lete, vyrob\u00edme pneumatiky p\u0159\u00edmo na m\u00edru v\u00e1m &#8211; po\u0161lete n\u00e1m e-mail na <a href=\"mailto:info@slotcarspneu.eu\">info@slotcarspneu.eu<\/a> a domluv\u00edme se.<\/p>\n","protected":false},"excerpt":{"rendered":"<p>N\u00ed\u017ee popsan\u00fd postup je platn\u00fd pro pneumatiky Carrera. Ji\u017e jsme psali, \u017ee pro ka\u017ed\u00e9 auto Carrera je ur\u010den\u00fd jin\u00fd typ pneumatik, v n\u011bkter\u00fdch p\u0159\u00edpadech je jeden typ pneumatik pro shodnou \u0159adu aut. Proto je velmi d\u016fle\u017eit\u00e9 spr\u00e1vn\u011b vybrat typ pneumatiky pro va\u0161e auto. Jak postupovat? Na\u0161t\u011bst\u00ed Carrera pro \u0159ady aut m\u011b\u0159\u00edtek 1:24 a 1:32 poskytuje &hellip;<\/p>\n<p class=\"read-more\"> <a class=\" thunk-readmore button \" href=\"https:\/\/slotcarspneu.eu\/cs\/jak-vybrat-spravne-pneumatiky\/\"> <span class=\"screen-reader-text\">Jak vybrat spr\u00e1vn\u00e9 pneumatiky<\/span>Read More<\/a><\/p>\n","protected":false},"author":1,"featured_media":0,"parent":0,"menu_order":0,"comment_status":"closed","ping_status":"closed","template":"","meta":{"footnotes":""},"class_list":["post-688","page","type-page","status-publish","hentry","thunk-woo-product-list","opn-qv-enable","open-woo-hover-zoom","open-single-product-tab-horizontal","open-shadow-","open-shadow-hover-"],"yoast_head":"<!-- This site is optimized with the Yoast SEO plugin v27.0 - https:\/\/yoast.com\/product\/yoast-seo-wordpress\/ -->\n<title>Jak vybrat spr\u00e1vn\u00e9 pneumatiky - SlotCarsPneu.eu<\/title>\n<meta name=\"robots\" content=\"index, follow, max-snippet:-1, max-image-preview:large, max-video-preview:-1\" \/>\n<link rel=\"canonical\" href=\"https:\/\/slotcarspneu.eu\/cs\/jak-vybrat-spravne-pneumatiky\/\" \/>\n<meta property=\"og:locale\" content=\"cs_CZ\" \/>\n<meta property=\"og:type\" content=\"article\" \/>\n<meta property=\"og:title\" content=\"Jak vybrat spr\u00e1vn\u00e9 pneumatiky - SlotCarsPneu.eu\" \/>\n<meta property=\"og:description\" content=\"N\u00ed\u017ee popsan\u00fd postup je platn\u00fd pro pneumatiky Carrera. Ji\u017e jsme psali, \u017ee pro ka\u017ed\u00e9 auto Carrera je ur\u010den\u00fd jin\u00fd typ pneumatik, v n\u011bkter\u00fdch p\u0159\u00edpadech je jeden typ pneumatik pro shodnou \u0159adu aut. Proto je velmi d\u016fle\u017eit\u00e9 spr\u00e1vn\u011b vybrat typ pneumatiky pro va\u0161e auto. Jak postupovat? Na\u0161t\u011bst\u00ed Carrera pro \u0159ady aut m\u011b\u0159\u00edtek 1:24 a 1:32 poskytuje &hellip; Jak vybrat spr\u00e1vn\u00e9 pneumatikyRead More\" \/>\n<meta property=\"og:url\" content=\"https:\/\/slotcarspneu.eu\/cs\/jak-vybrat-spravne-pneumatiky\/\" \/>\n<meta property=\"og:site_name\" content=\"SlotCarsPneu.eu\" \/>\n<meta property=\"article:publisher\" content=\"https:\/\/www.facebook.com\/profile.php?id=61552543293336\" \/>\n<meta property=\"article:modified_time\" content=\"2026-01-06T10:49:48+00:00\" \/>\n<meta name=\"twitter:card\" content=\"summary_large_image\" \/>\n<meta name=\"twitter:site\" content=\"@slotcarspneu\" \/>\n<meta name=\"twitter:label1\" content=\"Odhadovan\u00e1 doba \u010dten\u00ed\" \/>\n\t<meta name=\"twitter:data1\" content=\"2 minuty\" \/>\n<script type=\"application\/ld+json\" class=\"yoast-schema-graph\">{\"@context\":\"https:\/\/schema.org\",\"@graph\":[{\"@type\":\"WebPage\",\"@id\":\"https:\/\/slotcarspneu.eu\/cs\/jak-vybrat-spravne-pneumatiky\/\",\"url\":\"https:\/\/slotcarspneu.eu\/cs\/jak-vybrat-spravne-pneumatiky\/\",\"name\":\"Jak vybrat spr\u00e1vn\u00e9 pneumatiky - SlotCarsPneu.eu\",\"isPartOf\":{\"@id\":\"https:\/\/slotcarspneu.eu\/#website\"},\"datePublished\":\"2024-01-15T09:28:59+00:00\",\"dateModified\":\"2026-01-06T10:49:48+00:00\",\"breadcrumb\":{\"@id\":\"https:\/\/slotcarspneu.eu\/cs\/jak-vybrat-spravne-pneumatiky\/#breadcrumb\"},\"inLanguage\":\"cs\",\"potentialAction\":[{\"@type\":\"ReadAction\",\"target\":[\"https:\/\/slotcarspneu.eu\/cs\/jak-vybrat-spravne-pneumatiky\/\"]}]},{\"@type\":\"BreadcrumbList\",\"@id\":\"https:\/\/slotcarspneu.eu\/cs\/jak-vybrat-spravne-pneumatiky\/#breadcrumb\",\"itemListElement\":[{\"@type\":\"ListItem\",\"position\":1,\"name\":\"Dom\u016f\",\"item\":\"https:\/\/slotcarspneu.eu\/cs\/\"},{\"@type\":\"ListItem\",\"position\":2,\"name\":\"Jak vybrat spr\u00e1vn\u00e9 pneumatiky\"}]},{\"@type\":\"WebSite\",\"@id\":\"https:\/\/slotcarspneu.eu\/#website\",\"url\":\"https:\/\/slotcarspneu.eu\/\",\"name\":\"SlotCarsPneu.eu\",\"description\":\"Kvalitn\u00ed silikonov\u00e9 pneumatiky pro autodr\u00e1hov\u00e1 aut\u00ed\u010dka\",\"potentialAction\":[{\"@type\":\"SearchAction\",\"target\":{\"@type\":\"EntryPoint\",\"urlTemplate\":\"https:\/\/slotcarspneu.eu\/?s={search_term_string}\"},\"query-input\":{\"@type\":\"PropertyValueSpecification\",\"valueRequired\":true,\"valueName\":\"search_term_string\"}}],\"inLanguage\":\"cs\"}]}<\/script>\n<!-- \/ Yoast SEO plugin. -->","yoast_head_json":{"title":"Jak vybrat spr\u00e1vn\u00e9 pneumatiky - SlotCarsPneu.eu","robots":{"index":"index","follow":"follow","max-snippet":"max-snippet:-1","max-image-preview":"max-image-preview:large","max-video-preview":"max-video-preview:-1"},"canonical":"https:\/\/slotcarspneu.eu\/cs\/jak-vybrat-spravne-pneumatiky\/","og_locale":"cs_CZ","og_type":"article","og_title":"Jak vybrat spr\u00e1vn\u00e9 pneumatiky - SlotCarsPneu.eu","og_description":"N\u00ed\u017ee popsan\u00fd postup je platn\u00fd pro pneumatiky Carrera. Ji\u017e jsme psali, \u017ee pro ka\u017ed\u00e9 auto Carrera je ur\u010den\u00fd jin\u00fd typ pneumatik, v n\u011bkter\u00fdch p\u0159\u00edpadech je jeden typ pneumatik pro shodnou \u0159adu aut. Proto je velmi d\u016fle\u017eit\u00e9 spr\u00e1vn\u011b vybrat typ pneumatiky pro va\u0161e auto. Jak postupovat? Na\u0161t\u011bst\u00ed Carrera pro \u0159ady aut m\u011b\u0159\u00edtek 1:24 a 1:32 poskytuje &hellip; Jak vybrat spr\u00e1vn\u00e9 pneumatikyRead More","og_url":"https:\/\/slotcarspneu.eu\/cs\/jak-vybrat-spravne-pneumatiky\/","og_site_name":"SlotCarsPneu.eu","article_publisher":"https:\/\/www.facebook.com\/profile.php?id=61552543293336","article_modified_time":"2026-01-06T10:49:48+00:00","twitter_card":"summary_large_image","twitter_site":"@slotcarspneu","twitter_misc":{"Odhadovan\u00e1 doba \u010dten\u00ed":"2 minuty"},"schema":{"@context":"https:\/\/schema.org","@graph":[{"@type":"WebPage","@id":"https:\/\/slotcarspneu.eu\/cs\/jak-vybrat-spravne-pneumatiky\/","url":"https:\/\/slotcarspneu.eu\/cs\/jak-vybrat-spravne-pneumatiky\/","name":"Jak vybrat spr\u00e1vn\u00e9 pneumatiky - SlotCarsPneu.eu","isPartOf":{"@id":"https:\/\/slotcarspneu.eu\/#website"},"datePublished":"2024-01-15T09:28:59+00:00","dateModified":"2026-01-06T10:49:48+00:00","breadcrumb":{"@id":"https:\/\/slotcarspneu.eu\/cs\/jak-vybrat-spravne-pneumatiky\/#breadcrumb"},"inLanguage":"cs","potentialAction":[{"@type":"ReadAction","target":["https:\/\/slotcarspneu.eu\/cs\/jak-vybrat-spravne-pneumatiky\/"]}]},{"@type":"BreadcrumbList","@id":"https:\/\/slotcarspneu.eu\/cs\/jak-vybrat-spravne-pneumatiky\/#breadcrumb","itemListElement":[{"@type":"ListItem","position":1,"name":"Dom\u016f","item":"https:\/\/slotcarspneu.eu\/cs\/"},{"@type":"ListItem","position":2,"name":"Jak vybrat spr\u00e1vn\u00e9 pneumatiky"}]},{"@type":"WebSite","@id":"https:\/\/slotcarspneu.eu\/#website","url":"https:\/\/slotcarspneu.eu\/","name":"SlotCarsPneu.eu","description":"Kvalitn\u00ed silikonov\u00e9 pneumatiky pro autodr\u00e1hov\u00e1 aut\u00ed\u010dka","potentialAction":[{"@type":"SearchAction","target":{"@type":"EntryPoint","urlTemplate":"https:\/\/slotcarspneu.eu\/?s={search_term_string}"},"query-input":{"@type":"PropertyValueSpecification","valueRequired":true,"valueName":"search_term_string"}}],"inLanguage":"cs"}]}},"jetpack_sharing_enabled":true,"_links":{"self":[{"href":"https:\/\/slotcarspneu.eu\/cs\/wp-json\/wp\/v2\/pages\/688","targetHints":{"allow":["GET"]}}],"collection":[{"href":"https:\/\/slotcarspneu.eu\/cs\/wp-json\/wp\/v2\/pages"}],"about":[{"href":"https:\/\/slotcarspneu.eu\/cs\/wp-json\/wp\/v2\/types\/page"}],"author":[{"embeddable":true,"href":"https:\/\/slotcarspneu.eu\/cs\/wp-json\/wp\/v2\/users\/1"}],"replies":[{"embeddable":true,"href":"https:\/\/slotcarspneu.eu\/cs\/wp-json\/wp\/v2\/comments?post=688"}],"version-history":[{"count":9,"href":"https:\/\/slotcarspneu.eu\/cs\/wp-json\/wp\/v2\/pages\/688\/revisions"}],"predecessor-version":[{"id":1457,"href":"https:\/\/slotcarspneu.eu\/cs\/wp-json\/wp\/v2\/pages\/688\/revisions\/1457"}],"wp:attachment":[{"href":"https:\/\/slotcarspneu.eu\/cs\/wp-json\/wp\/v2\/media?parent=688"}],"curies":[{"name":"wp","href":"https:\/\/api.w.org\/{rel}","templated":true}]}}