{"id":62,"date":"2023-10-16T16:19:45","date_gmt":"2023-10-16T14:19:45","guid":{"rendered":"https:\/\/slotcarspneu.eu\/?page_id=62"},"modified":"2024-03-12T17:33:27","modified_gmt":"2024-03-12T16:33:27","slug":"kontakt","status":"publish","type":"page","link":"https:\/\/slotcarspneu.eu\/cs\/kontakt\/","title":{"rendered":"Kontakt"},"content":{"rendered":"\n<h2 class=\"wp-block-heading\">Marie Lednick\u00e1<\/h2>\n\n\n\n<div class=\"wp-block-group is-layout-constrained wp-block-group-is-layout-constrained\">\n<ul class=\"wp-block-list\">\n<li>I\u010c: 14410389<\/li>\n\n\n\n<li>S\u00eddlo firmy: Pod Rybn\u00ed\u010dkem 131, 257 22 \u010cer\u010dany<\/li>\n\n\n\n<li>Telefon: +420 734 647 785<\/li>\n\n\n\n<li>E-mail: info@slotcarspneu.eu<\/li>\n\n\n\n<li>Z\u00e1silkovna: ID 10671, Sokolsk\u00e1 584, 257 22 \u010cer\u010dany &#8211; DOBROBISTRO <\/li>\n<\/ul>\n<\/div>\n","protected":false},"excerpt":{"rendered":"<p>Marie Lednick\u00e1<\/p>\n","protected":false},"author":1,"featured_media":0,"parent":0,"menu_order":20,"comment_status":"closed","ping_status":"closed","template":"","meta":{"footnotes":""},"class_list":["post-62","page","type-page","status-publish","hentry","thunk-woo-product-list","opn-qv-enable","open-woo-hover-zoom","open-single-product-tab-horizontal","open-shadow-","open-shadow-hover-"],"yoast_head":"<!-- This site is optimized with the Yoast SEO plugin v27.0 - https:\/\/yoast.com\/product\/yoast-seo-wordpress\/ -->\n<title>Kontakt - SlotCarsPneu.eu<\/title>\n<meta name=\"robots\" content=\"index, follow, max-snippet:-1, max-image-preview:large, max-video-preview:-1\" \/>\n<link rel=\"canonical\" href=\"https:\/\/slotcarspneu.eu\/cs\/kontakt\/\" \/>\n<meta property=\"og:locale\" content=\"cs_CZ\" \/>\n<meta property=\"og:type\" content=\"article\" \/>\n<meta property=\"og:title\" content=\"Kontakt - SlotCarsPneu.eu\" \/>\n<meta property=\"og:description\" content=\"Marie Lednick\u00e1\" \/>\n<meta property=\"og:url\" content=\"https:\/\/slotcarspneu.eu\/cs\/kontakt\/\" \/>\n<meta property=\"og:site_name\" content=\"SlotCarsPneu.eu\" \/>\n<meta property=\"article:publisher\" content=\"https:\/\/www.facebook.com\/profile.php?id=61552543293336\" \/>\n<meta property=\"article:modified_time\" content=\"2024-03-12T16:33:27+00:00\" \/>\n<meta name=\"twitter:card\" content=\"summary_large_image\" \/>\n<meta name=\"twitter:site\" content=\"@slotcarspneu\" \/>\n<meta name=\"twitter:label1\" content=\"Odhadovan\u00e1 doba \u010dten\u00ed\" \/>\n\t<meta name=\"twitter:data1\" content=\"1 minuta\" \/>\n<script type=\"application\/ld+json\" class=\"yoast-schema-graph\">{\"@context\":\"https:\/\/schema.org\",\"@graph\":[{\"@type\":\"WebPage\",\"@id\":\"https:\/\/slotcarspneu.eu\/cs\/kontakt\/\",\"url\":\"https:\/\/slotcarspneu.eu\/cs\/kontakt\/\",\"name\":\"Kontakt - SlotCarsPneu.eu\",\"isPartOf\":{\"@id\":\"https:\/\/slotcarspneu.eu\/#website\"},\"datePublished\":\"2023-10-16T14:19:45+00:00\",\"dateModified\":\"2024-03-12T16:33:27+00:00\",\"breadcrumb\":{\"@id\":\"https:\/\/slotcarspneu.eu\/cs\/kontakt\/#breadcrumb\"},\"inLanguage\":\"cs\",\"potentialAction\":[{\"@type\":\"ReadAction\",\"target\":[\"https:\/\/slotcarspneu.eu\/cs\/kontakt\/\"]}]},{\"@type\":\"BreadcrumbList\",\"@id\":\"https:\/\/slotcarspneu.eu\/cs\/kontakt\/#breadcrumb\",\"itemListElement\":[{\"@type\":\"ListItem\",\"position\":1,\"name\":\"Dom\u016f\",\"item\":\"https:\/\/slotcarspneu.eu\/cs\/\"},{\"@type\":\"ListItem\",\"position\":2,\"name\":\"Kontakt\"}]},{\"@type\":\"WebSite\",\"@id\":\"https:\/\/slotcarspneu.eu\/#website\",\"url\":\"https:\/\/slotcarspneu.eu\/\",\"name\":\"SlotCarsPneu.eu\",\"description\":\"Kvalitn\u00ed silikonov\u00e9 pneumatiky pro autodr\u00e1hov\u00e1 aut\u00ed\u010dka\",\"potentialAction\":[{\"@type\":\"SearchAction\",\"target\":{\"@type\":\"EntryPoint\",\"urlTemplate\":\"https:\/\/slotcarspneu.eu\/?s={search_term_string}\"},\"query-input\":{\"@type\":\"PropertyValueSpecification\",\"valueRequired\":true,\"valueName\":\"search_term_string\"}}],\"inLanguage\":\"cs\"}]}<\/script>\n<!-- \/ Yoast SEO plugin. -->","yoast_head_json":{"title":"Kontakt - SlotCarsPneu.eu","robots":{"index":"index","follow":"follow","max-snippet":"max-snippet:-1","max-image-preview":"max-image-preview:large","max-video-preview":"max-video-preview:-1"},"canonical":"https:\/\/slotcarspneu.eu\/cs\/kontakt\/","og_locale":"cs_CZ","og_type":"article","og_title":"Kontakt - SlotCarsPneu.eu","og_description":"Marie Lednick\u00e1","og_url":"https:\/\/slotcarspneu.eu\/cs\/kontakt\/","og_site_name":"SlotCarsPneu.eu","article_publisher":"https:\/\/www.facebook.com\/profile.php?id=61552543293336","article_modified_time":"2024-03-12T16:33:27+00:00","twitter_card":"summary_large_image","twitter_site":"@slotcarspneu","twitter_misc":{"Odhadovan\u00e1 doba \u010dten\u00ed":"1 minuta"},"schema":{"@context":"https:\/\/schema.org","@graph":[{"@type":"WebPage","@id":"https:\/\/slotcarspneu.eu\/cs\/kontakt\/","url":"https:\/\/slotcarspneu.eu\/cs\/kontakt\/","name":"Kontakt - SlotCarsPneu.eu","isPartOf":{"@id":"https:\/\/slotcarspneu.eu\/#website"},"datePublished":"2023-10-16T14:19:45+00:00","dateModified":"2024-03-12T16:33:27+00:00","breadcrumb":{"@id":"https:\/\/slotcarspneu.eu\/cs\/kontakt\/#breadcrumb"},"inLanguage":"cs","potentialAction":[{"@type":"ReadAction","target":["https:\/\/slotcarspneu.eu\/cs\/kontakt\/"]}]},{"@type":"BreadcrumbList","@id":"https:\/\/slotcarspneu.eu\/cs\/kontakt\/#breadcrumb","itemListElement":[{"@type":"ListItem","position":1,"name":"Dom\u016f","item":"https:\/\/slotcarspneu.eu\/cs\/"},{"@type":"ListItem","position":2,"name":"Kontakt"}]},{"@type":"WebSite","@id":"https:\/\/slotcarspneu.eu\/#website","url":"https:\/\/slotcarspneu.eu\/","name":"SlotCarsPneu.eu","description":"Kvalitn\u00ed silikonov\u00e9 pneumatiky pro autodr\u00e1hov\u00e1 aut\u00ed\u010dka","potentialAction":[{"@type":"SearchAction","target":{"@type":"EntryPoint","urlTemplate":"https:\/\/slotcarspneu.eu\/?s={search_term_string}"},"query-input":{"@type":"PropertyValueSpecification","valueRequired":true,"valueName":"search_term_string"}}],"inLanguage":"cs"}]}},"jetpack_sharing_enabled":true,"_links":{"self":[{"href":"https:\/\/slotcarspneu.eu\/cs\/wp-json\/wp\/v2\/pages\/62","targetHints":{"allow":["GET"]}}],"collection":[{"href":"https:\/\/slotcarspneu.eu\/cs\/wp-json\/wp\/v2\/pages"}],"about":[{"href":"https:\/\/slotcarspneu.eu\/cs\/wp-json\/wp\/v2\/types\/page"}],"author":[{"embeddable":true,"href":"https:\/\/slotcarspneu.eu\/cs\/wp-json\/wp\/v2\/users\/1"}],"replies":[{"embeddable":true,"href":"https:\/\/slotcarspneu.eu\/cs\/wp-json\/wp\/v2\/comments?post=62"}],"version-history":[{"count":3,"href":"https:\/\/slotcarspneu.eu\/cs\/wp-json\/wp\/v2\/pages\/62\/revisions"}],"predecessor-version":[{"id":788,"href":"https:\/\/slotcarspneu.eu\/cs\/wp-json\/wp\/v2\/pages\/62\/revisions\/788"}],"wp:attachment":[{"href":"https:\/\/slotcarspneu.eu\/cs\/wp-json\/wp\/v2\/media?parent=62"}],"curies":[{"name":"wp","href":"https:\/\/api.w.org\/{rel}","templated":true}]}}