{"id":546,"date":"2023-11-25T10:43:34","date_gmt":"2023-11-25T09:43:34","guid":{"rendered":"https:\/\/slotcarspneu.eu\/?page_id=546"},"modified":"2023-11-25T16:48:43","modified_gmt":"2023-11-25T15:48:43","slug":"zakazkova-vyroba","status":"publish","type":"page","link":"https:\/\/slotcarspneu.eu\/cs\/zakazkova-vyroba\/","title":{"rendered":"Zak\u00e1zkov\u00e1 v\u00fdroba"},"content":{"rendered":"\n<p>Zak\u00e1zkovou v\u00fdrobou dopl\u0148ujeme n\u00e1\u0161 sortiment, o modely, kter\u00e9 aktu\u00e1ln\u011b nem\u00e1me v nab\u00eddce. Cel\u00e1 na\u0161e nab\u00eddka a produkce m\u00e1 charakter malov\u00fdroby, ov\u0161em d\u00edky optimalizaci procesu v\u00fdroby jsme i tak schopni \u0161pi\u010dkov\u00e9 pneumatiky nab\u00edzet za zaj\u00edmavou cenu. <\/p>\n\n\n\n<p>Pokud v na\u0161em katalogu nenajdete spr\u00e1vnou pneumatiku pro v\u00e1\u0161 v\u016fz, nezoufejte &#8211; va\u0161e pneumatiky um\u00edme vyrobit i na zak\u00e1zku. Podm\u00ednkou je va\u0161e ochota zaslat n\u00e1m auto, abychom si mohli zm\u011b\u0159it rozm\u011bry r\u00e1fk\u016f, vytvo\u0159it novou formu, odl\u00edt pneumatiky a n\u00e1sledn\u011b auto otestovat na dr\u00e1ze. Na\u0161\u00edm c\u00edlem je va\u0161e spokojenost &#8211; v\u017edy chceme vyrobit pneumatiku, kter\u00e1 p\u0159esn\u011b padne na r\u00e1fek a d\u00e1v\u00e1 aut\u00ed\u010dko ide\u00e1ln\u00ed j\u00edzdn\u00ed vlastnosti. <\/p>\n\n\n\n<h2 class=\"wp-block-heading\">Cena<\/h2>\n\n\n\n<p>Cena zak\u00e1zkov\u00e9 v\u00fdroby hodn\u011b z\u00e1vis\u00ed na zna\u010dce auta. Pro aut\u00ed\u010dka Carrera nab\u00edz\u00edme na\u0161e standardn\u00ed ceny podle velikosti auta (aktu\u00e1ln\u00ed ceny m\u00e1me v katalogu: <a href=\"https:\/\/slotcarspneu.eu\/\">Katalog SlotCarsPneu.eu<\/a>).<\/p>\n\n\n\n<p>Pro ostatn\u00ed autodr\u00e1hy cenu stanovujeme dohodou, cca 800,- K\u010d za celou zak\u00e1zku p\u0159i po\u017eadavku na 1-3 sady jednoho typu. Tato cena se m\u016f\u017ee zd\u00e1t vysok\u00e1, ale mus\u00edme zohlednit n\u00e1klady na v\u00fdrobu prvotn\u00ed formy pro odlit\u00ed pneumatik, kdy nad\u011bje na opakovan\u00fd prodej jin\u00e9mu z\u00e1kazn\u00edkovi je n\u00edzk\u00e1. I tak je pro n\u00e1s v\u00fdroba pouze 3 sad nerentabiln\u00ed, nicm\u00e9n\u011b chceme vyj\u00edt vst\u0159\u00edc i fand\u016fm jin\u00fdch autodr\u00e1h. P\u0159i objedn\u00e1vce vy\u0161\u0161\u00edho po\u010dtu sad zpravidla nab\u00edz\u00edme cenu za jednotlivou sadu podle katalogu.<\/p>\n\n\n\n<p>Pneumatiky vyroben\u00e9 na zak\u00e1zku n\u00e1sledn\u011b za\u0159azujeme do obchodu, t\u00edm neust\u00e1le roz\u0161i\u0159ujeme na\u0161i nab\u00eddku o nov\u00e9 pneumatiky. O novink\u00e1ch pravideln\u011b informujeme na na\u0161em FB profilu: <a href=\"https:\/\/www.facebook.com\/profile.php?id=61552543293336\">Facebook SlotCarsPneu.eu<\/a><\/p>\n\n\n\n<p> Zak\u00e1zkov\u00e9m m\u00f3du v\u00fdroby tak\u00e9 nab\u00edz\u00edme pneumatiky r\u016fzn\u00fdch barev nebo proveden\u00ed &#8211; s jin\u00fdm pr\u016fm\u011brem nebo \u0161\u00ed\u0159kou, s origin\u00e1ln\u00edm profilem, tuningov\u00e9 pneumatiky apod.<\/p>\n\n\n\n<h2 class=\"wp-block-heading\">Po\u017e\u00e1dejte o nab\u00eddku<\/h2>\n\n\n\n<p>Pokud tedy chcete v\u00fdborn\u00e9 pneumatiky pro va\u0161e auto, ale nena\u0161li jste je v katalogu (nebo chcete n\u011bjakou modifikaci nab\u00edzen\u00fdch), napi\u0161te n\u00e1m na e-mail <a href=\"mailto:info@slotcarspneu.eu\">info@slotcarspneu.eu<\/a>. R\u00e1di pro v\u00e1s vyrob\u00edme pneumatiky, se kter\u00fdmi bude maxim\u00e1ln\u011b spokojeni&#8230;<\/p>\n\n\n\n<figure class=\"wp-block-image size-large is-resized\"><img loading=\"lazy\" decoding=\"async\" width=\"1024\" height=\"768\" src=\"https:\/\/slotcarspneu.eu\/wp-content\/uploads\/2023\/11\/SCX_March_771_20231120_auto_02-1024x768.jpg\" alt=\"Scalextric March Ford 771\" class=\"wp-image-541\" style=\"aspect-ratio:1.3333333333333333;width:800px;height:auto\" srcset=\"https:\/\/slotcarspneu.eu\/wp-content\/uploads\/2023\/11\/SCX_March_771_20231120_auto_02-1024x768.jpg 1024w, https:\/\/slotcarspneu.eu\/wp-content\/uploads\/2023\/11\/SCX_March_771_20231120_auto_02-300x225.jpg 300w, https:\/\/slotcarspneu.eu\/wp-content\/uploads\/2023\/11\/SCX_March_771_20231120_auto_02-768x576.jpg 768w, https:\/\/slotcarspneu.eu\/wp-content\/uploads\/2023\/11\/SCX_March_771_20231120_auto_02-600x450.jpg 600w, https:\/\/slotcarspneu.eu\/wp-content\/uploads\/2023\/11\/SCX_March_771_20231120_auto_02-48x36.jpg 48w, https:\/\/slotcarspneu.eu\/wp-content\/uploads\/2023\/11\/SCX_March_771_20231120_auto_02.jpg 1224w\" sizes=\"auto, (max-width: 1024px) 100vw, 1024px\" \/><figcaption class=\"wp-element-caption\">Zak\u00e1zkov\u00e1 v\u00fdroba &#8211; \u0161estikolka Scalextric March Ford 771<\/figcaption><\/figure>\n\n\n\n<figure class=\"wp-block-image size-large\"><img loading=\"lazy\" decoding=\"async\" width=\"1024\" height=\"922\" src=\"https:\/\/slotcarspneu.eu\/wp-content\/uploads\/2023\/10\/85468_Aston_Martin_blue_02-1024x922.jpg\" alt=\"Aston Martin 85468 - modr\u00e9 pneumatiky na \u017e\u00e1dost z\u00e1kazn\u00edka\" class=\"wp-image-381\" srcset=\"https:\/\/slotcarspneu.eu\/wp-content\/uploads\/2023\/10\/85468_Aston_Martin_blue_02-1024x922.jpg 1024w, https:\/\/slotcarspneu.eu\/wp-content\/uploads\/2023\/10\/85468_Aston_Martin_blue_02-300x270.jpg 300w, https:\/\/slotcarspneu.eu\/wp-content\/uploads\/2023\/10\/85468_Aston_Martin_blue_02-768x692.jpg 768w, https:\/\/slotcarspneu.eu\/wp-content\/uploads\/2023\/10\/85468_Aston_Martin_blue_02-600x541.jpg 600w, https:\/\/slotcarspneu.eu\/wp-content\/uploads\/2023\/10\/85468_Aston_Martin_blue_02-48x43.jpg 48w, https:\/\/slotcarspneu.eu\/wp-content\/uploads\/2023\/10\/85468_Aston_Martin_blue_02.jpg 1200w\" sizes=\"auto, (max-width: 1024px) 100vw, 1024px\" \/><figcaption class=\"wp-element-caption\">Aston Martin 1:24 &#8211; modr\u00e9 pneumatiky na \u017e\u00e1dost z\u00e1kazn\u00edka<\/figcaption><\/figure>\n","protected":false},"excerpt":{"rendered":"<p>Zak\u00e1zkovou v\u00fdrobou dopl\u0148ujeme n\u00e1\u0161 sortiment, o modely, kter\u00e9 aktu\u00e1ln\u011b nem\u00e1me v nab\u00eddce. Cel\u00e1 na\u0161e nab\u00eddka a produkce m\u00e1 charakter malov\u00fdroby, ov\u0161em d\u00edky optimalizaci procesu v\u00fdroby jsme i tak schopni \u0161pi\u010dkov\u00e9 pneumatiky nab\u00edzet za zaj\u00edmavou cenu. Pokud v na\u0161em katalogu nenajdete spr\u00e1vnou pneumatiku pro v\u00e1\u0161 v\u016fz, nezoufejte &#8211; va\u0161e pneumatiky um\u00edme vyrobit i na zak\u00e1zku. Podm\u00ednkou &hellip;<\/p>\n<p class=\"read-more\"> <a class=\" thunk-readmore button \" href=\"https:\/\/slotcarspneu.eu\/cs\/zakazkova-vyroba\/\"> <span class=\"screen-reader-text\">Zak\u00e1zkov\u00e1 v\u00fdroba<\/span>Read More<\/a><\/p>\n","protected":false},"author":1,"featured_media":0,"parent":0,"menu_order":0,"comment_status":"closed","ping_status":"closed","template":"","meta":{"footnotes":""},"class_list":["post-546","page","type-page","status-publish","hentry","thunk-woo-product-list","opn-qv-enable","open-woo-hover-zoom","open-single-product-tab-horizontal","open-shadow-","open-shadow-hover-"],"yoast_head":"<!-- This site is optimized with the Yoast SEO plugin v27.0 - https:\/\/yoast.com\/product\/yoast-seo-wordpress\/ -->\n<title>Zak\u00e1zkov\u00e1 v\u00fdroba - SlotCarsPneu.eu<\/title>\n<meta name=\"description\" content=\"Zak\u00e1zkov\u00e1 v\u00fdroba pneumatik nejen pro autodr\u00e1hy Carrera. Zaj\u00edmav\u00e1 cena a vysok\u00e1 kvalita pneumatik, kter\u00e9 p\u0159esn\u011b padnou na va\u0161e aut\u00ed\u010dko.\" \/>\n<meta name=\"robots\" content=\"index, follow, max-snippet:-1, max-image-preview:large, max-video-preview:-1\" \/>\n<link rel=\"canonical\" href=\"https:\/\/slotcarspneu.eu\/cs\/zakazkova-vyroba\/\" \/>\n<meta property=\"og:locale\" content=\"cs_CZ\" \/>\n<meta property=\"og:type\" content=\"article\" \/>\n<meta property=\"og:title\" content=\"Zak\u00e1zkov\u00e1 v\u00fdroba - SlotCarsPneu.eu\" \/>\n<meta property=\"og:description\" content=\"Zak\u00e1zkov\u00e1 v\u00fdroba pneumatik nejen pro autodr\u00e1hy Carrera. Zaj\u00edmav\u00e1 cena a vysok\u00e1 kvalita pneumatik, kter\u00e9 p\u0159esn\u011b padnou na va\u0161e aut\u00ed\u010dko.\" \/>\n<meta property=\"og:url\" content=\"https:\/\/slotcarspneu.eu\/cs\/zakazkova-vyroba\/\" \/>\n<meta property=\"og:site_name\" content=\"SlotCarsPneu.eu\" \/>\n<meta property=\"article:publisher\" content=\"https:\/\/www.facebook.com\/profile.php?id=61552543293336\" \/>\n<meta property=\"article:modified_time\" content=\"2023-11-25T15:48:43+00:00\" \/>\n<meta property=\"og:image\" content=\"https:\/\/slotcarspneu.eu\/wp-content\/uploads\/2023\/11\/SCX_March_771_20231120_auto_02-1024x768.jpg\" \/>\n<meta name=\"twitter:card\" content=\"summary_large_image\" \/>\n<meta name=\"twitter:site\" content=\"@slotcarspneu\" \/>\n<meta name=\"twitter:label1\" content=\"Odhadovan\u00e1 doba \u010dten\u00ed\" \/>\n\t<meta name=\"twitter:data1\" content=\"3 minuty\" \/>\n<script type=\"application\/ld+json\" class=\"yoast-schema-graph\">{\"@context\":\"https:\/\/schema.org\",\"@graph\":[{\"@type\":\"WebPage\",\"@id\":\"https:\/\/slotcarspneu.eu\/cs\/zakazkova-vyroba\/\",\"url\":\"https:\/\/slotcarspneu.eu\/cs\/zakazkova-vyroba\/\",\"name\":\"Zak\u00e1zkov\u00e1 v\u00fdroba - SlotCarsPneu.eu\",\"isPartOf\":{\"@id\":\"https:\/\/slotcarspneu.eu\/#website\"},\"primaryImageOfPage\":{\"@id\":\"https:\/\/slotcarspneu.eu\/cs\/zakazkova-vyroba\/#primaryimage\"},\"image\":{\"@id\":\"https:\/\/slotcarspneu.eu\/cs\/zakazkova-vyroba\/#primaryimage\"},\"thumbnailUrl\":\"https:\/\/slotcarspneu.eu\/wp-content\/uploads\/2023\/11\/SCX_March_771_20231120_auto_02-1024x768.jpg\",\"datePublished\":\"2023-11-25T09:43:34+00:00\",\"dateModified\":\"2023-11-25T15:48:43+00:00\",\"description\":\"Zak\u00e1zkov\u00e1 v\u00fdroba pneumatik nejen pro autodr\u00e1hy Carrera. Zaj\u00edmav\u00e1 cena a vysok\u00e1 kvalita pneumatik, kter\u00e9 p\u0159esn\u011b padnou na va\u0161e aut\u00ed\u010dko.\",\"breadcrumb\":{\"@id\":\"https:\/\/slotcarspneu.eu\/cs\/zakazkova-vyroba\/#breadcrumb\"},\"inLanguage\":\"cs\",\"potentialAction\":[{\"@type\":\"ReadAction\",\"target\":[\"https:\/\/slotcarspneu.eu\/cs\/zakazkova-vyroba\/\"]}]},{\"@type\":\"ImageObject\",\"inLanguage\":\"cs\",\"@id\":\"https:\/\/slotcarspneu.eu\/cs\/zakazkova-vyroba\/#primaryimage\",\"url\":\"https:\/\/slotcarspneu.eu\/wp-content\/uploads\/2023\/11\/SCX_March_771_20231120_auto_02-1024x768.jpg\",\"contentUrl\":\"https:\/\/slotcarspneu.eu\/wp-content\/uploads\/2023\/11\/SCX_March_771_20231120_auto_02-1024x768.jpg\"},{\"@type\":\"BreadcrumbList\",\"@id\":\"https:\/\/slotcarspneu.eu\/cs\/zakazkova-vyroba\/#breadcrumb\",\"itemListElement\":[{\"@type\":\"ListItem\",\"position\":1,\"name\":\"Dom\u016f\",\"item\":\"https:\/\/slotcarspneu.eu\/cs\/\"},{\"@type\":\"ListItem\",\"position\":2,\"name\":\"Zak\u00e1zkov\u00e1 v\u00fdroba\"}]},{\"@type\":\"WebSite\",\"@id\":\"https:\/\/slotcarspneu.eu\/#website\",\"url\":\"https:\/\/slotcarspneu.eu\/\",\"name\":\"SlotCarsPneu.eu\",\"description\":\"Kvalitn\u00ed silikonov\u00e9 pneumatiky pro autodr\u00e1hov\u00e1 aut\u00ed\u010dka\",\"potentialAction\":[{\"@type\":\"SearchAction\",\"target\":{\"@type\":\"EntryPoint\",\"urlTemplate\":\"https:\/\/slotcarspneu.eu\/?s={search_term_string}\"},\"query-input\":{\"@type\":\"PropertyValueSpecification\",\"valueRequired\":true,\"valueName\":\"search_term_string\"}}],\"inLanguage\":\"cs\"}]}<\/script>\n<!-- \/ Yoast SEO plugin. -->","yoast_head_json":{"title":"Zak\u00e1zkov\u00e1 v\u00fdroba - SlotCarsPneu.eu","description":"Zak\u00e1zkov\u00e1 v\u00fdroba pneumatik nejen pro autodr\u00e1hy Carrera. Zaj\u00edmav\u00e1 cena a vysok\u00e1 kvalita pneumatik, kter\u00e9 p\u0159esn\u011b padnou na va\u0161e aut\u00ed\u010dko.","robots":{"index":"index","follow":"follow","max-snippet":"max-snippet:-1","max-image-preview":"max-image-preview:large","max-video-preview":"max-video-preview:-1"},"canonical":"https:\/\/slotcarspneu.eu\/cs\/zakazkova-vyroba\/","og_locale":"cs_CZ","og_type":"article","og_title":"Zak\u00e1zkov\u00e1 v\u00fdroba - SlotCarsPneu.eu","og_description":"Zak\u00e1zkov\u00e1 v\u00fdroba pneumatik nejen pro autodr\u00e1hy Carrera. Zaj\u00edmav\u00e1 cena a vysok\u00e1 kvalita pneumatik, kter\u00e9 p\u0159esn\u011b padnou na va\u0161e aut\u00ed\u010dko.","og_url":"https:\/\/slotcarspneu.eu\/cs\/zakazkova-vyroba\/","og_site_name":"SlotCarsPneu.eu","article_publisher":"https:\/\/www.facebook.com\/profile.php?id=61552543293336","article_modified_time":"2023-11-25T15:48:43+00:00","og_image":[{"url":"https:\/\/slotcarspneu.eu\/wp-content\/uploads\/2023\/11\/SCX_March_771_20231120_auto_02-1024x768.jpg","type":"","width":"","height":""}],"twitter_card":"summary_large_image","twitter_site":"@slotcarspneu","twitter_misc":{"Odhadovan\u00e1 doba \u010dten\u00ed":"3 minuty"},"schema":{"@context":"https:\/\/schema.org","@graph":[{"@type":"WebPage","@id":"https:\/\/slotcarspneu.eu\/cs\/zakazkova-vyroba\/","url":"https:\/\/slotcarspneu.eu\/cs\/zakazkova-vyroba\/","name":"Zak\u00e1zkov\u00e1 v\u00fdroba - SlotCarsPneu.eu","isPartOf":{"@id":"https:\/\/slotcarspneu.eu\/#website"},"primaryImageOfPage":{"@id":"https:\/\/slotcarspneu.eu\/cs\/zakazkova-vyroba\/#primaryimage"},"image":{"@id":"https:\/\/slotcarspneu.eu\/cs\/zakazkova-vyroba\/#primaryimage"},"thumbnailUrl":"https:\/\/slotcarspneu.eu\/wp-content\/uploads\/2023\/11\/SCX_March_771_20231120_auto_02-1024x768.jpg","datePublished":"2023-11-25T09:43:34+00:00","dateModified":"2023-11-25T15:48:43+00:00","description":"Zak\u00e1zkov\u00e1 v\u00fdroba pneumatik nejen pro autodr\u00e1hy Carrera. Zaj\u00edmav\u00e1 cena a vysok\u00e1 kvalita pneumatik, kter\u00e9 p\u0159esn\u011b padnou na va\u0161e aut\u00ed\u010dko.","breadcrumb":{"@id":"https:\/\/slotcarspneu.eu\/cs\/zakazkova-vyroba\/#breadcrumb"},"inLanguage":"cs","potentialAction":[{"@type":"ReadAction","target":["https:\/\/slotcarspneu.eu\/cs\/zakazkova-vyroba\/"]}]},{"@type":"ImageObject","inLanguage":"cs","@id":"https:\/\/slotcarspneu.eu\/cs\/zakazkova-vyroba\/#primaryimage","url":"https:\/\/slotcarspneu.eu\/wp-content\/uploads\/2023\/11\/SCX_March_771_20231120_auto_02-1024x768.jpg","contentUrl":"https:\/\/slotcarspneu.eu\/wp-content\/uploads\/2023\/11\/SCX_March_771_20231120_auto_02-1024x768.jpg"},{"@type":"BreadcrumbList","@id":"https:\/\/slotcarspneu.eu\/cs\/zakazkova-vyroba\/#breadcrumb","itemListElement":[{"@type":"ListItem","position":1,"name":"Dom\u016f","item":"https:\/\/slotcarspneu.eu\/cs\/"},{"@type":"ListItem","position":2,"name":"Zak\u00e1zkov\u00e1 v\u00fdroba"}]},{"@type":"WebSite","@id":"https:\/\/slotcarspneu.eu\/#website","url":"https:\/\/slotcarspneu.eu\/","name":"SlotCarsPneu.eu","description":"Kvalitn\u00ed silikonov\u00e9 pneumatiky pro autodr\u00e1hov\u00e1 aut\u00ed\u010dka","potentialAction":[{"@type":"SearchAction","target":{"@type":"EntryPoint","urlTemplate":"https:\/\/slotcarspneu.eu\/?s={search_term_string}"},"query-input":{"@type":"PropertyValueSpecification","valueRequired":true,"valueName":"search_term_string"}}],"inLanguage":"cs"}]}},"jetpack_sharing_enabled":true,"_links":{"self":[{"href":"https:\/\/slotcarspneu.eu\/cs\/wp-json\/wp\/v2\/pages\/546","targetHints":{"allow":["GET"]}}],"collection":[{"href":"https:\/\/slotcarspneu.eu\/cs\/wp-json\/wp\/v2\/pages"}],"about":[{"href":"https:\/\/slotcarspneu.eu\/cs\/wp-json\/wp\/v2\/types\/page"}],"author":[{"embeddable":true,"href":"https:\/\/slotcarspneu.eu\/cs\/wp-json\/wp\/v2\/users\/1"}],"replies":[{"embeddable":true,"href":"https:\/\/slotcarspneu.eu\/cs\/wp-json\/wp\/v2\/comments?post=546"}],"version-history":[{"count":9,"href":"https:\/\/slotcarspneu.eu\/cs\/wp-json\/wp\/v2\/pages\/546\/revisions"}],"predecessor-version":[{"id":572,"href":"https:\/\/slotcarspneu.eu\/cs\/wp-json\/wp\/v2\/pages\/546\/revisions\/572"}],"wp:attachment":[{"href":"https:\/\/slotcarspneu.eu\/cs\/wp-json\/wp\/v2\/media?parent=546"}],"curies":[{"name":"wp","href":"https:\/\/api.w.org\/{rel}","templated":true}]}}