{"id":525,"date":"2023-11-24T16:04:01","date_gmt":"2023-11-24T15:04:01","guid":{"rendered":"https:\/\/slotcarspneu.eu\/?page_id=525"},"modified":"2024-01-15T17:16:31","modified_gmt":"2024-01-15T16:16:31","slug":"vyroba-pneumatik","status":"publish","type":"page","link":"https:\/\/slotcarspneu.eu\/cs\/vyroba-pneumatik\/","title":{"rendered":"Jak vyr\u00e1b\u00edme pneumatiky I. &#8211; P\u0159ehled"},"content":{"rendered":"\n<p>V\u00fdroba pneumatik prob\u00edh\u00e1 ve t\u0159ech etap\u00e1ch:<\/p>\n\n\n\n<p>Nejprve si zm\u011b\u0159\u00edme origin\u00e1ln\u00ed r\u00e1fek pro p\u0159edn\u00ed a zadn\u00ed kolo \u017e\u00e1dan\u00e9ho modelu auta. M\u011b\u0159\u00edme s p\u0159esnost\u00ed na desetiny milimetru a zaj\u00edmaj\u00ed n\u00e1s 4 rozm\u011bry pro ka\u017ed\u00fd r\u00e1fek:<\/p>\n\n\n\n<ul class=\"wp-block-list\">\n<li>A &#8211; \u0161\u00ed\u0159ka st\u0159edov\u00e9 lamely<\/li>\n\n\n\n<li>B &#8211; celkov\u00e1 \u0161\u00ed\u0159ka<\/li>\n\n\n\n<li>C &#8211; men\u0161\u00ed pr\u016fm\u011br r\u00e1fku &#8211; ta \u010d\u00e1st, kter\u00e1 je vid\u011bt p\u0159i bo\u010dn\u00edm pohledu<\/li>\n\n\n\n<li>D &#8211; v\u011bt\u0161\u00ed pr\u016fm\u011br r\u00e1fku \/ lamely &#8211; ta \u010d\u00e1st, kter\u00e1 je skryt\u00e1 pod pneumatikou<\/li>\n<\/ul>\n\n\n\n<figure class=\"wp-block-image size-large is-resized\"><img loading=\"lazy\" decoding=\"async\" width=\"1024\" height=\"723\" src=\"https:\/\/slotcarspneu.eu\/wp-content\/uploads\/2023\/11\/Nakres_rozmeru_rafku-1024x723.jpg\" alt=\"\" class=\"wp-image-542\" style=\"aspect-ratio:1.4163208852005533;width:433px;height:auto\" srcset=\"https:\/\/slotcarspneu.eu\/wp-content\/uploads\/2023\/11\/Nakres_rozmeru_rafku-1024x723.jpg 1024w, https:\/\/slotcarspneu.eu\/wp-content\/uploads\/2023\/11\/Nakres_rozmeru_rafku-300x212.jpg 300w, https:\/\/slotcarspneu.eu\/wp-content\/uploads\/2023\/11\/Nakres_rozmeru_rafku-768x542.jpg 768w, https:\/\/slotcarspneu.eu\/wp-content\/uploads\/2023\/11\/Nakres_rozmeru_rafku-600x424.jpg 600w, https:\/\/slotcarspneu.eu\/wp-content\/uploads\/2023\/11\/Nakres_rozmeru_rafku-48x34.jpg 48w, https:\/\/slotcarspneu.eu\/wp-content\/uploads\/2023\/11\/Nakres_rozmeru_rafku.jpg 1198w\" sizes=\"auto, (max-width: 1024px) 100vw, 1024px\" \/><\/figure>\n\n\n\n<p>Krom\u011b r\u00e1fku pot\u0159ebujeme tak\u00e9 zn\u00e1t rozm\u011bry pneumatiky &#8222;obut\u00e9&#8220; na r\u00e1fku &#8211; nezbytn\u00fd je jej\u00ed pr\u016fm\u011br, p\u0159\u00edpadn\u011b \u0161\u00ed\u0159ka pneumatiky, pokud m\u00e1 p\u0159esahovat p\u0159es r\u00e1fek. Tak\u00e9 je mo\u017en\u00e9 definovat tvar b\u011bhounu pneumatiky, respektive polom\u011br zaoblen\u00ed mezi b\u011bhounem a bo\u010dnic\u00ed.<\/p>\n\n\n\n<h2 class=\"wp-block-heading\">Modelov\u00e1n\u00ed a odl\u00e9v\u00e1n\u00ed<\/h2>\n\n\n\n<p>N\u00e1sledn\u011b modelujeme a na 3D tisk\u00e1rn\u011b tiskneme formu. Kontrolujeme p\u0159esnost tisku a provedeme sl\u00edcov\u00e1n\u00ed jednotliv\u00fdch \u010d\u00e1st\u00ed formy. Formu vytv\u00e1\u0159\u00edme o fous men\u0161\u00ed, ne\u017e je po\u017eadovan\u00fd v\u00fdsledn\u00fd rozm\u011br, pneumatiku pak na r\u00e1fek mus\u00edte nat\u00e1hnout a d\u00edky tomu p\u011bkn\u011b dr\u017e\u00ed.<\/p>\n\n\n\n<p>Posledn\u00edm krokem v\u00fdroby je samotn\u00e9 odlit\u00ed sady pneumatik z vysokopevnostn\u00edho silikonu. Pro odvzdu\u0161n\u011bn\u00ed pou\u017e\u00edv\u00e1me vakuovou v\u00fdv\u011bvu. Po vyzr\u00e1n\u00ed silikonu ka\u017edou pneumatiku vyjmeme z formy, zkontrolujeme a odstran\u00edme poz\u016fstatky otvor\u016f pro odtok p\u0159ebyte\u010dn\u00e9ho silikonu. Pneumatiky \u0159ady Exclusiv a Tuning je\u0161t\u011b zabru\u0161ujeme, zbavujeme ot\u0159ep\u016f a vyhlazujeme.  <\/p>\n\n\n\n<p>Silikon pro odl\u00e9v\u00e1n\u00ed probarvujeme pigmentem do silikonov\u00fdch past &#8211; nej\u010dast\u011bji \u010dern\u00fdm, ale na zak\u00e1zku je mo\u017en\u00e9 dodat pneumatiky v barv\u011b modr\u00e9, \u010derven\u00e9, \u017elut\u00e9, v kombinac\u00edch a ve stupn\u00edch \u0161edi. <\/p>\n\n\n\n<h2 class=\"wp-block-heading\">J\u00edzdn\u00ed vlastnosti silikonov\u00fdch pneumatik<\/h2>\n\n\n\n<p>Takto vyroben\u00e9 pneumatiky maj\u00ed vynikaj\u00edc\u00ed j\u00edzdn\u00ed vlastnosti:<\/p>\n\n\n\n<ul class=\"wp-block-list\">\n<li>vnit\u0159n\u00ed profil pneumatiky p\u0159esn\u011b odpov\u00edd\u00e1 r\u00e1fku, pro kter\u00fd je ur\u010dena<\/li>\n\n\n\n<li>b\u011bhoun pneumatiky se neboul\u00ed ani nepropad\u00e1, na trati dr\u017e\u00ed celou \u0161\u00ed\u0159kou<\/li>\n\n\n\n<li>pr\u016fm\u011br pneumatiky ur\u010duje sv\u011btlou v\u00fd\u0161ku aut\u00ed\u010dka nad dr\u00e1hou. Pro \u0159ady Premium a Exclusiv se sna\u017e\u00edme o co nejv\u011bt\u0161\u00ed p\u0159ibl\u00ed\u017een\u00ed se origin\u00e1lu. Pro \u0159adu Tuning naopak plat\u00ed, \u017ee sv\u011btl\u00e1 v\u00fd\u0161ka vozu je sn\u00ed\u017een\u00e1, magnety maj\u00ed v\u011bt\u0161\u00ed p\u0159\u00edtla\u010dnou s\u00edlu a auto l\u00e9pe dr\u017e\u00ed. I  tuningov\u00e9 pneumatiky p\u0159ed uveden\u00ed na trh testujeme na dr\u00e1ze a kontrolujeme, \u017ee na b\u011b\u017en\u00e9 trati auta podvozkem nedrhnou. Pokud ale m\u00e1te d\u00edly dr\u00e1hy s p\u0159\u00edli\u0161 vystoupl\u00fdmi kolejnicemi trakce, m\u016f\u017ee na n\u011b aut\u00ed\u010dko nasednou a podkluzovat.<\/li>\n\n\n\n<li>kvalitn\u00ed vysokopevnostn\u00ed silikon netvrdne, neztr\u00e1c\u00ed vysokou p\u0159ilnavost, \u010di\u0161t\u011bn\u00ed je mo\u017en\u00e9 prov\u00e1d\u011bt vodou, lihem, technick\u00fdm benz\u00ednem apod.<\/li>\n\n\n\n<li>d\u00edky pou\u017eit\u00e9mu silikonu m\u016f\u017eete dos\u00e1hnout zlep\u0161en\u00ed \u010dasu na jedno kolo a\u017e o 30%<\/li>\n<\/ul>\n","protected":false},"excerpt":{"rendered":"<p>V\u00fdroba pneumatik prob\u00edh\u00e1 ve t\u0159ech etap\u00e1ch: Nejprve si zm\u011b\u0159\u00edme origin\u00e1ln\u00ed r\u00e1fek pro p\u0159edn\u00ed a zadn\u00ed kolo \u017e\u00e1dan\u00e9ho modelu auta. M\u011b\u0159\u00edme s p\u0159esnost\u00ed na desetiny milimetru a zaj\u00edmaj\u00ed n\u00e1s 4 rozm\u011bry pro ka\u017ed\u00fd r\u00e1fek: Krom\u011b r\u00e1fku pot\u0159ebujeme tak\u00e9 zn\u00e1t rozm\u011bry pneumatiky &#8222;obut\u00e9&#8220; na r\u00e1fku &#8211; nezbytn\u00fd je jej\u00ed pr\u016fm\u011br, p\u0159\u00edpadn\u011b \u0161\u00ed\u0159ka pneumatiky, pokud m\u00e1 p\u0159esahovat p\u0159es &hellip;<\/p>\n<p class=\"read-more\"> <a class=\" thunk-readmore button \" href=\"https:\/\/slotcarspneu.eu\/cs\/vyroba-pneumatik\/\"> <span class=\"screen-reader-text\">Jak vyr\u00e1b\u00edme pneumatiky I. &#8211; P\u0159ehled<\/span>Read More<\/a><\/p>\n","protected":false},"author":1,"featured_media":0,"parent":0,"menu_order":0,"comment_status":"closed","ping_status":"closed","template":"","meta":{"footnotes":""},"class_list":["post-525","page","type-page","status-publish","hentry","thunk-woo-product-list","opn-qv-enable","open-woo-hover-zoom","open-single-product-tab-horizontal","open-shadow-","open-shadow-hover-"],"yoast_head":"<!-- This site is optimized with the Yoast SEO plugin v27.0 - https:\/\/yoast.com\/product\/yoast-seo-wordpress\/ -->\n<title>Jak vyr\u00e1b\u00edme pneumatiky I. - P\u0159ehled - SlotCarsPneu.eu<\/title>\n<meta name=\"description\" content=\"V\u00fdroba pneumatik pro autodr\u00e1hov\u00e1 aut\u00ed\u010dka Carrera - postup, kontrola, v\u00fdsledek. Popisujeme zde tak\u00e9 v\u00fdsledn\u00e9 j\u00edzdn\u00ed vlastnosti pneumatik.\" \/>\n<meta name=\"robots\" content=\"index, follow, max-snippet:-1, max-image-preview:large, max-video-preview:-1\" \/>\n<link rel=\"canonical\" href=\"https:\/\/slotcarspneu.eu\/cs\/vyroba-pneumatik\/\" \/>\n<meta property=\"og:locale\" content=\"cs_CZ\" \/>\n<meta property=\"og:type\" content=\"article\" \/>\n<meta property=\"og:title\" content=\"Jak vyr\u00e1b\u00edme pneumatiky I. - P\u0159ehled - SlotCarsPneu.eu\" \/>\n<meta property=\"og:description\" content=\"V\u00fdroba pneumatik pro autodr\u00e1hov\u00e1 aut\u00ed\u010dka Carrera - postup, kontrola, v\u00fdsledek. Popisujeme zde tak\u00e9 v\u00fdsledn\u00e9 j\u00edzdn\u00ed vlastnosti pneumatik.\" \/>\n<meta property=\"og:url\" content=\"https:\/\/slotcarspneu.eu\/cs\/vyroba-pneumatik\/\" \/>\n<meta property=\"og:site_name\" content=\"SlotCarsPneu.eu\" \/>\n<meta property=\"article:publisher\" content=\"https:\/\/www.facebook.com\/profile.php?id=61552543293336\" \/>\n<meta property=\"article:modified_time\" content=\"2024-01-15T16:16:31+00:00\" \/>\n<meta property=\"og:image\" content=\"https:\/\/slotcarspneu.eu\/wp-content\/uploads\/2023\/11\/Nakres_rozmeru_rafku-1024x723.jpg\" \/>\n<meta name=\"twitter:card\" content=\"summary_large_image\" \/>\n<meta name=\"twitter:site\" content=\"@slotcarspneu\" \/>\n<meta name=\"twitter:label1\" content=\"Odhadovan\u00e1 doba \u010dten\u00ed\" \/>\n\t<meta name=\"twitter:data1\" content=\"3 minuty\" \/>\n<script type=\"application\/ld+json\" class=\"yoast-schema-graph\">{\"@context\":\"https:\/\/schema.org\",\"@graph\":[{\"@type\":\"WebPage\",\"@id\":\"https:\/\/slotcarspneu.eu\/cs\/vyroba-pneumatik\/\",\"url\":\"https:\/\/slotcarspneu.eu\/cs\/vyroba-pneumatik\/\",\"name\":\"Jak vyr\u00e1b\u00edme pneumatiky I. - P\u0159ehled - SlotCarsPneu.eu\",\"isPartOf\":{\"@id\":\"https:\/\/slotcarspneu.eu\/#website\"},\"primaryImageOfPage\":{\"@id\":\"https:\/\/slotcarspneu.eu\/cs\/vyroba-pneumatik\/#primaryimage\"},\"image\":{\"@id\":\"https:\/\/slotcarspneu.eu\/cs\/vyroba-pneumatik\/#primaryimage\"},\"thumbnailUrl\":\"https:\/\/slotcarspneu.eu\/wp-content\/uploads\/2023\/11\/Nakres_rozmeru_rafku-1024x723.jpg\",\"datePublished\":\"2023-11-24T15:04:01+00:00\",\"dateModified\":\"2024-01-15T16:16:31+00:00\",\"description\":\"V\u00fdroba pneumatik pro autodr\u00e1hov\u00e1 aut\u00ed\u010dka Carrera - postup, kontrola, v\u00fdsledek. Popisujeme zde tak\u00e9 v\u00fdsledn\u00e9 j\u00edzdn\u00ed vlastnosti pneumatik.\",\"breadcrumb\":{\"@id\":\"https:\/\/slotcarspneu.eu\/cs\/vyroba-pneumatik\/#breadcrumb\"},\"inLanguage\":\"cs\",\"potentialAction\":[{\"@type\":\"ReadAction\",\"target\":[\"https:\/\/slotcarspneu.eu\/cs\/vyroba-pneumatik\/\"]}]},{\"@type\":\"ImageObject\",\"inLanguage\":\"cs\",\"@id\":\"https:\/\/slotcarspneu.eu\/cs\/vyroba-pneumatik\/#primaryimage\",\"url\":\"https:\/\/slotcarspneu.eu\/wp-content\/uploads\/2023\/11\/Nakres_rozmeru_rafku-1024x723.jpg\",\"contentUrl\":\"https:\/\/slotcarspneu.eu\/wp-content\/uploads\/2023\/11\/Nakres_rozmeru_rafku-1024x723.jpg\"},{\"@type\":\"BreadcrumbList\",\"@id\":\"https:\/\/slotcarspneu.eu\/cs\/vyroba-pneumatik\/#breadcrumb\",\"itemListElement\":[{\"@type\":\"ListItem\",\"position\":1,\"name\":\"Dom\u016f\",\"item\":\"https:\/\/slotcarspneu.eu\/cs\/\"},{\"@type\":\"ListItem\",\"position\":2,\"name\":\"Jak vyr\u00e1b\u00edme pneumatiky I. &#8211; P\u0159ehled\"}]},{\"@type\":\"WebSite\",\"@id\":\"https:\/\/slotcarspneu.eu\/#website\",\"url\":\"https:\/\/slotcarspneu.eu\/\",\"name\":\"SlotCarsPneu.eu\",\"description\":\"Kvalitn\u00ed silikonov\u00e9 pneumatiky pro autodr\u00e1hov\u00e1 aut\u00ed\u010dka\",\"potentialAction\":[{\"@type\":\"SearchAction\",\"target\":{\"@type\":\"EntryPoint\",\"urlTemplate\":\"https:\/\/slotcarspneu.eu\/?s={search_term_string}\"},\"query-input\":{\"@type\":\"PropertyValueSpecification\",\"valueRequired\":true,\"valueName\":\"search_term_string\"}}],\"inLanguage\":\"cs\"}]}<\/script>\n<!-- \/ Yoast SEO plugin. -->","yoast_head_json":{"title":"Jak vyr\u00e1b\u00edme pneumatiky I. - P\u0159ehled - SlotCarsPneu.eu","description":"V\u00fdroba pneumatik pro autodr\u00e1hov\u00e1 aut\u00ed\u010dka Carrera - postup, kontrola, v\u00fdsledek. Popisujeme zde tak\u00e9 v\u00fdsledn\u00e9 j\u00edzdn\u00ed vlastnosti pneumatik.","robots":{"index":"index","follow":"follow","max-snippet":"max-snippet:-1","max-image-preview":"max-image-preview:large","max-video-preview":"max-video-preview:-1"},"canonical":"https:\/\/slotcarspneu.eu\/cs\/vyroba-pneumatik\/","og_locale":"cs_CZ","og_type":"article","og_title":"Jak vyr\u00e1b\u00edme pneumatiky I. - P\u0159ehled - SlotCarsPneu.eu","og_description":"V\u00fdroba pneumatik pro autodr\u00e1hov\u00e1 aut\u00ed\u010dka Carrera - postup, kontrola, v\u00fdsledek. Popisujeme zde tak\u00e9 v\u00fdsledn\u00e9 j\u00edzdn\u00ed vlastnosti pneumatik.","og_url":"https:\/\/slotcarspneu.eu\/cs\/vyroba-pneumatik\/","og_site_name":"SlotCarsPneu.eu","article_publisher":"https:\/\/www.facebook.com\/profile.php?id=61552543293336","article_modified_time":"2024-01-15T16:16:31+00:00","og_image":[{"url":"https:\/\/slotcarspneu.eu\/wp-content\/uploads\/2023\/11\/Nakres_rozmeru_rafku-1024x723.jpg","type":"","width":"","height":""}],"twitter_card":"summary_large_image","twitter_site":"@slotcarspneu","twitter_misc":{"Odhadovan\u00e1 doba \u010dten\u00ed":"3 minuty"},"schema":{"@context":"https:\/\/schema.org","@graph":[{"@type":"WebPage","@id":"https:\/\/slotcarspneu.eu\/cs\/vyroba-pneumatik\/","url":"https:\/\/slotcarspneu.eu\/cs\/vyroba-pneumatik\/","name":"Jak vyr\u00e1b\u00edme pneumatiky I. - P\u0159ehled - SlotCarsPneu.eu","isPartOf":{"@id":"https:\/\/slotcarspneu.eu\/#website"},"primaryImageOfPage":{"@id":"https:\/\/slotcarspneu.eu\/cs\/vyroba-pneumatik\/#primaryimage"},"image":{"@id":"https:\/\/slotcarspneu.eu\/cs\/vyroba-pneumatik\/#primaryimage"},"thumbnailUrl":"https:\/\/slotcarspneu.eu\/wp-content\/uploads\/2023\/11\/Nakres_rozmeru_rafku-1024x723.jpg","datePublished":"2023-11-24T15:04:01+00:00","dateModified":"2024-01-15T16:16:31+00:00","description":"V\u00fdroba pneumatik pro autodr\u00e1hov\u00e1 aut\u00ed\u010dka Carrera - postup, kontrola, v\u00fdsledek. Popisujeme zde tak\u00e9 v\u00fdsledn\u00e9 j\u00edzdn\u00ed vlastnosti pneumatik.","breadcrumb":{"@id":"https:\/\/slotcarspneu.eu\/cs\/vyroba-pneumatik\/#breadcrumb"},"inLanguage":"cs","potentialAction":[{"@type":"ReadAction","target":["https:\/\/slotcarspneu.eu\/cs\/vyroba-pneumatik\/"]}]},{"@type":"ImageObject","inLanguage":"cs","@id":"https:\/\/slotcarspneu.eu\/cs\/vyroba-pneumatik\/#primaryimage","url":"https:\/\/slotcarspneu.eu\/wp-content\/uploads\/2023\/11\/Nakres_rozmeru_rafku-1024x723.jpg","contentUrl":"https:\/\/slotcarspneu.eu\/wp-content\/uploads\/2023\/11\/Nakres_rozmeru_rafku-1024x723.jpg"},{"@type":"BreadcrumbList","@id":"https:\/\/slotcarspneu.eu\/cs\/vyroba-pneumatik\/#breadcrumb","itemListElement":[{"@type":"ListItem","position":1,"name":"Dom\u016f","item":"https:\/\/slotcarspneu.eu\/cs\/"},{"@type":"ListItem","position":2,"name":"Jak vyr\u00e1b\u00edme pneumatiky I. &#8211; P\u0159ehled"}]},{"@type":"WebSite","@id":"https:\/\/slotcarspneu.eu\/#website","url":"https:\/\/slotcarspneu.eu\/","name":"SlotCarsPneu.eu","description":"Kvalitn\u00ed silikonov\u00e9 pneumatiky pro autodr\u00e1hov\u00e1 aut\u00ed\u010dka","potentialAction":[{"@type":"SearchAction","target":{"@type":"EntryPoint","urlTemplate":"https:\/\/slotcarspneu.eu\/?s={search_term_string}"},"query-input":{"@type":"PropertyValueSpecification","valueRequired":true,"valueName":"search_term_string"}}],"inLanguage":"cs"}]}},"jetpack_sharing_enabled":true,"_links":{"self":[{"href":"https:\/\/slotcarspneu.eu\/cs\/wp-json\/wp\/v2\/pages\/525","targetHints":{"allow":["GET"]}}],"collection":[{"href":"https:\/\/slotcarspneu.eu\/cs\/wp-json\/wp\/v2\/pages"}],"about":[{"href":"https:\/\/slotcarspneu.eu\/cs\/wp-json\/wp\/v2\/types\/page"}],"author":[{"embeddable":true,"href":"https:\/\/slotcarspneu.eu\/cs\/wp-json\/wp\/v2\/users\/1"}],"replies":[{"embeddable":true,"href":"https:\/\/slotcarspneu.eu\/cs\/wp-json\/wp\/v2\/comments?post=525"}],"version-history":[{"count":9,"href":"https:\/\/slotcarspneu.eu\/cs\/wp-json\/wp\/v2\/pages\/525\/revisions"}],"predecessor-version":[{"id":710,"href":"https:\/\/slotcarspneu.eu\/cs\/wp-json\/wp\/v2\/pages\/525\/revisions\/710"}],"wp:attachment":[{"href":"https:\/\/slotcarspneu.eu\/cs\/wp-json\/wp\/v2\/media?parent=525"}],"curies":[{"name":"wp","href":"https:\/\/api.w.org\/{rel}","templated":true}]}}