{"id":430,"date":"2023-11-06T18:05:58","date_gmt":"2023-11-06T17:05:58","guid":{"rendered":"https:\/\/slotcarspneu.eu\/?page_id=430"},"modified":"2023-11-06T23:54:02","modified_gmt":"2023-11-06T22:54:02","slug":"obchodni-podminky","status":"publish","type":"page","link":"https:\/\/slotcarspneu.eu\/cs\/obchodni-podminky\/","title":{"rendered":"Obchodn\u00ed podm\u00ednky"},"content":{"rendered":"\n<p>Obchodn\u00ed podm\u00ednky e-shopu SlotCarsPneu.eu, platn\u00e9 k 6.11.2023, <a href=\"https:\/\/slotcarspneu.eu\/wp-content\/uploads\/2023\/11\/SlotCarsPneu-eu_vseobecne-obchodni-prodminky.pdf\">ke sta\u017een\u00ed zde<\/a>.<\/p>\n\n\n\n<p><\/p>\n","protected":false},"excerpt":{"rendered":"<p>Obchodn\u00ed podm\u00ednky e-shopu SlotCarsPneu.eu, platn\u00e9 k 6.11.2023, ke sta\u017een\u00ed zde.<\/p>\n","protected":false},"author":1,"featured_media":0,"parent":0,"menu_order":72,"comment_status":"closed","ping_status":"closed","template":"","meta":{"footnotes":""},"class_list":["post-430","page","type-page","status-publish","hentry","thunk-woo-product-list","opn-qv-enable","open-woo-hover-zoom","open-single-product-tab-horizontal","open-shadow-","open-shadow-hover-"],"yoast_head":"<!-- This site is optimized with the Yoast SEO plugin v27.0 - https:\/\/yoast.com\/product\/yoast-seo-wordpress\/ -->\n<title>Obchodn\u00ed podm\u00ednky - SlotCarsPneu.eu<\/title>\n<meta name=\"description\" content=\"Obchodn\u00ed podm\u00ednky webu SlotCarsPneu.eu.\" \/>\n<meta name=\"robots\" content=\"index, follow, max-snippet:-1, max-image-preview:large, max-video-preview:-1\" \/>\n<link rel=\"canonical\" href=\"https:\/\/slotcarspneu.eu\/cs\/obchodni-podminky\/\" \/>\n<meta property=\"og:locale\" content=\"cs_CZ\" \/>\n<meta property=\"og:type\" content=\"article\" \/>\n<meta property=\"og:title\" content=\"Obchodn\u00ed podm\u00ednky - SlotCarsPneu.eu\" \/>\n<meta property=\"og:description\" content=\"Obchodn\u00ed podm\u00ednky webu SlotCarsPneu.eu.\" \/>\n<meta property=\"og:url\" content=\"https:\/\/slotcarspneu.eu\/cs\/obchodni-podminky\/\" \/>\n<meta property=\"og:site_name\" content=\"SlotCarsPneu.eu\" \/>\n<meta property=\"article:publisher\" content=\"https:\/\/www.facebook.com\/profile.php?id=61552543293336\" \/>\n<meta property=\"article:modified_time\" content=\"2023-11-06T22:54:02+00:00\" \/>\n<meta name=\"twitter:card\" content=\"summary_large_image\" \/>\n<meta name=\"twitter:site\" content=\"@slotcarspneu\" \/>\n<meta name=\"twitter:label1\" content=\"Odhadovan\u00e1 doba \u010dten\u00ed\" \/>\n\t<meta name=\"twitter:data1\" content=\"1 minuta\" \/>\n<script type=\"application\/ld+json\" class=\"yoast-schema-graph\">{\"@context\":\"https:\/\/schema.org\",\"@graph\":[{\"@type\":\"WebPage\",\"@id\":\"https:\/\/slotcarspneu.eu\/cs\/obchodni-podminky\/\",\"url\":\"https:\/\/slotcarspneu.eu\/cs\/obchodni-podminky\/\",\"name\":\"Obchodn\u00ed podm\u00ednky - SlotCarsPneu.eu\",\"isPartOf\":{\"@id\":\"https:\/\/slotcarspneu.eu\/#website\"},\"datePublished\":\"2023-11-06T17:05:58+00:00\",\"dateModified\":\"2023-11-06T22:54:02+00:00\",\"description\":\"Obchodn\u00ed podm\u00ednky webu SlotCarsPneu.eu.\",\"breadcrumb\":{\"@id\":\"https:\/\/slotcarspneu.eu\/cs\/obchodni-podminky\/#breadcrumb\"},\"inLanguage\":\"cs\",\"potentialAction\":[{\"@type\":\"ReadAction\",\"target\":[\"https:\/\/slotcarspneu.eu\/cs\/obchodni-podminky\/\"]}]},{\"@type\":\"BreadcrumbList\",\"@id\":\"https:\/\/slotcarspneu.eu\/cs\/obchodni-podminky\/#breadcrumb\",\"itemListElement\":[{\"@type\":\"ListItem\",\"position\":1,\"name\":\"Dom\u016f\",\"item\":\"https:\/\/slotcarspneu.eu\/cs\/\"},{\"@type\":\"ListItem\",\"position\":2,\"name\":\"Obchodn\u00ed podm\u00ednky\"}]},{\"@type\":\"WebSite\",\"@id\":\"https:\/\/slotcarspneu.eu\/#website\",\"url\":\"https:\/\/slotcarspneu.eu\/\",\"name\":\"SlotCarsPneu.eu\",\"description\":\"Kvalitn\u00ed silikonov\u00e9 pneumatiky pro autodr\u00e1hov\u00e1 aut\u00ed\u010dka\",\"potentialAction\":[{\"@type\":\"SearchAction\",\"target\":{\"@type\":\"EntryPoint\",\"urlTemplate\":\"https:\/\/slotcarspneu.eu\/?s={search_term_string}\"},\"query-input\":{\"@type\":\"PropertyValueSpecification\",\"valueRequired\":true,\"valueName\":\"search_term_string\"}}],\"inLanguage\":\"cs\"}]}<\/script>\n<!-- \/ Yoast SEO plugin. -->","yoast_head_json":{"title":"Obchodn\u00ed podm\u00ednky - SlotCarsPneu.eu","description":"Obchodn\u00ed podm\u00ednky webu SlotCarsPneu.eu.","robots":{"index":"index","follow":"follow","max-snippet":"max-snippet:-1","max-image-preview":"max-image-preview:large","max-video-preview":"max-video-preview:-1"},"canonical":"https:\/\/slotcarspneu.eu\/cs\/obchodni-podminky\/","og_locale":"cs_CZ","og_type":"article","og_title":"Obchodn\u00ed podm\u00ednky - SlotCarsPneu.eu","og_description":"Obchodn\u00ed podm\u00ednky webu SlotCarsPneu.eu.","og_url":"https:\/\/slotcarspneu.eu\/cs\/obchodni-podminky\/","og_site_name":"SlotCarsPneu.eu","article_publisher":"https:\/\/www.facebook.com\/profile.php?id=61552543293336","article_modified_time":"2023-11-06T22:54:02+00:00","twitter_card":"summary_large_image","twitter_site":"@slotcarspneu","twitter_misc":{"Odhadovan\u00e1 doba \u010dten\u00ed":"1 minuta"},"schema":{"@context":"https:\/\/schema.org","@graph":[{"@type":"WebPage","@id":"https:\/\/slotcarspneu.eu\/cs\/obchodni-podminky\/","url":"https:\/\/slotcarspneu.eu\/cs\/obchodni-podminky\/","name":"Obchodn\u00ed podm\u00ednky - SlotCarsPneu.eu","isPartOf":{"@id":"https:\/\/slotcarspneu.eu\/#website"},"datePublished":"2023-11-06T17:05:58+00:00","dateModified":"2023-11-06T22:54:02+00:00","description":"Obchodn\u00ed podm\u00ednky webu SlotCarsPneu.eu.","breadcrumb":{"@id":"https:\/\/slotcarspneu.eu\/cs\/obchodni-podminky\/#breadcrumb"},"inLanguage":"cs","potentialAction":[{"@type":"ReadAction","target":["https:\/\/slotcarspneu.eu\/cs\/obchodni-podminky\/"]}]},{"@type":"BreadcrumbList","@id":"https:\/\/slotcarspneu.eu\/cs\/obchodni-podminky\/#breadcrumb","itemListElement":[{"@type":"ListItem","position":1,"name":"Dom\u016f","item":"https:\/\/slotcarspneu.eu\/cs\/"},{"@type":"ListItem","position":2,"name":"Obchodn\u00ed podm\u00ednky"}]},{"@type":"WebSite","@id":"https:\/\/slotcarspneu.eu\/#website","url":"https:\/\/slotcarspneu.eu\/","name":"SlotCarsPneu.eu","description":"Kvalitn\u00ed silikonov\u00e9 pneumatiky pro autodr\u00e1hov\u00e1 aut\u00ed\u010dka","potentialAction":[{"@type":"SearchAction","target":{"@type":"EntryPoint","urlTemplate":"https:\/\/slotcarspneu.eu\/?s={search_term_string}"},"query-input":{"@type":"PropertyValueSpecification","valueRequired":true,"valueName":"search_term_string"}}],"inLanguage":"cs"}]}},"jetpack_sharing_enabled":true,"_links":{"self":[{"href":"https:\/\/slotcarspneu.eu\/cs\/wp-json\/wp\/v2\/pages\/430","targetHints":{"allow":["GET"]}}],"collection":[{"href":"https:\/\/slotcarspneu.eu\/cs\/wp-json\/wp\/v2\/pages"}],"about":[{"href":"https:\/\/slotcarspneu.eu\/cs\/wp-json\/wp\/v2\/types\/page"}],"author":[{"embeddable":true,"href":"https:\/\/slotcarspneu.eu\/cs\/wp-json\/wp\/v2\/users\/1"}],"replies":[{"embeddable":true,"href":"https:\/\/slotcarspneu.eu\/cs\/wp-json\/wp\/v2\/comments?post=430"}],"version-history":[{"count":2,"href":"https:\/\/slotcarspneu.eu\/cs\/wp-json\/wp\/v2\/pages\/430\/revisions"}],"predecessor-version":[{"id":453,"href":"https:\/\/slotcarspneu.eu\/cs\/wp-json\/wp\/v2\/pages\/430\/revisions\/453"}],"wp:attachment":[{"href":"https:\/\/slotcarspneu.eu\/cs\/wp-json\/wp\/v2\/media?parent=430"}],"curies":[{"name":"wp","href":"https:\/\/api.w.org\/{rel}","templated":true}]}}