{"id":126,"date":"2023-10-17T13:11:09","date_gmt":"2023-10-17T11:11:09","guid":{"rendered":"https:\/\/slotcarspneu.eu\/?page_id=126"},"modified":"2023-11-25T13:35:59","modified_gmt":"2023-11-25T12:35:59","slug":"o-nas","status":"publish","type":"page","link":"https:\/\/slotcarspneu.eu\/cs\/o-nas\/","title":{"rendered":"O n\u00e1s"},"content":{"rendered":"\n<p>Jsme majitel\u00e9 plnohodnotn\u00e9 autodr\u00e1hy Carrera Digital 132 a testovac\u00edch okruh\u016f pro Carrera Evolution, Carrera Digital 143 a Carrera Go\/Plus\/Start.<\/p>\n\n\n\n<p>Tak\u00e9 m\u00e1me malou firmu na zak\u00e1zkovou v\u00fdrobu kvalitn\u00edch tuningov\u00fdch pneumatik pro autodr\u00e1hov\u00e1 aut\u00ed\u010dka. Prvn\u00ed sada pneumatik spat\u0159ila sv\u011btlo sv\u011bta ji\u017e p\u0159ed \u0161esti lety a byla ur\u010dena pro McLaren M20. A\u010dkoli \u0161lo z hlediska funkce o pom\u011brn\u011b zda\u0159il\u00fd po\u010din &#8211; auto zrychlilo d\u00edky lep\u0161\u00edmu gripu &#8211; technologie v\u00fdroby byla ne\u00fanosn\u011b n\u00e1ro\u010dn\u00e1.<\/p>\n\n\n\n<p>Dal\u0161\u00ed pokus p\u0159i\u0161el na konci roku 2022, kdy jsem pot\u0159eboval na silvestrovsk\u00e9 je\u017ed\u011bn\u00ed &#8222;obout&#8220; m\u00e1 aut\u00ed\u010dka z roku 2008. Vybaven 3D tisk\u00e1rnou a asi p\u011bti r\u016fzn\u00fdmi silikony jsem za\u010dal experimentovat, a\u017e jsem dos\u00e1hl jak slu\u0161n\u00e9 kvality pneumatik, tak i snesiteln\u00e9 v\u00fdrobn\u00ed n\u00e1ro\u010dnosti.<\/p>\n\n\n\n<h2 class=\"wp-block-heading\">V\u00fdroba a Carrera<\/h2>\n\n\n\n<p>Asi ka\u017ed\u00fd majitel autodr\u00e1hy Carrera byl konfrontov\u00e1n se skute\u010dnost\u00ed, \u017ee v podstat\u011b ka\u017ed\u00fd model auta m\u00e1 speci\u00e1ln\u00ed sadu pneumatik. M\u00e1te pak pouze t\u0159i mo\u017enosti. Bu\u010f se\u017eenete origin\u00e1ln\u00ed pneumatiky p\u0159esn\u011b pro v\u00e1\u0161 v\u016fz, nebo jdete cestou pokus \/ omyl a zkou\u0161\u00edte podobn\u00e9 pneumatiky, by\u0165 p\u0159esn\u011b nesed\u00ed. Nebo m\u016f\u017eete zkou\u0161et r\u016fzn\u00e9 dodavatele alternativn\u00edch v\u00fdrobc\u016f, nicm\u00e9n\u011b v\u017edy jde o v\u011bt\u0161\u00ed \u010di men\u0161\u00ed kompromis.<\/p>\n\n\n\n<p>S t\u00edm jsem se necht\u011bl spokojit a rozhodl se vyr\u00e1b\u011bt pneumatiky p\u0159esn\u011b na m\u00edru konkr\u00e9tn\u00edmu typu auta. Proto na\u0161e pneumatiky p\u0159esn\u011b sed\u00ed na r\u00e1fku a maj\u00ed odpov\u00eddaj\u00edc\u00ed pr\u016fm\u011br. \u017d\u00e1dn\u00fd kompromis. Jako bonus si p\u0159ipo\u010dt\u011bte kvalitn\u00ed vysokopevnostn\u00ed silikon se siln\u00fdm gripem a m\u00e1te k dispozici prvot\u0159\u00eddn\u00ed pneumatiku pro va\u0161e auto<\/p>\n\n\n\n<h2 class=\"wp-block-heading\">Produktov\u00e9 \u0159ady pneumatik<\/h2>\n\n\n\n<p>Pneumatiky vyr\u00e1b\u00edme ve t\u0159ech r\u016fzn\u00fdch proveden\u00edch. Nechci \u0159\u00edkat kvalit\u00e1ch, proto\u017ee silikonov\u00fd materi\u00e1l pro v\u00fdrobu je shodn\u00fd, tak\u017ee j\u00edzdn\u00ed vlastnosti pneumatik se neli\u0161\u00ed. <\/p>\n\n\n\n<p>Jin\u00e9 je zpracov\u00e1n\u00ed &#8211; pro \u0159adu Premium plat\u00ed, \u017ee se rozm\u011bry pokud mo\u017eno co nejv\u00edce bl\u00ed\u017e\u00ed origin\u00e1lu, po odlit\u00ed ji\u017e pneumatika neproch\u00e1z\u00ed \u017e\u00e1dn\u00fdm dokon\u010den\u00edm. Na pneumatice mohou b\u00fdt mal\u00e9 ot\u0159epy (lze odstranit jemn\u00fdm brusn\u00fdm pap\u00edrem nebo prost\u00fdm otrh\u00e1n\u00edm), bo\u010dnice pneumatiky je ve struktu\u0159e tiskov\u00e9 formy z 3D tisk\u00e1rny. <\/p>\n\n\n\n<p>\u0158ada Exclusiv rozm\u011bry i j\u00edzdn\u00edmi vlastnostmi odpov\u00edd\u00e1 pneumatik\u00e1m Premium. Po odlit\u00ed ale pneumatiky finalizujeme &#8211; zabrous\u00edme ot\u0159epy, bo\u010dnice jsou vyhlazen\u00e9. V\u00edce vynikne zakulacen\u00ed bo\u010dnic a pneumatika v\u00fdrazn\u011b l\u00e9pe vypad\u00e1. <\/p>\n\n\n\n<p>Posledn\u00ed \u0159adou je Tuning. Tuto \u0159adu nab\u00edz\u00edme p\u0159edev\u0161\u00edm pro auta, kter\u00e1 nemaj\u00ed nastaviteln\u00e9 magnety. Velikost p\u0159\u00edtla\u010dn\u00e9 s\u00edly je v takov\u00e9m p\u0159\u00edpad\u011b mo\u017en\u00e9 zv\u00fd\u0161it bu\u010f pou\u017eit\u00edm kvalitn\u011bj\u0161\u00edch magnet\u016f nebo zmen\u0161en\u00edm pr\u016fm\u011bru pneumatik. T\u00edm auto sed\u00ed n\u00ed\u017ee, magnety maj\u00ed v\u011bt\u0159\u00ed p\u0159\u00edtlak a auto v zat\u00e1\u010dk\u00e1ch l\u00e9pe dr\u017e\u00ed &#8211; jezd\u00edte kola klidn\u011b o t\u0159etinu rychleji&#8230; Cenou za toto zrychlen\u00ed je zv\u00fd\u0161en\u00e9 nam\u00e1h\u00e1n\u00ed motoru, kter\u00fd mus\u00ed &#8222;p\u0159etla\u010dit&#8220; v\u011bt\u0161\u00ed valiv\u00fd odpor pneumatiky. Alespo\u0148 zpo\u010d\u00e1tku pr\u016fb\u011b\u017en\u011b kontrolujte teplotu motoru, aby nedo\u0161lo k jeho sp\u00e1len\u00ed. Tak\u00e9 tuningov\u00e9 pneumatiky p\u0159ed expedic\u00ed finalizujeme. <\/p>\n\n\n\n<h2 class=\"wp-block-heading\">Kde n\u00e1s najdete<\/h2>\n\n\n\n<p><a href=\"https:\/\/www.facebook.com\/profile.php?id=61552543293336&amp;locale=cs_CZ\"><img loading=\"lazy\" decoding=\"async\" width=\"48\" height=\"44\" class=\"wp-image-564\" style=\"width: 48px;\" src=\"https:\/\/slotcarspneu.eu\/wp-content\/uploads\/2023\/11\/Logo_Facebook.jpg\" alt=\"SlotCarsPneu.eu - facebookov\u00fd profil\" srcset=\"https:\/\/slotcarspneu.eu\/wp-content\/uploads\/2023\/11\/Logo_Facebook.jpg 123w, https:\/\/slotcarspneu.eu\/wp-content\/uploads\/2023\/11\/Logo_Facebook-48x44.jpg 48w\" sizes=\"auto, (max-width: 48px) 100vw, 48px\" \/><\/a><\/p>\n","protected":false},"excerpt":{"rendered":"<p>Jsme majitel\u00e9 plnohodnotn\u00e9 autodr\u00e1hy Carrera Digital 132 a testovac\u00edch okruh\u016f pro Carrera Evolution, Carrera Digital 143 a Carrera Go\/Plus\/Start. Tak\u00e9 m\u00e1me malou firmu na zak\u00e1zkovou v\u00fdrobu kvalitn\u00edch tuningov\u00fdch pneumatik pro autodr\u00e1hov\u00e1 aut\u00ed\u010dka. Prvn\u00ed sada pneumatik spat\u0159ila sv\u011btlo sv\u011bta ji\u017e p\u0159ed \u0161esti lety a byla ur\u010dena pro McLaren M20. A\u010dkoli \u0161lo z hlediska funkce o pom\u011brn\u011b &hellip;<\/p>\n<p class=\"read-more\"> <a class=\" thunk-readmore button \" href=\"https:\/\/slotcarspneu.eu\/cs\/o-nas\/\"> <span class=\"screen-reader-text\">O n\u00e1s<\/span>Read More<\/a><\/p>\n","protected":false},"author":1,"featured_media":0,"parent":0,"menu_order":10,"comment_status":"open","ping_status":"closed","template":"","meta":{"footnotes":""},"class_list":["post-126","page","type-page","status-publish","hentry","thunk-woo-product-list","opn-qv-enable","open-woo-hover-zoom","open-single-product-tab-horizontal","open-shadow-","open-shadow-hover-"],"yoast_head":"<!-- This site is optimized with the Yoast SEO plugin v27.0 - https:\/\/yoast.com\/product\/yoast-seo-wordpress\/ -->\n<title>O n\u00e1s - SlotCarsPneu.eu<\/title>\n<meta name=\"description\" content=\"Vyr\u00e1b\u00edme tuningov\u00e9 pneumatiky nejen pro autodr\u00e1hy Carrera. Specializujeme se na star\u0161\u00ed modely, pro kter\u00e9 u\u017e pneumatiky nejsou b\u011b\u017en\u011b na trhu.\" \/>\n<meta name=\"robots\" content=\"index, follow, max-snippet:-1, max-image-preview:large, max-video-preview:-1\" \/>\n<link rel=\"canonical\" href=\"https:\/\/slotcarspneu.eu\/cs\/o-nas\/\" \/>\n<meta property=\"og:locale\" content=\"cs_CZ\" \/>\n<meta property=\"og:type\" content=\"article\" \/>\n<meta property=\"og:title\" content=\"O n\u00e1s - SlotCarsPneu.eu\" \/>\n<meta property=\"og:description\" content=\"Vyr\u00e1b\u00edme tuningov\u00e9 pneumatiky nejen pro autodr\u00e1hy Carrera. Specializujeme se na star\u0161\u00ed modely, pro kter\u00e9 u\u017e pneumatiky nejsou b\u011b\u017en\u011b na trhu.\" \/>\n<meta property=\"og:url\" content=\"https:\/\/slotcarspneu.eu\/cs\/o-nas\/\" \/>\n<meta property=\"og:site_name\" content=\"SlotCarsPneu.eu\" \/>\n<meta property=\"article:publisher\" content=\"https:\/\/www.facebook.com\/profile.php?id=61552543293336\" \/>\n<meta property=\"article:modified_time\" content=\"2023-11-25T12:35:59+00:00\" \/>\n<meta property=\"og:image\" content=\"https:\/\/slotcarspneu.eu\/wp-content\/uploads\/2023\/11\/Logo_Facebook.jpg\" \/>\n<meta name=\"twitter:card\" content=\"summary_large_image\" \/>\n<meta name=\"twitter:site\" content=\"@slotcarspneu\" \/>\n<meta name=\"twitter:label1\" content=\"Odhadovan\u00e1 doba \u010dten\u00ed\" \/>\n\t<meta name=\"twitter:data1\" content=\"3 minuty\" \/>\n<script type=\"application\/ld+json\" class=\"yoast-schema-graph\">{\"@context\":\"https:\/\/schema.org\",\"@graph\":[{\"@type\":\"WebPage\",\"@id\":\"https:\/\/slotcarspneu.eu\/cs\/o-nas\/\",\"url\":\"https:\/\/slotcarspneu.eu\/cs\/o-nas\/\",\"name\":\"O n\u00e1s - SlotCarsPneu.eu\",\"isPartOf\":{\"@id\":\"https:\/\/slotcarspneu.eu\/#website\"},\"primaryImageOfPage\":{\"@id\":\"https:\/\/slotcarspneu.eu\/cs\/o-nas\/#primaryimage\"},\"image\":{\"@id\":\"https:\/\/slotcarspneu.eu\/cs\/o-nas\/#primaryimage\"},\"thumbnailUrl\":\"https:\/\/slotcarspneu.eu\/wp-content\/uploads\/2023\/11\/Logo_Facebook.jpg\",\"datePublished\":\"2023-10-17T11:11:09+00:00\",\"dateModified\":\"2023-11-25T12:35:59+00:00\",\"description\":\"Vyr\u00e1b\u00edme tuningov\u00e9 pneumatiky nejen pro autodr\u00e1hy Carrera. Specializujeme se na star\u0161\u00ed modely, pro kter\u00e9 u\u017e pneumatiky nejsou b\u011b\u017en\u011b na trhu.\",\"breadcrumb\":{\"@id\":\"https:\/\/slotcarspneu.eu\/cs\/o-nas\/#breadcrumb\"},\"inLanguage\":\"cs\",\"potentialAction\":[{\"@type\":\"ReadAction\",\"target\":[\"https:\/\/slotcarspneu.eu\/cs\/o-nas\/\"]}]},{\"@type\":\"ImageObject\",\"inLanguage\":\"cs\",\"@id\":\"https:\/\/slotcarspneu.eu\/cs\/o-nas\/#primaryimage\",\"url\":\"https:\/\/slotcarspneu.eu\/wp-content\/uploads\/2023\/11\/Logo_Facebook.jpg\",\"contentUrl\":\"https:\/\/slotcarspneu.eu\/wp-content\/uploads\/2023\/11\/Logo_Facebook.jpg\"},{\"@type\":\"BreadcrumbList\",\"@id\":\"https:\/\/slotcarspneu.eu\/cs\/o-nas\/#breadcrumb\",\"itemListElement\":[{\"@type\":\"ListItem\",\"position\":1,\"name\":\"Dom\u016f\",\"item\":\"https:\/\/slotcarspneu.eu\/cs\/\"},{\"@type\":\"ListItem\",\"position\":2,\"name\":\"O n\u00e1s\"}]},{\"@type\":\"WebSite\",\"@id\":\"https:\/\/slotcarspneu.eu\/#website\",\"url\":\"https:\/\/slotcarspneu.eu\/\",\"name\":\"SlotCarsPneu.eu\",\"description\":\"Kvalitn\u00ed silikonov\u00e9 pneumatiky pro autodr\u00e1hov\u00e1 aut\u00ed\u010dka\",\"potentialAction\":[{\"@type\":\"SearchAction\",\"target\":{\"@type\":\"EntryPoint\",\"urlTemplate\":\"https:\/\/slotcarspneu.eu\/?s={search_term_string}\"},\"query-input\":{\"@type\":\"PropertyValueSpecification\",\"valueRequired\":true,\"valueName\":\"search_term_string\"}}],\"inLanguage\":\"cs\"}]}<\/script>\n<!-- \/ Yoast SEO plugin. -->","yoast_head_json":{"title":"O n\u00e1s - SlotCarsPneu.eu","description":"Vyr\u00e1b\u00edme tuningov\u00e9 pneumatiky nejen pro autodr\u00e1hy Carrera. Specializujeme se na star\u0161\u00ed modely, pro kter\u00e9 u\u017e pneumatiky nejsou b\u011b\u017en\u011b na trhu.","robots":{"index":"index","follow":"follow","max-snippet":"max-snippet:-1","max-image-preview":"max-image-preview:large","max-video-preview":"max-video-preview:-1"},"canonical":"https:\/\/slotcarspneu.eu\/cs\/o-nas\/","og_locale":"cs_CZ","og_type":"article","og_title":"O n\u00e1s - SlotCarsPneu.eu","og_description":"Vyr\u00e1b\u00edme tuningov\u00e9 pneumatiky nejen pro autodr\u00e1hy Carrera. Specializujeme se na star\u0161\u00ed modely, pro kter\u00e9 u\u017e pneumatiky nejsou b\u011b\u017en\u011b na trhu.","og_url":"https:\/\/slotcarspneu.eu\/cs\/o-nas\/","og_site_name":"SlotCarsPneu.eu","article_publisher":"https:\/\/www.facebook.com\/profile.php?id=61552543293336","article_modified_time":"2023-11-25T12:35:59+00:00","og_image":[{"url":"https:\/\/slotcarspneu.eu\/wp-content\/uploads\/2023\/11\/Logo_Facebook.jpg","type":"","width":"","height":""}],"twitter_card":"summary_large_image","twitter_site":"@slotcarspneu","twitter_misc":{"Odhadovan\u00e1 doba \u010dten\u00ed":"3 minuty"},"schema":{"@context":"https:\/\/schema.org","@graph":[{"@type":"WebPage","@id":"https:\/\/slotcarspneu.eu\/cs\/o-nas\/","url":"https:\/\/slotcarspneu.eu\/cs\/o-nas\/","name":"O n\u00e1s - SlotCarsPneu.eu","isPartOf":{"@id":"https:\/\/slotcarspneu.eu\/#website"},"primaryImageOfPage":{"@id":"https:\/\/slotcarspneu.eu\/cs\/o-nas\/#primaryimage"},"image":{"@id":"https:\/\/slotcarspneu.eu\/cs\/o-nas\/#primaryimage"},"thumbnailUrl":"https:\/\/slotcarspneu.eu\/wp-content\/uploads\/2023\/11\/Logo_Facebook.jpg","datePublished":"2023-10-17T11:11:09+00:00","dateModified":"2023-11-25T12:35:59+00:00","description":"Vyr\u00e1b\u00edme tuningov\u00e9 pneumatiky nejen pro autodr\u00e1hy Carrera. Specializujeme se na star\u0161\u00ed modely, pro kter\u00e9 u\u017e pneumatiky nejsou b\u011b\u017en\u011b na trhu.","breadcrumb":{"@id":"https:\/\/slotcarspneu.eu\/cs\/o-nas\/#breadcrumb"},"inLanguage":"cs","potentialAction":[{"@type":"ReadAction","target":["https:\/\/slotcarspneu.eu\/cs\/o-nas\/"]}]},{"@type":"ImageObject","inLanguage":"cs","@id":"https:\/\/slotcarspneu.eu\/cs\/o-nas\/#primaryimage","url":"https:\/\/slotcarspneu.eu\/wp-content\/uploads\/2023\/11\/Logo_Facebook.jpg","contentUrl":"https:\/\/slotcarspneu.eu\/wp-content\/uploads\/2023\/11\/Logo_Facebook.jpg"},{"@type":"BreadcrumbList","@id":"https:\/\/slotcarspneu.eu\/cs\/o-nas\/#breadcrumb","itemListElement":[{"@type":"ListItem","position":1,"name":"Dom\u016f","item":"https:\/\/slotcarspneu.eu\/cs\/"},{"@type":"ListItem","position":2,"name":"O n\u00e1s"}]},{"@type":"WebSite","@id":"https:\/\/slotcarspneu.eu\/#website","url":"https:\/\/slotcarspneu.eu\/","name":"SlotCarsPneu.eu","description":"Kvalitn\u00ed silikonov\u00e9 pneumatiky pro autodr\u00e1hov\u00e1 aut\u00ed\u010dka","potentialAction":[{"@type":"SearchAction","target":{"@type":"EntryPoint","urlTemplate":"https:\/\/slotcarspneu.eu\/?s={search_term_string}"},"query-input":{"@type":"PropertyValueSpecification","valueRequired":true,"valueName":"search_term_string"}}],"inLanguage":"cs"}]}},"jetpack_sharing_enabled":true,"_links":{"self":[{"href":"https:\/\/slotcarspneu.eu\/cs\/wp-json\/wp\/v2\/pages\/126","targetHints":{"allow":["GET"]}}],"collection":[{"href":"https:\/\/slotcarspneu.eu\/cs\/wp-json\/wp\/v2\/pages"}],"about":[{"href":"https:\/\/slotcarspneu.eu\/cs\/wp-json\/wp\/v2\/types\/page"}],"author":[{"embeddable":true,"href":"https:\/\/slotcarspneu.eu\/cs\/wp-json\/wp\/v2\/users\/1"}],"replies":[{"embeddable":true,"href":"https:\/\/slotcarspneu.eu\/cs\/wp-json\/wp\/v2\/comments?post=126"}],"version-history":[{"count":12,"href":"https:\/\/slotcarspneu.eu\/cs\/wp-json\/wp\/v2\/pages\/126\/revisions"}],"predecessor-version":[{"id":565,"href":"https:\/\/slotcarspneu.eu\/cs\/wp-json\/wp\/v2\/pages\/126\/revisions\/565"}],"wp:attachment":[{"href":"https:\/\/slotcarspneu.eu\/cs\/wp-json\/wp\/v2\/media?parent=126"}],"curies":[{"name":"wp","href":"https:\/\/api.w.org\/{rel}","templated":true}]}}